{"id":1718,"date":"2024-07-30T16:16:01","date_gmt":"2024-07-30T16:16:01","guid":{"rendered":"https:\/\/www.wyomingehdi.org\/descripcion-general-de-ehdi-is\/"},"modified":"2025-02-03T21:38:11","modified_gmt":"2025-02-03T21:38:11","slug":"descripcion-general-de-ehdi-is","status":"publish","type":"page","link":"https:\/\/www.wyomingehdi.org\/es\/descripcion-general-de-ehdi-is\/","title":{"rendered":"Descripci\u00f3n general de EHDI-IS"},"content":{"rendered":"\n<div class=\"wp-block-group is-layout-constrained wp-block-group-is-layout-constrained\">        <!-- Load general styles -->\n                <style>\n            \/*\n            * Classes used by blocks to hide content at device breakpoints.\n            *\/\n            .cgb-container-hide-phone {\n                display: none;\n            }\n\n            \/* Hide on tablet *\/\n            @media (min-width: 48.875rem) {\n                .cgb-container-hide-phone {\n                    display: flex;  \/* Restore from previous display: none; *\/\n                }\n                .cgb-container-hide-tablet {\n                    display: none;\n                }\n            }\n\n            \/* Hide on desktop *\/\n            @media (min-width: 64.000rem) {\n                .cgb-container-hide-phone {\n                    display: flex;  \/* Restore from previous display: none; *\/\n                }\n                .cgb-container-hide-tablet {\n                    display: flex;  \/* Restore from previous display: none; *\/\n                }\n                .cgb-container-hide-desktop {\n                    display: none;\n                }\n            }\n        <\/style>\n    \n        <!-- Load styles specific to this block instance on our page -->\n        <style>\n            \/*\n             * Set mobile and desktop styles.\n             *\/\n            .block_410b1129b1eb8d20a68f9f70a36d981b > .cgb-container-wrapper {\n                                box-sizing: border-box;\n                padding:   ;\n                margin: 0 0 0;\n                min-height: auto;\n                justify-content: middle;\n            }\n\n            @media (min-width: 48.875rem) {\n                .block_410b1129b1eb8d20a68f9f70a36d981b > .cgb-container-wrapper {\n                    padding:   ;\n                    margin: 0 0 0;\n                    min-height: auto;\n                }\n            }\n\n            \/*\n             * Background image override if needed.\n             * If the background image size is the actual image size ('auto') and the viewport becomes\n             * wider than the image then stretch the image to always fill the viewport. Otherwise, the\n             * image will not display full width in larger viewports. The section id ensures this is\n             * specific to THIS particular block instance.\n             *\/\n            \n            \/*\n             * Set values for direct descendant container. The container may contain\n             * other containers you know.\n             *\/\n            .block_410b1129b1eb8d20a68f9f70a36d981b > .cgb-container-wrapper > .cgb-container {\n                max-width: 80.000rem;\n            }\n        <\/style>\n\n        <section id=\"\"\n            class=\"cgb-container-block cgb-acf-block block_410b1129b1eb8d20a68f9f70a36d981b \">\n\n            <div class=\"cgb-container-wrapper\">\n\n                <div class=\"cgb-container\">\n                                        \n\n<div style=\"height:100px\" aria-hidden=\"true\" class=\"wp-block-spacer\"><\/div>\n\n\n\n<h1 class=\"wp-block-heading\">Descripci\u00f3n general de EHDI-IS<\/h1>\n\n\n\n<figure class=\"wp-block-image size-large\"><img loading=\"lazy\" decoding=\"async\" width=\"800\" height=\"382\" src=\"https:\/\/www.wyomingehdi.org\/wp-content\/uploads\/2024\/12\/EHDI-IS_logo-800x382.png\" alt=\"Imagen de una matr&#xED;cula de Wyoming con &quot;EHDI-IS&quot; escrito en la matr&#xED;cula.\" class=\"wp-image-1689\" srcset=\"https:\/\/www.wyomingehdi.org\/wp-content\/uploads\/2024\/12\/EHDI-IS_logo-800x382.png 800w, https:\/\/www.wyomingehdi.org\/wp-content\/uploads\/2024\/12\/EHDI-IS_logo-428x204.png 428w, https:\/\/www.wyomingehdi.org\/wp-content\/uploads\/2024\/12\/EHDI-IS_logo-880x420.png 880w, https:\/\/www.wyomingehdi.org\/wp-content\/uploads\/2024\/12\/EHDI-IS_logo-720x344.png 720w, https:\/\/www.wyomingehdi.org\/wp-content\/uploads\/2024\/12\/EHDI-IS_logo-1536x733.png 1536w, https:\/\/www.wyomingehdi.org\/wp-content\/uploads\/2024\/12\/EHDI-IS_logo-2048x978.png 2048w, https:\/\/www.wyomingehdi.org\/wp-content\/uploads\/2024\/12\/EHDI-IS_logo-576x275.png 576w, https:\/\/www.wyomingehdi.org\/wp-content\/uploads\/2024\/12\/EHDI-IS_logo-768x367.png 768w, https:\/\/www.wyomingehdi.org\/wp-content\/uploads\/2024\/12\/EHDI-IS_logo-1024x489.png 1024w, https:\/\/www.wyomingehdi.org\/wp-content\/uploads\/2024\/12\/EHDI-IS_logo-1920x917.png 1920w\" sizes=\"auto, (max-width: 800px) 100vw, 800px\" \/><\/figure>\n\n\n\n<h2 class=\"wp-block-heading\">El EHDI-IS de Wyoming<\/h2>\n\n\n\n<p>El Sistema de Informaci\u00f3n EHDI de Wyoming (EHDI-IS) es una base de datos que contiene los resultados de las pruebas de audici\u00f3n y visi\u00f3n e informaci\u00f3n de seguimiento para los ni\u00f1os de Wyoming. Su prop\u00f3sito es garantizar que todos los ni\u00f1os de Wyoming con p\u00e9rdida auditiva y\/o discapacidad visual sean identificados lo antes posible y se les brinde un tratamiento oportuno y adecuado para que se desarrollen a su m\u00e1ximo potencial.<\/p>\n\n\n\n<p>El EHDI-IS de Wyoming est\u00e1 disponible para proveedores de intervenci\u00f3n temprana, audi\u00f3logos, m\u00e9dicos y otros profesionales apropiados que brindan servicios a los ni\u00f1os de Wyoming. Ofrece herramientas de gesti\u00f3n \u00fatiles para los proveedores de servicios pedi\u00e1tricos de Wyoming.<\/p>\n\n\n\n<h3 class=\"wp-block-heading\"><strong>\u00bfQu\u00e9 incluye el EHDI-IS de Wyoming?<\/strong><\/h3>\n\n\n\n<p>El EHDI de Wyoming \u2013 IS contiene registros de lo siguiente:<\/p>\n\n\n\n<ol class=\"wp-block-list\">\n<li>Resultados de las pruebas de audici\u00f3n en reci\u00e9n nacidos<\/li>\n\n\n\n<li>Factores de riesgo presentes al nacer que pueden estar relacionados con la p\u00e9rdida auditiva de inicio tard\u00edo<\/li>\n\n\n\n<li>Resultados peri\u00f3dicos de la audici\u00f3n y las pruebas de detecci\u00f3n en la infancia<\/li>\n\n\n\n<li>Seguimiento y resultados audiol\u00f3gicos y de derivaci\u00f3n m\u00e9dica<\/li>\n<\/ol>\n\n\n\n<p>El EHDI-IS de Wyoming tambi\u00e9n contiene los resultados de los ex\u00e1menes de la vista, as\u00ed como el seguimiento y la derivaci\u00f3n basados en estos resultados.<\/p>\n\n\n\n<h3 class=\"wp-block-heading\">Las tres funciones clave principales del EHDI-IS de Wyoming<\/h3>\n\n\n\n<ol class=\"wp-block-list\">\n<li>Informe de los resultados de los ex\u00e1menes de audici\u00f3n y visi\u00f3n<\/li>\n\n\n\n<li>Notificaci\u00f3n de un seguimiento oportuno y adecuado basado en los resultados de las pruebas de detecci\u00f3n<\/li>\n\n\n\n<li>Informe sobre la efectividad del tratamiento de intervenci\u00f3n en ni\u00f1os identificados con p\u00e9rdida auditiva<\/li>\n<\/ol>\n\n\n\n<div style=\"height:100px\" aria-hidden=\"true\" class=\"wp-block-spacer\"><\/div>\n\n\n                <\/div>\n\n            <\/div>\n\n        <\/section>\n\n    <\/div>\n","protected":false},"excerpt":{"rendered":"<p>Descripci\u00f3n general de EHDI-IS El EHDI-IS de Wyoming El Sistema de Informaci\u00f3n EHDI de Wyoming (EHDI-IS) es una base de datos que contiene los resultados de las pruebas de audici\u00f3n y visi\u00f3n e informaci\u00f3n de seguimiento para los ni\u00f1os de Wyoming. Su prop\u00f3sito es garantizar que todos los ni\u00f1os de Wyoming con p\u00e9rdida auditiva y\/o&hellip;<\/p>\n","protected":false},"author":2,"featured_media":0,"parent":0,"menu_order":0,"comment_status":"closed","ping_status":"closed","template":"","meta":{"_acf_changed":false,"_monsterinsights_skip_tracking":false,"_monsterinsights_sitenote_active":false,"_monsterinsights_sitenote_note":"","_monsterinsights_sitenote_category":0,"footnotes":""},"class_list":["post-1718","page","type-page","status-publish","hentry"],"acf":[],"yoast_head":"<!-- This site is optimized with the Yoast SEO plugin v27.4 - https:\/\/yoast.com\/product\/yoast-seo-wordpress\/ -->\n<title>Descripci\u00f3n general de EHDI-IS - Wyoming EHDI<\/title>\n<meta name=\"robots\" content=\"index, follow, max-snippet:-1, max-image-preview:large, max-video-preview:-1\" \/>\n<link rel=\"canonical\" href=\"https:\/\/www.wyomingehdi.org\/es\/descripcion-general-de-ehdi-is\/\" \/>\n<meta property=\"og:locale\" content=\"es_ES\" \/>\n<meta property=\"og:type\" content=\"article\" \/>\n<meta property=\"og:title\" content=\"Descripci\u00f3n general de EHDI-IS - Wyoming EHDI\" \/>\n<meta property=\"og:description\" content=\"Descripci\u00f3n general de EHDI-IS El EHDI-IS de Wyoming El Sistema de Informaci\u00f3n EHDI de Wyoming (EHDI-IS) es una base de datos que contiene los resultados de las pruebas de audici\u00f3n y visi\u00f3n e informaci\u00f3n de seguimiento para los ni\u00f1os de Wyoming. Su prop\u00f3sito es garantizar que todos los ni\u00f1os de Wyoming con p\u00e9rdida auditiva y\/o&hellip;\" \/>\n<meta property=\"og:url\" content=\"https:\/\/www.wyomingehdi.org\/es\/descripcion-general-de-ehdi-is\/\" \/>\n<meta property=\"og:site_name\" content=\"Wyoming EHDI\" \/>\n<meta property=\"article:modified_time\" content=\"2025-02-03T21:38:11+00:00\" \/>\n<meta property=\"og:image\" content=\"https:\/\/www.wyomingehdi.org\/wp-content\/uploads\/2024\/12\/EHDI-IS_logo.png\" \/>\n\t<meta property=\"og:image:width\" content=\"2404\" \/>\n\t<meta property=\"og:image:height\" content=\"1148\" \/>\n\t<meta property=\"og:image:type\" content=\"image\/png\" \/>\n<meta name=\"twitter:card\" content=\"summary_large_image\" \/>\n<meta name=\"twitter:label1\" content=\"Tiempo de lectura\" \/>\n\t<meta name=\"twitter:data1\" content=\"1 minuto\" \/>\n<script type=\"application\/ld+json\" class=\"yoast-schema-graph\">{\"@context\":\"https:\\\/\\\/schema.org\",\"@graph\":[{\"@type\":\"WebPage\",\"@id\":\"https:\\\/\\\/www.wyomingehdi.org\\\/es\\\/descripcion-general-de-ehdi-is\\\/\",\"url\":\"https:\\\/\\\/www.wyomingehdi.org\\\/es\\\/descripcion-general-de-ehdi-is\\\/\",\"name\":\"Descripci\u00f3n general de EHDI-IS - Wyoming EHDI\",\"isPartOf\":{\"@id\":\"https:\\\/\\\/www.wyomingehdi.org\\\/es\\\/#website\"},\"primaryImageOfPage\":{\"@id\":\"https:\\\/\\\/www.wyomingehdi.org\\\/es\\\/descripcion-general-de-ehdi-is\\\/#primaryimage\"},\"image\":{\"@id\":\"https:\\\/\\\/www.wyomingehdi.org\\\/es\\\/descripcion-general-de-ehdi-is\\\/#primaryimage\"},\"thumbnailUrl\":\"https:\\\/\\\/www.wyomingehdi.org\\\/wp-content\\\/uploads\\\/2024\\\/12\\\/EHDI-IS_logo-800x382.png\",\"datePublished\":\"2024-07-30T16:16:01+00:00\",\"dateModified\":\"2025-02-03T21:38:11+00:00\",\"breadcrumb\":{\"@id\":\"https:\\\/\\\/www.wyomingehdi.org\\\/es\\\/descripcion-general-de-ehdi-is\\\/#breadcrumb\"},\"inLanguage\":\"es\",\"potentialAction\":[{\"@type\":\"ReadAction\",\"target\":[\"https:\\\/\\\/www.wyomingehdi.org\\\/es\\\/descripcion-general-de-ehdi-is\\\/\"]}]},{\"@type\":\"ImageObject\",\"inLanguage\":\"es\",\"@id\":\"https:\\\/\\\/www.wyomingehdi.org\\\/es\\\/descripcion-general-de-ehdi-is\\\/#primaryimage\",\"url\":\"https:\\\/\\\/www.wyomingehdi.org\\\/wp-content\\\/uploads\\\/2024\\\/12\\\/EHDI-IS_logo-800x382.png\",\"contentUrl\":\"https:\\\/\\\/www.wyomingehdi.org\\\/wp-content\\\/uploads\\\/2024\\\/12\\\/EHDI-IS_logo-800x382.png\"},{\"@type\":\"BreadcrumbList\",\"@id\":\"https:\\\/\\\/www.wyomingehdi.org\\\/es\\\/descripcion-general-de-ehdi-is\\\/#breadcrumb\",\"itemListElement\":[{\"@type\":\"ListItem\",\"position\":1,\"name\":\"Home\",\"item\":\"https:\\\/\\\/www.wyomingehdi.org\\\/es\\\/\"},{\"@type\":\"ListItem\",\"position\":2,\"name\":\"Descripci\u00f3n general de EHDI-IS\"}]},{\"@type\":\"WebSite\",\"@id\":\"https:\\\/\\\/www.wyomingehdi.org\\\/es\\\/#website\",\"url\":\"https:\\\/\\\/www.wyomingehdi.org\\\/es\\\/\",\"name\":\"Wyoming EHDI\",\"description\":\"Wyoming Early Hearing Detection &amp; Intervention\",\"publisher\":{\"@id\":\"https:\\\/\\\/www.wyomingehdi.org\\\/es\\\/#organization\"},\"potentialAction\":[{\"@type\":\"SearchAction\",\"target\":{\"@type\":\"EntryPoint\",\"urlTemplate\":\"https:\\\/\\\/www.wyomingehdi.org\\\/es\\\/search\\\/{search_term_string}\"},\"query-input\":{\"@type\":\"PropertyValueSpecification\",\"valueRequired\":true,\"valueName\":\"search_term_string\"}}],\"inLanguage\":\"es\"},{\"@type\":\"Organization\",\"@id\":\"https:\\\/\\\/www.wyomingehdi.org\\\/es\\\/#organization\",\"name\":\"Wyoming EHDI\",\"url\":\"https:\\\/\\\/www.wyomingehdi.org\\\/es\\\/\",\"logo\":{\"@type\":\"ImageObject\",\"inLanguage\":\"es\",\"@id\":\"https:\\\/\\\/www.wyomingehdi.org\\\/es\\\/#\\\/schema\\\/logo\\\/image\\\/\",\"url\":\"https:\\\/\\\/www.wyomingehdi.org\\\/wp-content\\\/uploads\\\/2024\\\/07\\\/ehdi-wyoming-logo.svg\",\"contentUrl\":\"https:\\\/\\\/www.wyomingehdi.org\\\/wp-content\\\/uploads\\\/2024\\\/07\\\/ehdi-wyoming-logo.svg\",\"width\":241,\"height\":28,\"caption\":\"Wyoming EHDI\"},\"image\":{\"@id\":\"https:\\\/\\\/www.wyomingehdi.org\\\/es\\\/#\\\/schema\\\/logo\\\/image\\\/\"}}]}<\/script>\n<!-- \/ Yoast SEO plugin. -->","yoast_head_json":{"title":"Descripci\u00f3n general de EHDI-IS - Wyoming EHDI","robots":{"index":"index","follow":"follow","max-snippet":"max-snippet:-1","max-image-preview":"max-image-preview:large","max-video-preview":"max-video-preview:-1"},"canonical":"https:\/\/www.wyomingehdi.org\/es\/descripcion-general-de-ehdi-is\/","og_locale":"es_ES","og_type":"article","og_title":"Descripci\u00f3n general de EHDI-IS - Wyoming EHDI","og_description":"Descripci\u00f3n general de EHDI-IS El EHDI-IS de Wyoming El Sistema de Informaci\u00f3n EHDI de Wyoming (EHDI-IS) es una base de datos que contiene los resultados de las pruebas de audici\u00f3n y visi\u00f3n e informaci\u00f3n de seguimiento para los ni\u00f1os de Wyoming. Su prop\u00f3sito es garantizar que todos los ni\u00f1os de Wyoming con p\u00e9rdida auditiva y\/o&hellip;","og_url":"https:\/\/www.wyomingehdi.org\/es\/descripcion-general-de-ehdi-is\/","og_site_name":"Wyoming EHDI","article_modified_time":"2025-02-03T21:38:11+00:00","og_image":[{"width":2404,"height":1148,"url":"https:\/\/www.wyomingehdi.org\/wp-content\/uploads\/2024\/12\/EHDI-IS_logo.png","type":"image\/png"}],"twitter_card":"summary_large_image","twitter_misc":{"Tiempo de lectura":"1 minuto"},"schema":{"@context":"https:\/\/schema.org","@graph":[{"@type":"WebPage","@id":"https:\/\/www.wyomingehdi.org\/es\/descripcion-general-de-ehdi-is\/","url":"https:\/\/www.wyomingehdi.org\/es\/descripcion-general-de-ehdi-is\/","name":"Descripci\u00f3n general de EHDI-IS - Wyoming EHDI","isPartOf":{"@id":"https:\/\/www.wyomingehdi.org\/es\/#website"},"primaryImageOfPage":{"@id":"https:\/\/www.wyomingehdi.org\/es\/descripcion-general-de-ehdi-is\/#primaryimage"},"image":{"@id":"https:\/\/www.wyomingehdi.org\/es\/descripcion-general-de-ehdi-is\/#primaryimage"},"thumbnailUrl":"https:\/\/www.wyomingehdi.org\/wp-content\/uploads\/2024\/12\/EHDI-IS_logo-800x382.png","datePublished":"2024-07-30T16:16:01+00:00","dateModified":"2025-02-03T21:38:11+00:00","breadcrumb":{"@id":"https:\/\/www.wyomingehdi.org\/es\/descripcion-general-de-ehdi-is\/#breadcrumb"},"inLanguage":"es","potentialAction":[{"@type":"ReadAction","target":["https:\/\/www.wyomingehdi.org\/es\/descripcion-general-de-ehdi-is\/"]}]},{"@type":"ImageObject","inLanguage":"es","@id":"https:\/\/www.wyomingehdi.org\/es\/descripcion-general-de-ehdi-is\/#primaryimage","url":"https:\/\/www.wyomingehdi.org\/wp-content\/uploads\/2024\/12\/EHDI-IS_logo-800x382.png","contentUrl":"https:\/\/www.wyomingehdi.org\/wp-content\/uploads\/2024\/12\/EHDI-IS_logo-800x382.png"},{"@type":"BreadcrumbList","@id":"https:\/\/www.wyomingehdi.org\/es\/descripcion-general-de-ehdi-is\/#breadcrumb","itemListElement":[{"@type":"ListItem","position":1,"name":"Home","item":"https:\/\/www.wyomingehdi.org\/es\/"},{"@type":"ListItem","position":2,"name":"Descripci\u00f3n general de EHDI-IS"}]},{"@type":"WebSite","@id":"https:\/\/www.wyomingehdi.org\/es\/#website","url":"https:\/\/www.wyomingehdi.org\/es\/","name":"Wyoming EHDI","description":"Wyoming Early Hearing Detection &amp; Intervention","publisher":{"@id":"https:\/\/www.wyomingehdi.org\/es\/#organization"},"potentialAction":[{"@type":"SearchAction","target":{"@type":"EntryPoint","urlTemplate":"https:\/\/www.wyomingehdi.org\/es\/search\/{search_term_string}"},"query-input":{"@type":"PropertyValueSpecification","valueRequired":true,"valueName":"search_term_string"}}],"inLanguage":"es"},{"@type":"Organization","@id":"https:\/\/www.wyomingehdi.org\/es\/#organization","name":"Wyoming EHDI","url":"https:\/\/www.wyomingehdi.org\/es\/","logo":{"@type":"ImageObject","inLanguage":"es","@id":"https:\/\/www.wyomingehdi.org\/es\/#\/schema\/logo\/image\/","url":"https:\/\/www.wyomingehdi.org\/wp-content\/uploads\/2024\/07\/ehdi-wyoming-logo.svg","contentUrl":"https:\/\/www.wyomingehdi.org\/wp-content\/uploads\/2024\/07\/ehdi-wyoming-logo.svg","width":241,"height":28,"caption":"Wyoming EHDI"},"image":{"@id":"https:\/\/www.wyomingehdi.org\/es\/#\/schema\/logo\/image\/"}}]}},"_links":{"self":[{"href":"https:\/\/www.wyomingehdi.org\/es\/wp-json\/wp\/v2\/pages\/1718","targetHints":{"allow":["GET"]}}],"collection":[{"href":"https:\/\/www.wyomingehdi.org\/es\/wp-json\/wp\/v2\/pages"}],"about":[{"href":"https:\/\/www.wyomingehdi.org\/es\/wp-json\/wp\/v2\/types\/page"}],"author":[{"embeddable":true,"href":"https:\/\/www.wyomingehdi.org\/es\/wp-json\/wp\/v2\/users\/2"}],"replies":[{"embeddable":true,"href":"https:\/\/www.wyomingehdi.org\/es\/wp-json\/wp\/v2\/comments?post=1718"}],"version-history":[{"count":0,"href":"https:\/\/www.wyomingehdi.org\/es\/wp-json\/wp\/v2\/pages\/1718\/revisions"}],"wp:attachment":[{"href":"https:\/\/www.wyomingehdi.org\/es\/wp-json\/wp\/v2\/media?parent=1718"}],"curies":[{"name":"wp","href":"https:\/\/api.w.org\/{rel}","templated":true}]}}