{"id":1729,"date":"2024-12-17T21:10:36","date_gmt":"2024-12-17T21:10:36","guid":{"rendered":"https:\/\/www.wyomingehdi.org\/enfermeria-de-salud-publica-wic\/"},"modified":"2025-01-09T17:27:54","modified_gmt":"2025-01-09T17:27:54","slug":"enfermeria-de-salud-publica-wic","status":"publish","type":"page","link":"https:\/\/www.wyomingehdi.org\/es\/enfermeria-de-salud-publica-wic\/","title":{"rendered":"Enfermer\u00eda de Salud P\u00fablica\/WIC"},"content":{"rendered":"        <!-- Load general styles -->\n                <style>\n            \/*\n            * Classes used by blocks to hide content at device breakpoints.\n            *\/\n            .cgb-container-hide-phone {\n                display: none;\n            }\n\n            \/* Hide on tablet *\/\n            @media (min-width: 48.875rem) {\n                .cgb-container-hide-phone {\n                    display: flex;  \/* Restore from previous display: none; *\/\n                }\n                .cgb-container-hide-tablet {\n                    display: none;\n                }\n            }\n\n            \/* Hide on desktop *\/\n            @media (min-width: 64.000rem) {\n                .cgb-container-hide-phone {\n                    display: flex;  \/* Restore from previous display: none; *\/\n                }\n                .cgb-container-hide-tablet {\n                    display: flex;  \/* Restore from previous display: none; *\/\n                }\n                .cgb-container-hide-desktop {\n                    display: none;\n                }\n            }\n        <\/style>\n    \n        <!-- Load styles specific to this block instance on our page -->\n        <style>\n            \/*\n             * Set mobile and desktop styles.\n             *\/\n            .block_8e75e6e958e6f9441727f448740e98d2 > .cgb-container-wrapper {\n                                box-sizing: border-box;\n                padding: 0 0 0;\n                margin: 0 0 0;\n                min-height: auto;\n                justify-content: flex-start;\n            }\n\n            @media (min-width: 48.875rem) {\n                .block_8e75e6e958e6f9441727f448740e98d2 > .cgb-container-wrapper {\n                    padding: 5.000rem 2.500rem 2.500rem;\n                    margin: 0 0 0;\n                    min-height: auto;\n                }\n            }\n\n            \/*\n             * Background image override if needed.\n             * If the background image size is the actual image size ('auto') and the viewport becomes\n             * wider than the image then stretch the image to always fill the viewport. Otherwise, the\n             * image will not display full width in larger viewports. The section id ensures this is\n             * specific to THIS particular block instance.\n             *\/\n            \n            \/*\n             * Set values for direct descendant container. The container may contain\n             * other containers you know.\n             *\/\n            .block_8e75e6e958e6f9441727f448740e98d2 > .cgb-container-wrapper > .cgb-container {\n                max-width: 55.000rem;\n            }\n        <\/style>\n\n        <section id=\"\"\n            class=\"cgb-container-block cgb-acf-block block_8e75e6e958e6f9441727f448740e98d2 \">\n\n            <div class=\"cgb-container-wrapper\">\n\n                <div class=\"cgb-container\">\n                                        \n\n<h1 class=\"wp-block-heading\">Enfermer\u00eda de Salud P\u00fablica\/WIC<\/h1>\n\n\n\n<h2 class=\"wp-block-heading\" style=\"padding-top:0;padding-right:0;padding-bottom:0;padding-left:0\">Recursos para la Salud P\u00fablica  <\/h2>\n\n\n\n<p><a href=\"https:\/\/www.wyomingehdi.org\/wp-content\/uploads\/2024\/10\/Hearing-Health-Information.pdf\">Folleto informativo sobre la salud auditiva<\/a><\/p>\n\n\n\n<p><a href=\"https:\/\/www.wyomingehdi.org\/wp-content\/uploads\/2024\/11\/Pediatric-Audiometric-Diagnostic-Guidelines-2012.pdf\">Pautas diagn\u00f3sticas audiom\u00e9tricas pedi\u00e1tricas<\/a><\/p>\n\n\n                <\/div>\n\n            <\/div>\n\n        <\/section>\n\n    \n\n        <!-- Load general styles -->\n                <style>\n            \/*\n            * Classes used by blocks to hide content at device breakpoints.\n            *\/\n            .cgb-container-hide-phone {\n                display: none;\n            }\n\n            \/* Hide on tablet *\/\n            @media (min-width: 48.875rem) {\n                .cgb-container-hide-phone {\n                    display: flex;  \/* Restore from previous display: none; *\/\n                }\n                .cgb-container-hide-tablet {\n                    display: none;\n                }\n            }\n\n            \/* Hide on desktop *\/\n            @media (min-width: 64.000rem) {\n                .cgb-container-hide-phone {\n                    display: flex;  \/* Restore from previous display: none; *\/\n                }\n                .cgb-container-hide-tablet {\n                    display: flex;  \/* Restore from previous display: none; *\/\n                }\n                .cgb-container-hide-desktop {\n                    display: none;\n                }\n            }\n        <\/style>\n    \n        <!-- Load styles specific to this block instance on our page -->\n        <style>\n            \/*\n             * Set mobile and desktop styles.\n             *\/\n            .block_08445d0bd7b2493861cb734d9de73097 > .cgb-container-wrapper {\n                background: #c6eadf !important;                box-sizing: border-box;\n                padding: 3.750rem 1.875rem 3.750rem;\n                margin: 0 0 0;\n                min-height: auto;\n                justify-content: center;\n            }\n\n            @media (min-width: 48.875rem) {\n                .block_08445d0bd7b2493861cb734d9de73097 > .cgb-container-wrapper {\n                    padding: 1.250rem 3.750rem 1.250rem;\n                    margin: 0 0 0;\n                    min-height: auto;\n                }\n            }\n\n            \/*\n             * Background image override if needed.\n             * If the background image size is the actual image size ('auto') and the viewport becomes\n             * wider than the image then stretch the image to always fill the viewport. Otherwise, the\n             * image will not display full width in larger viewports. The section id ensures this is\n             * specific to THIS particular block instance.\n             *\/\n            \n            \/*\n             * Set values for direct descendant container. The container may contain\n             * other containers you know.\n             *\/\n            .block_08445d0bd7b2493861cb734d9de73097 > .cgb-container-wrapper > .cgb-container {\n                max-width: 80.000rem;\n            }\n        <\/style>\n\n        <section id=\"\"\n            class=\"cgb-container-block cgb-acf-block block_08445d0bd7b2493861cb734d9de73097 \">\n\n            <div class=\"cgb-container-wrapper\">\n\n                <div class=\"cgb-container\">\n                                        \n\n<div class=\"wp-block-group has-transparent-background-color has-background is-layout-constrained wp-block-group-is-layout-constrained\">\n<h2 class=\"wp-block-heading has-text-align-left\">Recursos adicionales sobre la audici\u00f3n<\/h2>\n\n\n\n<ul class=\"wp-block-list\">\n<li class=\"has-headings-color has-text-color has-link-color wp-elements-e848ff75613d34b9a9d6c52653d77559\" style=\"padding-bottom:var(--wp--preset--spacing--50)\"><a href=\"https:\/\/www.wyomingehdi.org\/wp-content\/uploads\/2024\/10\/An-Example-of-the-Ability-of-the-Brain-.pdf\">Un ejemplo de la capacidad del cerebro para escuchar el habla con una p\u00e9rdida auditiva<\/a><\/li>\n\n\n\n<li class=\"has-headings-color has-text-color has-link-color wp-elements-ce13a81a6dc932397441be8ab1d20a12\" style=\"padding-bottom:var(--wp--preset--spacing--50)\"><a href=\"https:\/\/www.wyomingehdi.org\/wp-content\/uploads\/2024\/10\/Newborn-Hearing-Screening-Brochure-English.pdf\">Folleto informativo: Pruebas de audici\u00f3n para reci\u00e9n nacidos (ingl\u00e9s)<\/a><\/li>\n\n\n\n<li class=\"has-headings-color has-text-color has-link-color wp-elements-69579553a783aa3580eeaeaa585d7141\" style=\"padding-bottom:var(--wp--preset--spacing--50)\"><a href=\"https:\/\/www.wyomingehdi.org\/wp-content\/uploads\/2024\/10\/Newborn-Hearing-Screening-Brochure-Spanish.pdf\">Folleto Informativo: Pruebas de Audici\u00f3n para Reci\u00e9n Nacidos (Espa\u00f1ol)<\/a><\/li>\n\n\n\n<li class=\"has-headings-color has-text-color has-link-color wp-elements-ef15a85e4323acd857eb042eaadd1fac\" style=\"padding-bottom:var(--wp--preset--spacing--50)\"><a href=\"https:\/\/www.wyomingehdi.org\/wp-content\/uploads\/2024\/10\/Effects-of-Hearing-Loss-on-Development.pdf\">Efectos de la p\u00e9rdida auditiva en el desarrollo<\/a><\/li>\n\n\n\n<li class=\"has-headings-color has-text-color has-link-color wp-elements-929b390cdaefca07e37288e0d6c2258c\" style=\"padding-bottom:var(--wp--preset--spacing--50)\"><a href=\"https:\/\/www.wyomingehdi.org\/wp-content\/uploads\/2024\/10\/Pervasive-Effects-of-Childhood-Hearing-Loss-1.pdf\">Efectos generalizados de la p\u00e9rdida auditiva infantil<\/a><\/li>\n\n\n\n<li class=\"has-headings-color has-text-color has-link-color wp-elements-7a959b2ca30c7a5da80a6c2749be1fc7\" style=\"padding-bottom:var(--wp--preset--spacing--50)\"><a href=\"https:\/\/www.wyomingehdi.org\/wp-content\/uploads\/2024\/10\/Relationship-of-Hearing-Loss-to-Listening-and-Learning-Needs-2017-6.pdf\">Relaci\u00f3n de la p\u00e9rdida auditiva con las necesidades auditivas y de aprendizaje (v2017)<\/a><\/li>\n\n\n\n<li class=\"has-headings-color has-text-color has-link-color wp-elements-edd5b5a3ee97d85e84f18d0df1185eed\" style=\"padding-bottom:var(--wp--preset--spacing--50)\"><a href=\"https:\/\/www.wyomingehdi.org\/wp-content\/uploads\/2024\/10\/SUGGESTIONS-FOR-SPEECH-AND-LANGUAGE-DEVELOPMENT.pdf\">Sugerencias para el desarrollo del habla y el lenguaje<\/a><\/li>\n<\/ul>\n<\/div>\n\n\n                <\/div>\n\n            <\/div>\n\n        <\/section>\n\n    ","protected":false},"excerpt":{"rendered":"<p>Enfermer\u00eda de Salud P\u00fablica\/WIC Recursos para la Salud P\u00fablica Folleto informativo sobre la salud auditiva Pautas diagn\u00f3sticas audiom\u00e9tricas pedi\u00e1tricas<\/p>\n","protected":false},"author":2,"featured_media":0,"parent":0,"menu_order":0,"comment_status":"closed","ping_status":"closed","template":"","meta":{"_acf_changed":false,"_monsterinsights_skip_tracking":false,"_monsterinsights_sitenote_active":false,"_monsterinsights_sitenote_note":"","_monsterinsights_sitenote_category":0,"footnotes":""},"class_list":["post-1729","page","type-page","status-publish","hentry"],"acf":[],"yoast_head":"<!-- This site is optimized with the Yoast SEO plugin v27.3 - https:\/\/yoast.com\/product\/yoast-seo-wordpress\/ -->\n<title>Enfermer\u00eda de Salud P\u00fablica\/WIC - Wyoming EHDI<\/title>\n<meta name=\"robots\" content=\"index, follow, max-snippet:-1, max-image-preview:large, max-video-preview:-1\" \/>\n<link rel=\"canonical\" href=\"https:\/\/www.wyomingehdi.org\/es\/enfermeria-de-salud-publica-wic\/\" \/>\n<meta property=\"og:locale\" content=\"es_ES\" \/>\n<meta property=\"og:type\" content=\"article\" \/>\n<meta property=\"og:title\" content=\"Enfermer\u00eda de Salud P\u00fablica\/WIC - Wyoming EHDI\" \/>\n<meta property=\"og:description\" content=\"Enfermer\u00eda de Salud P\u00fablica\/WIC Recursos para la Salud P\u00fablica Folleto informativo sobre la salud auditiva Pautas diagn\u00f3sticas audiom\u00e9tricas pedi\u00e1tricas\" \/>\n<meta property=\"og:url\" content=\"https:\/\/www.wyomingehdi.org\/es\/enfermeria-de-salud-publica-wic\/\" \/>\n<meta property=\"og:site_name\" content=\"Wyoming EHDI\" \/>\n<meta property=\"article:modified_time\" content=\"2025-01-09T17:27:54+00:00\" \/>\n<meta name=\"twitter:card\" content=\"summary_large_image\" \/>\n<meta name=\"twitter:label1\" content=\"Tiempo de lectura\" \/>\n\t<meta name=\"twitter:data1\" content=\"1 minuto\" \/>\n<script type=\"application\/ld+json\" class=\"yoast-schema-graph\">{\"@context\":\"https:\\\/\\\/schema.org\",\"@graph\":[{\"@type\":\"WebPage\",\"@id\":\"https:\\\/\\\/www.wyomingehdi.org\\\/es\\\/enfermeria-de-salud-publica-wic\\\/\",\"url\":\"https:\\\/\\\/www.wyomingehdi.org\\\/es\\\/enfermeria-de-salud-publica-wic\\\/\",\"name\":\"Enfermer\u00eda de Salud P\u00fablica\\\/WIC - Wyoming EHDI\",\"isPartOf\":{\"@id\":\"https:\\\/\\\/www.wyomingehdi.org\\\/es\\\/#website\"},\"datePublished\":\"2024-12-17T21:10:36+00:00\",\"dateModified\":\"2025-01-09T17:27:54+00:00\",\"breadcrumb\":{\"@id\":\"https:\\\/\\\/www.wyomingehdi.org\\\/es\\\/enfermeria-de-salud-publica-wic\\\/#breadcrumb\"},\"inLanguage\":\"es\",\"potentialAction\":[{\"@type\":\"ReadAction\",\"target\":[\"https:\\\/\\\/www.wyomingehdi.org\\\/es\\\/enfermeria-de-salud-publica-wic\\\/\"]}]},{\"@type\":\"BreadcrumbList\",\"@id\":\"https:\\\/\\\/www.wyomingehdi.org\\\/es\\\/enfermeria-de-salud-publica-wic\\\/#breadcrumb\",\"itemListElement\":[{\"@type\":\"ListItem\",\"position\":1,\"name\":\"Home\",\"item\":\"https:\\\/\\\/www.wyomingehdi.org\\\/es\\\/\"},{\"@type\":\"ListItem\",\"position\":2,\"name\":\"Enfermer\u00eda de Salud P\u00fablica\\\/WIC\"}]},{\"@type\":\"WebSite\",\"@id\":\"https:\\\/\\\/www.wyomingehdi.org\\\/es\\\/#website\",\"url\":\"https:\\\/\\\/www.wyomingehdi.org\\\/es\\\/\",\"name\":\"Wyoming EHDI\",\"description\":\"Wyoming Early Hearing Detection &amp; Intervention\",\"publisher\":{\"@id\":\"https:\\\/\\\/www.wyomingehdi.org\\\/es\\\/#organization\"},\"potentialAction\":[{\"@type\":\"SearchAction\",\"target\":{\"@type\":\"EntryPoint\",\"urlTemplate\":\"https:\\\/\\\/www.wyomingehdi.org\\\/es\\\/search\\\/{search_term_string}\"},\"query-input\":{\"@type\":\"PropertyValueSpecification\",\"valueRequired\":true,\"valueName\":\"search_term_string\"}}],\"inLanguage\":\"es\"},{\"@type\":\"Organization\",\"@id\":\"https:\\\/\\\/www.wyomingehdi.org\\\/es\\\/#organization\",\"name\":\"Wyoming EHDI\",\"url\":\"https:\\\/\\\/www.wyomingehdi.org\\\/es\\\/\",\"logo\":{\"@type\":\"ImageObject\",\"inLanguage\":\"es\",\"@id\":\"https:\\\/\\\/www.wyomingehdi.org\\\/es\\\/#\\\/schema\\\/logo\\\/image\\\/\",\"url\":\"https:\\\/\\\/www.wyomingehdi.org\\\/wp-content\\\/uploads\\\/2024\\\/07\\\/ehdi-wyoming-logo.svg\",\"contentUrl\":\"https:\\\/\\\/www.wyomingehdi.org\\\/wp-content\\\/uploads\\\/2024\\\/07\\\/ehdi-wyoming-logo.svg\",\"width\":241,\"height\":28,\"caption\":\"Wyoming EHDI\"},\"image\":{\"@id\":\"https:\\\/\\\/www.wyomingehdi.org\\\/es\\\/#\\\/schema\\\/logo\\\/image\\\/\"}}]}<\/script>\n<!-- \/ Yoast SEO plugin. -->","yoast_head_json":{"title":"Enfermer\u00eda de Salud P\u00fablica\/WIC - Wyoming EHDI","robots":{"index":"index","follow":"follow","max-snippet":"max-snippet:-1","max-image-preview":"max-image-preview:large","max-video-preview":"max-video-preview:-1"},"canonical":"https:\/\/www.wyomingehdi.org\/es\/enfermeria-de-salud-publica-wic\/","og_locale":"es_ES","og_type":"article","og_title":"Enfermer\u00eda de Salud P\u00fablica\/WIC - Wyoming EHDI","og_description":"Enfermer\u00eda de Salud P\u00fablica\/WIC Recursos para la Salud P\u00fablica Folleto informativo sobre la salud auditiva Pautas diagn\u00f3sticas audiom\u00e9tricas pedi\u00e1tricas","og_url":"https:\/\/www.wyomingehdi.org\/es\/enfermeria-de-salud-publica-wic\/","og_site_name":"Wyoming EHDI","article_modified_time":"2025-01-09T17:27:54+00:00","twitter_card":"summary_large_image","twitter_misc":{"Tiempo de lectura":"1 minuto"},"schema":{"@context":"https:\/\/schema.org","@graph":[{"@type":"WebPage","@id":"https:\/\/www.wyomingehdi.org\/es\/enfermeria-de-salud-publica-wic\/","url":"https:\/\/www.wyomingehdi.org\/es\/enfermeria-de-salud-publica-wic\/","name":"Enfermer\u00eda de Salud P\u00fablica\/WIC - Wyoming EHDI","isPartOf":{"@id":"https:\/\/www.wyomingehdi.org\/es\/#website"},"datePublished":"2024-12-17T21:10:36+00:00","dateModified":"2025-01-09T17:27:54+00:00","breadcrumb":{"@id":"https:\/\/www.wyomingehdi.org\/es\/enfermeria-de-salud-publica-wic\/#breadcrumb"},"inLanguage":"es","potentialAction":[{"@type":"ReadAction","target":["https:\/\/www.wyomingehdi.org\/es\/enfermeria-de-salud-publica-wic\/"]}]},{"@type":"BreadcrumbList","@id":"https:\/\/www.wyomingehdi.org\/es\/enfermeria-de-salud-publica-wic\/#breadcrumb","itemListElement":[{"@type":"ListItem","position":1,"name":"Home","item":"https:\/\/www.wyomingehdi.org\/es\/"},{"@type":"ListItem","position":2,"name":"Enfermer\u00eda de Salud P\u00fablica\/WIC"}]},{"@type":"WebSite","@id":"https:\/\/www.wyomingehdi.org\/es\/#website","url":"https:\/\/www.wyomingehdi.org\/es\/","name":"Wyoming EHDI","description":"Wyoming Early Hearing Detection &amp; Intervention","publisher":{"@id":"https:\/\/www.wyomingehdi.org\/es\/#organization"},"potentialAction":[{"@type":"SearchAction","target":{"@type":"EntryPoint","urlTemplate":"https:\/\/www.wyomingehdi.org\/es\/search\/{search_term_string}"},"query-input":{"@type":"PropertyValueSpecification","valueRequired":true,"valueName":"search_term_string"}}],"inLanguage":"es"},{"@type":"Organization","@id":"https:\/\/www.wyomingehdi.org\/es\/#organization","name":"Wyoming EHDI","url":"https:\/\/www.wyomingehdi.org\/es\/","logo":{"@type":"ImageObject","inLanguage":"es","@id":"https:\/\/www.wyomingehdi.org\/es\/#\/schema\/logo\/image\/","url":"https:\/\/www.wyomingehdi.org\/wp-content\/uploads\/2024\/07\/ehdi-wyoming-logo.svg","contentUrl":"https:\/\/www.wyomingehdi.org\/wp-content\/uploads\/2024\/07\/ehdi-wyoming-logo.svg","width":241,"height":28,"caption":"Wyoming EHDI"},"image":{"@id":"https:\/\/www.wyomingehdi.org\/es\/#\/schema\/logo\/image\/"}}]}},"_links":{"self":[{"href":"https:\/\/www.wyomingehdi.org\/es\/wp-json\/wp\/v2\/pages\/1729","targetHints":{"allow":["GET"]}}],"collection":[{"href":"https:\/\/www.wyomingehdi.org\/es\/wp-json\/wp\/v2\/pages"}],"about":[{"href":"https:\/\/www.wyomingehdi.org\/es\/wp-json\/wp\/v2\/types\/page"}],"author":[{"embeddable":true,"href":"https:\/\/www.wyomingehdi.org\/es\/wp-json\/wp\/v2\/users\/2"}],"replies":[{"embeddable":true,"href":"https:\/\/www.wyomingehdi.org\/es\/wp-json\/wp\/v2\/comments?post=1729"}],"version-history":[{"count":0,"href":"https:\/\/www.wyomingehdi.org\/es\/wp-json\/wp\/v2\/pages\/1729\/revisions"}],"wp:attachment":[{"href":"https:\/\/www.wyomingehdi.org\/es\/wp-json\/wp\/v2\/media?parent=1729"}],"curies":[{"name":"wp","href":"https:\/\/api.w.org\/{rel}","templated":true}]}}