{"id":1737,"date":"2024-10-24T18:17:12","date_gmt":"2024-10-24T18:17:12","guid":{"rendered":"https:\/\/www.wyomingehdi.org\/transcripcion-de-la-capacitacion-sobre-emisiones-otoacusticas\/"},"modified":"2025-01-08T23:31:13","modified_gmt":"2025-01-08T23:31:13","slug":"transcripcion-de-la-capacitacion-sobre-emisiones-otoacusticas","status":"publish","type":"page","link":"https:\/\/www.wyomingehdi.org\/es\/transcripcion-de-la-capacitacion-sobre-emisiones-otoacusticas\/","title":{"rendered":"Transcripci\u00f3n de la capacitaci\u00f3n sobre emisiones otoac\u00fasticas"},"content":{"rendered":"        <!-- Load general styles -->\n                <style>\n            \/*\n            * Classes used by blocks to hide content at device breakpoints.\n            *\/\n            .cgb-container-hide-phone {\n                display: none;\n            }\n\n            \/* Hide on tablet *\/\n            @media (min-width: 48.875rem) {\n                .cgb-container-hide-phone {\n                    display: flex;  \/* Restore from previous display: none; *\/\n                }\n                .cgb-container-hide-tablet {\n                    display: none;\n                }\n            }\n\n            \/* Hide on desktop *\/\n            @media (min-width: 64.000rem) {\n                .cgb-container-hide-phone {\n                    display: flex;  \/* Restore from previous display: none; *\/\n                }\n                .cgb-container-hide-tablet {\n                    display: flex;  \/* Restore from previous display: none; *\/\n                }\n                .cgb-container-hide-desktop {\n                    display: none;\n                }\n            }\n        <\/style>\n    \n        <!-- Load styles specific to this block instance on our page -->\n        <style>\n            \/*\n             * Set mobile and desktop styles.\n             *\/\n            .block_1a96f8bbd0fdf31f01336ff80f4c3f22 > .cgb-container-wrapper {\n                                box-sizing: border-box;\n                padding: 0 0 0;\n                margin: 0 0 0;\n                min-height: auto;\n                justify-content: flex-start;\n            }\n\n            @media (min-width: 48.875rem) {\n                .block_1a96f8bbd0fdf31f01336ff80f4c3f22 > .cgb-container-wrapper {\n                    padding: 5.000rem 2.500rem 2.500rem;\n                    margin: 0 0 0;\n                    min-height: auto;\n                }\n            }\n\n            \/*\n             * Background image override if needed.\n             * If the background image size is the actual image size ('auto') and the viewport becomes\n             * wider than the image then stretch the image to always fill the viewport. Otherwise, the\n             * image will not display full width in larger viewports. The section id ensures this is\n             * specific to THIS particular block instance.\n             *\/\n            \n            \/*\n             * Set values for direct descendant container. The container may contain\n             * other containers you know.\n             *\/\n            .block_1a96f8bbd0fdf31f01336ff80f4c3f22 > .cgb-container-wrapper > .cgb-container {\n                max-width: 55.000rem;\n            }\n        <\/style>\n\n        <section id=\"\"\n            class=\"cgb-container-block cgb-acf-block block_1a96f8bbd0fdf31f01336ff80f4c3f22 \">\n\n            <div class=\"cgb-container-wrapper\">\n\n                <div class=\"cgb-container\">\n                                        \n\n<p class=\"wp-block-heading has-pre-heading-font-size\">Transcripciones de la capacitaci\u00f3n<\/p>\n\n\n\n<h1 class=\"wp-block-heading\">Transcripci\u00f3n de la capacitaci\u00f3n sobre emisiones otoac\u00fasticas<\/h1>\n\n\n\n<p>&#8211; [Instructor] En este segmento del video, se le presentar\u00e1 el equipo de emisiones otoac\u00fasticas y c\u00f3mo se realizan las pruebas de audici\u00f3n. Veamos algunas caracter\u00edsticas comunes a todas las unidades OAE port\u00e1tiles. La unidad de cribado. Este es un equipo sensible, as\u00ed que tr\u00e1telo con cuidado y evite exponerlo a temperaturas extremas de calor o fr\u00edo. La fuente de alimentaci\u00f3n, la bater\u00eda o el cable adaptador. El ensamblaje de la sonda. Esta es una pieza costosa que puede da\u00f1arse f\u00e1cilmente. Querr\u00e1s manejarlo con cuidado. F\u00edjate en los indicadores visuales que te ayuden a alinear los dos componentes para evitar doblar las clavijas de conexi\u00f3n. Siempre que sea posible, deje la sonda conectada a la unidad de cribado en lugar de separarla despu\u00e9s de cada uso. Adem\u00e1s, es muy \u00fatil si se suministra un clip para sujetar el cord\u00f3n de la sonda a la ropa del ni\u00f1o durante la evaluaci\u00f3n. El cable que conecta la sonda y la unidad de detecci\u00f3n debe tener de aproximadamente cuatro a cinco pies de largo, para llegar desde la oreja del ni\u00f1o hasta la mesa. Por \u00faltimo, las puntas o cubiertas de la sonda est\u00e1n dise\u00f1adas para encajar perfectamente en la sonda y formar un sello en el canal auditivo del ni\u00f1o. Use una nueva cubierta de sonda para cada ni\u00f1o que se someta a la prueba. Aseg\u00farese de seleccionar un equipo que haya demostrado funcionar eficazmente para la detecci\u00f3n de ni\u00f1os desde el nacimiento hasta los tres a\u00f1os de edad. A medida que conozca su equipo espec\u00edfico, consulte la informaci\u00f3n proporcionada por el fabricante sobre el cuidado y la limpieza de la sonda, el mantenimiento de la fuente de alimentaci\u00f3n, la calibraci\u00f3n del equipo y las modificaciones que pueden ser necesarias al examinar a los ni\u00f1os con tubos de ecualizaci\u00f3n de presi\u00f3n o PE. \u266a La, la, la, la \u266a                <\/p>\n\n\n\n<p>&#8211; [Instructor] Adem\u00e1s, el \u00e9xito de las pruebas de detecci\u00f3n depende de que se realicen en un entorno relativamente tranquilo. El equipo est\u00e1 tratando de captar se\u00f1ales muy d\u00e9biles generadas por el o\u00eddo interno. Por lo tanto, es mejor limitar el ruido dentro de la habitaci\u00f3n, manteniendo la cooperaci\u00f3n del ni\u00f1o con la ayuda reconfortante de los padres y el uso de juguetes silenciosos. A diferencia de otros procedimientos, la prueba de detecci\u00f3n de OAE no se puede realizar si un ni\u00f1o llora o se resiste f\u00edsicamente. Descubrir\u00e1 que las pruebas de detecci\u00f3n generalmente progresan m\u00e1s r\u00e1pido si el ni\u00f1o no est\u00e1 succionando o masticando activamente, pero si es necesario, puede ofrecerle un chupete, un biber\u00f3n o una galleta. Obviamente, es fundamental que se realice una prueba de audici\u00f3n antes de los procedimientos que probablemente molesten al ni\u00f1o, como las vacunas. Ahora, repasemos el proceso de selecci\u00f3n paso a paso. Antes de comenzar la evaluaci\u00f3n, complete una breve historia cl\u00ednica de la salud auditiva del ni\u00f1o. Tome nota de cualquier preocupaci\u00f3n de los padres sobre la audici\u00f3n o el desarrollo del lenguaje. Expl\u00edquele a los padres que va a colocar un peque\u00f1o micr\u00f3fono cubierto por una punta suave en el canal auditivo del ni\u00f1o y que el ni\u00f1o escuchar\u00e1 una serie de sonidos suaves. Mire hacia abajo en la sonda para asegurarse de que no est\u00e9 obstruida con escombros. Limpie o cambie la boquilla de la sonda si es necesario. Si hay algo de cera, puede proceder con una detecci\u00f3n, a menos que el canal parezca estar totalmente bloqueado. Tenga en cuenta el tama\u00f1o del canal auditivo y elija una punta de sonda que sea tan grande o un poco m\u00e1s grande que la abertura del canal auditivo. Coloque la punta sobre el extremo de la sonda, presionando firmemente. Si vas a usar una punta de espuma suave, compr\u00edmela en forma de hongo antes de insertarla en el canal auditivo. Encienda el equipo, sujete el cord\u00f3n de la sonda a la parte posterior de la camisa donde el ni\u00f1o no pueda verlo o alcanzarlo f\u00e1cilmente. Esto mantiene el cord\u00f3n fuera del camino y tambi\u00e9n ayuda a mantener la sonda en el o\u00eddo durante la detecci\u00f3n. Aseg\u00farese de que el ni\u00f1o est\u00e9 c\u00f3modo y contento. Con una mano, agarre la oreja y tire de ella para abrir el canal. Con la otra mano, tome la sonda e inserte la punta en el canal auditivo hacia la nariz. Luego g\u00edrelo ligeramente hacia atr\u00e1s, empuj\u00e1ndolo firmemente hacia el canal. Si ha elegido el tama\u00f1o correcto de la cubierta de la sonda, la sonda permanecer\u00e1 firmemente insertada en el canal auditivo despu\u00e9s de que la suelte. Nunca caiga en la tentaci\u00f3n de sostener la sonda en el o\u00eddo durante la evaluaci\u00f3n. Aprender a seleccionar la punta del tama\u00f1o correcto y a insertar la sonda firmemente en el canal auditivo es clave para una detecci\u00f3n confiable. Veamos esto de nuevo. Ahora, presione el bot\u00f3n para iniciar la proyecci\u00f3n. Mira las pantallas. A menudo le ayudar\u00e1n a saber si tiene una sonda segura. Ayude al ni\u00f1o a sentarse en silencio mientras avanza la evaluaci\u00f3n. Algunos equipos indicar\u00e1n el progreso de la prueba, mostrando frecuencias de sonido o tonos, mientras que otros simplemente indicar\u00e1n que la prueba est\u00e1 en progreso. Cuando se complete la proyecci\u00f3n, la unidad mostrar\u00e1 un pase o una referencia. Retire la sonda. Aseg\u00farate de que no est\u00e9 bloqueado con cera y examina el otro o\u00eddo.                                 <\/p>\n\n\n\n<p>&#8211; Lo est\u00e1s haciendo muy bien. \u00bfQuieres tenerlos para m\u00ed de nuevo? <\/p>\n\n\n\n<p>&#8211; [Instructor] A medida que practique las pruebas de detecci\u00f3n, observe c\u00f3mo el ruido externo puede interrumpir el procedimiento. Por ejemplo, si alguien est\u00e1 hablando en voz alta cerca del o\u00eddo que se est\u00e1 examinando, el equipo no puede continuar examinando, porque la se\u00f1al al o\u00eddo se mezcla con un sonido exterior m\u00e1s fuerte. La unidad de cribado tiene que esperar hasta que se detenga el exceso de ruido antes de proceder con el cribado. Adem\u00e1s, observe c\u00f3mo la pantalla se detiene cuando el ni\u00f1o se pone inquieto y se mueve mucho. A esto se le llama ruido interno. De nuevo, el equipo tiene que esperar hasta que el movimiento se haya detenido antes de continuar con la pantalla. Por supuesto, si el ni\u00f1o se mueve demasiado, la sonda puede desprenderse por completo y tener que comenzar la prueba de nuevo. Tanto el ruido interno como el externo se reducir\u00e1n con un buen ajuste de la sonda. Cuanto m\u00e1s firmemente encaje la sonda en el canal auditivo, menos ruido externo se filtrar\u00e1 en el o\u00eddo y menos probable ser\u00e1 que la sonda se desplace por los movimientos del ni\u00f1o. Por lo tanto, las tres claves para un cribado eficaz son garantizar un buen ajuste de la sonda, minimizar el ruido externo en el entorno y minimizar el ruido interno causado por el movimiento del ni\u00f1o. Estos son algunos consejos para una detecci\u00f3n exitosa que pueden resultarle \u00fatiles. Revise el equipo al comienzo del d\u00eda examinando su propio o\u00eddo o ejecutando la verificaci\u00f3n de calibraci\u00f3n manual del equipo. Pida ayuda a los padres para mantener al ni\u00f1o callado y contento mientras se realiza la evaluaci\u00f3n. Es posible que el padre necesite sostener suavemente las manos del ni\u00f1o y redirigirlas para que toquen y jueguen con un juguete silencioso.             <\/p>\n\n\n\n<p>&#8211; [Parent] Eso es bueno.<\/p>\n\n\n\n<p>&#8211; Mira, las orejas del oso.<\/p>\n\n\n\n<p>-Aw.<\/p>\n\n\n\n<p>&#8211; Involucre al ni\u00f1o en un juego de escucha.<\/p>\n\n\n\n<p>&#8211; Est\u00e1 bien, las orejas de Gracie. Solo voy a tocar tu oreja. <\/p>\n\n\n\n<p>&#8211; D\u00edgale amablemente al ni\u00f1o lo que est\u00e1 a punto de hacer en lugar de pedirle permiso.<\/p>\n\n\n\n<p>-Aqu\u00ed vienen.<\/p>\n\n\n\n<p>&#8211; Por lo general, las preguntas se responden con un no o con una respuesta poco cooperativa. Mantenga una variedad de juguetes visualmente interesantes apropiados para diferentes edades con su unidad de detecci\u00f3n. S\u00e9 creativo, descubre lo que funciona para ti. Proyecte mientras el ni\u00f1o est\u00e1 dormido. Si el ni\u00f1o llega dormido o relajado en un asiento de seguridad, realice la evaluaci\u00f3n auditiva antes de que se despierte. Bien, ahora est\u00e1s listo para comenzar. Practique examinar a otros adultos y sus propios o\u00eddos. No se alarme si no pasa la prueba de detecci\u00f3n de OAE. Los o\u00eddos de los adultos a menudo no tienen las emisiones fuertes que los de los ni\u00f1os. Una vez que haya dominado la evaluaci\u00f3n de adultos, estar\u00e1 listo para comenzar a realizar pruebas de detecci\u00f3n a ni\u00f1os.         <\/p>\n\n\n                <\/div>\n\n            <\/div>\n\n        <\/section>\n\n    ","protected":false},"excerpt":{"rendered":"<p>Transcripciones de la capacitaci\u00f3n Transcripci\u00f3n de la capacitaci\u00f3n sobre emisiones otoac\u00fasticas &#8211; [Instructor] En este segmento del video, se le presentar\u00e1 el equipo de emisiones otoac\u00fasticas y c\u00f3mo se realizan las pruebas de audici\u00f3n. Veamos algunas caracter\u00edsticas comunes a todas las unidades OAE port\u00e1tiles. La unidad de cribado. Este es un equipo sensible, as\u00ed que&hellip;<\/p>\n","protected":false},"author":2,"featured_media":0,"parent":0,"menu_order":0,"comment_status":"closed","ping_status":"closed","template":"","meta":{"_acf_changed":false,"_monsterinsights_skip_tracking":false,"_monsterinsights_sitenote_active":false,"_monsterinsights_sitenote_note":"","_monsterinsights_sitenote_category":0,"footnotes":""},"class_list":["post-1737","page","type-page","status-publish","hentry"],"acf":[],"yoast_head":"<!-- This site is optimized with the Yoast SEO plugin v27.5 - https:\/\/yoast.com\/product\/yoast-seo-wordpress\/ -->\n<title>Transcripci\u00f3n de la capacitaci\u00f3n sobre emisiones otoac\u00fasticas - Wyoming EHDI<\/title>\n<meta name=\"robots\" content=\"index, follow, max-snippet:-1, max-image-preview:large, max-video-preview:-1\" \/>\n<link rel=\"canonical\" href=\"https:\/\/www.wyomingehdi.org\/es\/transcripcion-de-la-capacitacion-sobre-emisiones-otoacusticas\/\" \/>\n<meta property=\"og:locale\" content=\"es_ES\" \/>\n<meta property=\"og:type\" content=\"article\" \/>\n<meta property=\"og:title\" content=\"Transcripci\u00f3n de la capacitaci\u00f3n sobre emisiones otoac\u00fasticas - Wyoming EHDI\" \/>\n<meta property=\"og:description\" content=\"Transcripciones de la capacitaci\u00f3n Transcripci\u00f3n de la capacitaci\u00f3n sobre emisiones otoac\u00fasticas &#8211; [Instructor] En este segmento del video, se le presentar\u00e1 el equipo de emisiones otoac\u00fasticas y c\u00f3mo se realizan las pruebas de audici\u00f3n. Veamos algunas caracter\u00edsticas comunes a todas las unidades OAE port\u00e1tiles. La unidad de cribado. Este es un equipo sensible, as\u00ed que&hellip;\" \/>\n<meta property=\"og:url\" content=\"https:\/\/www.wyomingehdi.org\/es\/transcripcion-de-la-capacitacion-sobre-emisiones-otoacusticas\/\" \/>\n<meta property=\"og:site_name\" content=\"Wyoming EHDI\" \/>\n<meta property=\"article:modified_time\" content=\"2025-01-08T23:31:13+00:00\" \/>\n<meta name=\"twitter:card\" content=\"summary_large_image\" \/>\n<meta name=\"twitter:label1\" content=\"Tiempo de lectura\" \/>\n\t<meta name=\"twitter:data1\" content=\"7 minutos\" \/>\n<script type=\"application\/ld+json\" class=\"yoast-schema-graph\">{\"@context\":\"https:\\\/\\\/schema.org\",\"@graph\":[{\"@type\":\"WebPage\",\"@id\":\"https:\\\/\\\/www.wyomingehdi.org\\\/es\\\/transcripcion-de-la-capacitacion-sobre-emisiones-otoacusticas\\\/\",\"url\":\"https:\\\/\\\/www.wyomingehdi.org\\\/es\\\/transcripcion-de-la-capacitacion-sobre-emisiones-otoacusticas\\\/\",\"name\":\"Transcripci\u00f3n de la capacitaci\u00f3n sobre emisiones otoac\u00fasticas - Wyoming EHDI\",\"isPartOf\":{\"@id\":\"https:\\\/\\\/www.wyomingehdi.org\\\/es\\\/#website\"},\"datePublished\":\"2024-10-24T18:17:12+00:00\",\"dateModified\":\"2025-01-08T23:31:13+00:00\",\"breadcrumb\":{\"@id\":\"https:\\\/\\\/www.wyomingehdi.org\\\/es\\\/transcripcion-de-la-capacitacion-sobre-emisiones-otoacusticas\\\/#breadcrumb\"},\"inLanguage\":\"es\",\"potentialAction\":[{\"@type\":\"ReadAction\",\"target\":[\"https:\\\/\\\/www.wyomingehdi.org\\\/es\\\/transcripcion-de-la-capacitacion-sobre-emisiones-otoacusticas\\\/\"]}]},{\"@type\":\"BreadcrumbList\",\"@id\":\"https:\\\/\\\/www.wyomingehdi.org\\\/es\\\/transcripcion-de-la-capacitacion-sobre-emisiones-otoacusticas\\\/#breadcrumb\",\"itemListElement\":[{\"@type\":\"ListItem\",\"position\":1,\"name\":\"Home\",\"item\":\"https:\\\/\\\/www.wyomingehdi.org\\\/es\\\/\"},{\"@type\":\"ListItem\",\"position\":2,\"name\":\"Transcripci\u00f3n de la capacitaci\u00f3n sobre emisiones otoac\u00fasticas\"}]},{\"@type\":\"WebSite\",\"@id\":\"https:\\\/\\\/www.wyomingehdi.org\\\/es\\\/#website\",\"url\":\"https:\\\/\\\/www.wyomingehdi.org\\\/es\\\/\",\"name\":\"Wyoming EHDI\",\"description\":\"Wyoming Early Hearing Detection &amp; Intervention\",\"publisher\":{\"@id\":\"https:\\\/\\\/www.wyomingehdi.org\\\/es\\\/#organization\"},\"potentialAction\":[{\"@type\":\"SearchAction\",\"target\":{\"@type\":\"EntryPoint\",\"urlTemplate\":\"https:\\\/\\\/www.wyomingehdi.org\\\/es\\\/search\\\/{search_term_string}\"},\"query-input\":{\"@type\":\"PropertyValueSpecification\",\"valueRequired\":true,\"valueName\":\"search_term_string\"}}],\"inLanguage\":\"es\"},{\"@type\":\"Organization\",\"@id\":\"https:\\\/\\\/www.wyomingehdi.org\\\/es\\\/#organization\",\"name\":\"Wyoming EHDI\",\"url\":\"https:\\\/\\\/www.wyomingehdi.org\\\/es\\\/\",\"logo\":{\"@type\":\"ImageObject\",\"inLanguage\":\"es\",\"@id\":\"https:\\\/\\\/www.wyomingehdi.org\\\/es\\\/#\\\/schema\\\/logo\\\/image\\\/\",\"url\":\"https:\\\/\\\/www.wyomingehdi.org\\\/wp-content\\\/uploads\\\/2024\\\/07\\\/ehdi-wyoming-logo.svg\",\"contentUrl\":\"https:\\\/\\\/www.wyomingehdi.org\\\/wp-content\\\/uploads\\\/2024\\\/07\\\/ehdi-wyoming-logo.svg\",\"width\":241,\"height\":28,\"caption\":\"Wyoming EHDI\"},\"image\":{\"@id\":\"https:\\\/\\\/www.wyomingehdi.org\\\/es\\\/#\\\/schema\\\/logo\\\/image\\\/\"}}]}<\/script>\n<!-- \/ Yoast SEO plugin. -->","yoast_head_json":{"title":"Transcripci\u00f3n de la capacitaci\u00f3n sobre emisiones otoac\u00fasticas - Wyoming EHDI","robots":{"index":"index","follow":"follow","max-snippet":"max-snippet:-1","max-image-preview":"max-image-preview:large","max-video-preview":"max-video-preview:-1"},"canonical":"https:\/\/www.wyomingehdi.org\/es\/transcripcion-de-la-capacitacion-sobre-emisiones-otoacusticas\/","og_locale":"es_ES","og_type":"article","og_title":"Transcripci\u00f3n de la capacitaci\u00f3n sobre emisiones otoac\u00fasticas - Wyoming EHDI","og_description":"Transcripciones de la capacitaci\u00f3n Transcripci\u00f3n de la capacitaci\u00f3n sobre emisiones otoac\u00fasticas &#8211; [Instructor] En este segmento del video, se le presentar\u00e1 el equipo de emisiones otoac\u00fasticas y c\u00f3mo se realizan las pruebas de audici\u00f3n. Veamos algunas caracter\u00edsticas comunes a todas las unidades OAE port\u00e1tiles. La unidad de cribado. Este es un equipo sensible, as\u00ed que&hellip;","og_url":"https:\/\/www.wyomingehdi.org\/es\/transcripcion-de-la-capacitacion-sobre-emisiones-otoacusticas\/","og_site_name":"Wyoming EHDI","article_modified_time":"2025-01-08T23:31:13+00:00","twitter_card":"summary_large_image","twitter_misc":{"Tiempo de lectura":"7 minutos"},"schema":{"@context":"https:\/\/schema.org","@graph":[{"@type":"WebPage","@id":"https:\/\/www.wyomingehdi.org\/es\/transcripcion-de-la-capacitacion-sobre-emisiones-otoacusticas\/","url":"https:\/\/www.wyomingehdi.org\/es\/transcripcion-de-la-capacitacion-sobre-emisiones-otoacusticas\/","name":"Transcripci\u00f3n de la capacitaci\u00f3n sobre emisiones otoac\u00fasticas - Wyoming EHDI","isPartOf":{"@id":"https:\/\/www.wyomingehdi.org\/es\/#website"},"datePublished":"2024-10-24T18:17:12+00:00","dateModified":"2025-01-08T23:31:13+00:00","breadcrumb":{"@id":"https:\/\/www.wyomingehdi.org\/es\/transcripcion-de-la-capacitacion-sobre-emisiones-otoacusticas\/#breadcrumb"},"inLanguage":"es","potentialAction":[{"@type":"ReadAction","target":["https:\/\/www.wyomingehdi.org\/es\/transcripcion-de-la-capacitacion-sobre-emisiones-otoacusticas\/"]}]},{"@type":"BreadcrumbList","@id":"https:\/\/www.wyomingehdi.org\/es\/transcripcion-de-la-capacitacion-sobre-emisiones-otoacusticas\/#breadcrumb","itemListElement":[{"@type":"ListItem","position":1,"name":"Home","item":"https:\/\/www.wyomingehdi.org\/es\/"},{"@type":"ListItem","position":2,"name":"Transcripci\u00f3n de la capacitaci\u00f3n sobre emisiones otoac\u00fasticas"}]},{"@type":"WebSite","@id":"https:\/\/www.wyomingehdi.org\/es\/#website","url":"https:\/\/www.wyomingehdi.org\/es\/","name":"Wyoming EHDI","description":"Wyoming Early Hearing Detection &amp; Intervention","publisher":{"@id":"https:\/\/www.wyomingehdi.org\/es\/#organization"},"potentialAction":[{"@type":"SearchAction","target":{"@type":"EntryPoint","urlTemplate":"https:\/\/www.wyomingehdi.org\/es\/search\/{search_term_string}"},"query-input":{"@type":"PropertyValueSpecification","valueRequired":true,"valueName":"search_term_string"}}],"inLanguage":"es"},{"@type":"Organization","@id":"https:\/\/www.wyomingehdi.org\/es\/#organization","name":"Wyoming EHDI","url":"https:\/\/www.wyomingehdi.org\/es\/","logo":{"@type":"ImageObject","inLanguage":"es","@id":"https:\/\/www.wyomingehdi.org\/es\/#\/schema\/logo\/image\/","url":"https:\/\/www.wyomingehdi.org\/wp-content\/uploads\/2024\/07\/ehdi-wyoming-logo.svg","contentUrl":"https:\/\/www.wyomingehdi.org\/wp-content\/uploads\/2024\/07\/ehdi-wyoming-logo.svg","width":241,"height":28,"caption":"Wyoming EHDI"},"image":{"@id":"https:\/\/www.wyomingehdi.org\/es\/#\/schema\/logo\/image\/"}}]}},"_links":{"self":[{"href":"https:\/\/www.wyomingehdi.org\/es\/wp-json\/wp\/v2\/pages\/1737","targetHints":{"allow":["GET"]}}],"collection":[{"href":"https:\/\/www.wyomingehdi.org\/es\/wp-json\/wp\/v2\/pages"}],"about":[{"href":"https:\/\/www.wyomingehdi.org\/es\/wp-json\/wp\/v2\/types\/page"}],"author":[{"embeddable":true,"href":"https:\/\/www.wyomingehdi.org\/es\/wp-json\/wp\/v2\/users\/2"}],"replies":[{"embeddable":true,"href":"https:\/\/www.wyomingehdi.org\/es\/wp-json\/wp\/v2\/comments?post=1737"}],"version-history":[{"count":0,"href":"https:\/\/www.wyomingehdi.org\/es\/wp-json\/wp\/v2\/pages\/1737\/revisions"}],"wp:attachment":[{"href":"https:\/\/www.wyomingehdi.org\/es\/wp-json\/wp\/v2\/media?parent=1737"}],"curies":[{"name":"wp","href":"https:\/\/api.w.org\/{rel}","templated":true}]}}