{"id":1738,"date":"2024-08-29T19:15:22","date_gmt":"2024-08-29T19:15:22","guid":{"rendered":"https:\/\/www.wyomingehdi.org\/transcripcion-del-video-del-entrenamiento-de-immitacion-parte-1\/"},"modified":"2024-12-20T21:55:29","modified_gmt":"2024-12-20T21:55:29","slug":"transcripcion-del-video-del-entrenamiento-de-immitacion-parte-1","status":"publish","type":"page","link":"https:\/\/www.wyomingehdi.org\/es\/transcripcion-del-video-del-entrenamiento-de-immitacion-parte-1\/","title":{"rendered":"Transcripci\u00f3n del video del entrenamiento de immitaci\u00f3n &#8211; Parte 1"},"content":{"rendered":"        <!-- Load general styles -->\n                <style>\n            \/*\n            * Classes used by blocks to hide content at device breakpoints.\n            *\/\n            .cgb-container-hide-phone {\n                display: none;\n            }\n\n            \/* Hide on tablet *\/\n            @media (min-width: 48.875rem) {\n                .cgb-container-hide-phone {\n                    display: flex;  \/* Restore from previous display: none; *\/\n                }\n                .cgb-container-hide-tablet {\n                    display: none;\n                }\n            }\n\n            \/* Hide on desktop *\/\n            @media (min-width: 64.000rem) {\n                .cgb-container-hide-phone {\n                    display: flex;  \/* Restore from previous display: none; *\/\n                }\n                .cgb-container-hide-tablet {\n                    display: flex;  \/* Restore from previous display: none; *\/\n                }\n                .cgb-container-hide-desktop {\n                    display: none;\n                }\n            }\n        <\/style>\n    \n        <!-- Load styles specific to this block instance on our page -->\n        <style>\n            \/*\n             * Set mobile and desktop styles.\n             *\/\n            .block_9039500294b4a857b3de64b629656926 > .cgb-container-wrapper {\n                                box-sizing: border-box;\n                padding:   ;\n                margin: 0 0 0;\n                min-height: auto;\n                justify-content: middle;\n            }\n\n            @media (min-width: 48.875rem) {\n                .block_9039500294b4a857b3de64b629656926 > .cgb-container-wrapper {\n                    padding:   ;\n                    margin: 0 0 0;\n                    min-height: auto;\n                }\n            }\n\n            \/*\n             * Background image override if needed.\n             * If the background image size is the actual image size ('auto') and the viewport becomes\n             * wider than the image then stretch the image to always fill the viewport. Otherwise, the\n             * image will not display full width in larger viewports. The section id ensures this is\n             * specific to THIS particular block instance.\n             *\/\n            \n            \/*\n             * Set values for direct descendant container. The container may contain\n             * other containers you know.\n             *\/\n            .block_9039500294b4a857b3de64b629656926 > .cgb-container-wrapper > .cgb-container {\n                max-width: 80.000rem;\n            }\n        <\/style>\n\n        <section id=\"\"\n            class=\"cgb-container-block cgb-acf-block block_9039500294b4a857b3de64b629656926 \">\n\n            <div class=\"cgb-container-wrapper\">\n\n                <div class=\"cgb-container\">\n                                        \n\n<h1 class=\"wp-block-heading\">Transcripci\u00f3n del video del entrenamiento de immitaci\u00f3n &#8211; Parte 1<\/h1>\n\n\n\n<p>Lorem ipsum odor amet, consectetuer adipiscing elit.\nPrimis vehicula in pretium platea convallis in.\nConubia quis facilisis suspendisse proin lacinia ligula dignissim justo.\nCommodo quisque integer sodales ullamcorper pretium odio bibendum.\nConsequat netus fames a sagittis aptent mattis turpis consequat.\nMollis per integer, orci vivamus litora adipiscing cubilia cursus.\nMassa t\u00e1cita, vehicula, lacinia, orci, curae.\nTurpis leo sit elit fusce vehicula tristique.       <\/p>\n\n\n\n<p>Malesuada nullam elit augue sodales, purus aliquam convallis consequat.\nEfficitur ridiculus nibh malesuada dui duis congue hendrerit maecenas.\nMontes magna euismod sociosqu, torquent purus sodales.\nInceptos dapibus fames orci lacus inceptos tortor.\nDapibus penatibus magnis suscipit fusce posuere amet justo eleifend praesent.\nAt torquent montes consectetur laoreet dignissim?\nDictumst pulvinar malesuada sem sit proin class morbi consequat.       <\/p>\n\n\n                <\/div>\n\n            <\/div>\n\n        <\/section>\n\n    ","protected":false},"excerpt":{"rendered":"<p>Transcripci\u00f3n del video del entrenamiento de immitaci\u00f3n &#8211; Parte 1 Lorem ipsum odor amet, consectetuer adipiscing elit. Primis vehicula in pretium platea convallis in. Conubia quis facilisis suspendisse proin lacinia ligula dignissim justo. Commodo quisque integer sodales ullamcorper pretium odio bibendum. Consequat netus fames a sagittis aptent mattis turpis consequat. Mollis per integer, orci vivamus&hellip;<\/p>\n","protected":false},"author":2,"featured_media":0,"parent":0,"menu_order":0,"comment_status":"closed","ping_status":"closed","template":"","meta":{"_acf_changed":false,"_monsterinsights_skip_tracking":false,"_monsterinsights_sitenote_active":false,"_monsterinsights_sitenote_note":"","_monsterinsights_sitenote_category":0,"footnotes":""},"class_list":["post-1738","page","type-page","status-publish","hentry"],"acf":[],"yoast_head":"<!-- This site is optimized with the Yoast SEO plugin v27.4 - https:\/\/yoast.com\/product\/yoast-seo-wordpress\/ -->\n<title>Transcripci\u00f3n del video del entrenamiento de immitaci\u00f3n - Parte 1 - Wyoming EHDI<\/title>\n<meta name=\"robots\" content=\"index, follow, max-snippet:-1, max-image-preview:large, max-video-preview:-1\" \/>\n<link rel=\"canonical\" href=\"https:\/\/www.wyomingehdi.org\/es\/transcripcion-del-video-del-entrenamiento-de-immitacion-parte-1\/\" \/>\n<meta property=\"og:locale\" content=\"es_ES\" \/>\n<meta property=\"og:type\" content=\"article\" \/>\n<meta property=\"og:title\" content=\"Transcripci\u00f3n del video del entrenamiento de immitaci\u00f3n - Parte 1 - Wyoming EHDI\" \/>\n<meta property=\"og:description\" content=\"Transcripci\u00f3n del video del entrenamiento de immitaci\u00f3n &#8211; Parte 1 Lorem ipsum odor amet, consectetuer adipiscing elit. Primis vehicula in pretium platea convallis in. Conubia quis facilisis suspendisse proin lacinia ligula dignissim justo. Commodo quisque integer sodales ullamcorper pretium odio bibendum. Consequat netus fames a sagittis aptent mattis turpis consequat. Mollis per integer, orci vivamus&hellip;\" \/>\n<meta property=\"og:url\" content=\"https:\/\/www.wyomingehdi.org\/es\/transcripcion-del-video-del-entrenamiento-de-immitacion-parte-1\/\" \/>\n<meta property=\"og:site_name\" content=\"Wyoming EHDI\" \/>\n<meta property=\"article:modified_time\" content=\"2024-12-20T21:55:29+00:00\" \/>\n<meta name=\"twitter:card\" content=\"summary_large_image\" \/>\n<meta name=\"twitter:label1\" content=\"Tiempo de lectura\" \/>\n\t<meta name=\"twitter:data1\" content=\"1 minuto\" \/>\n<script type=\"application\/ld+json\" class=\"yoast-schema-graph\">{\"@context\":\"https:\\\/\\\/schema.org\",\"@graph\":[{\"@type\":\"WebPage\",\"@id\":\"https:\\\/\\\/www.wyomingehdi.org\\\/es\\\/transcripcion-del-video-del-entrenamiento-de-immitacion-parte-1\\\/\",\"url\":\"https:\\\/\\\/www.wyomingehdi.org\\\/es\\\/transcripcion-del-video-del-entrenamiento-de-immitacion-parte-1\\\/\",\"name\":\"Transcripci\u00f3n del video del entrenamiento de immitaci\u00f3n - Parte 1 - Wyoming EHDI\",\"isPartOf\":{\"@id\":\"https:\\\/\\\/www.wyomingehdi.org\\\/es\\\/#website\"},\"datePublished\":\"2024-08-29T19:15:22+00:00\",\"dateModified\":\"2024-12-20T21:55:29+00:00\",\"breadcrumb\":{\"@id\":\"https:\\\/\\\/www.wyomingehdi.org\\\/es\\\/transcripcion-del-video-del-entrenamiento-de-immitacion-parte-1\\\/#breadcrumb\"},\"inLanguage\":\"es\",\"potentialAction\":[{\"@type\":\"ReadAction\",\"target\":[\"https:\\\/\\\/www.wyomingehdi.org\\\/es\\\/transcripcion-del-video-del-entrenamiento-de-immitacion-parte-1\\\/\"]}]},{\"@type\":\"BreadcrumbList\",\"@id\":\"https:\\\/\\\/www.wyomingehdi.org\\\/es\\\/transcripcion-del-video-del-entrenamiento-de-immitacion-parte-1\\\/#breadcrumb\",\"itemListElement\":[{\"@type\":\"ListItem\",\"position\":1,\"name\":\"Home\",\"item\":\"https:\\\/\\\/www.wyomingehdi.org\\\/es\\\/\"},{\"@type\":\"ListItem\",\"position\":2,\"name\":\"Transcripci\u00f3n del video del entrenamiento de immitaci\u00f3n &#8211; Parte 1\"}]},{\"@type\":\"WebSite\",\"@id\":\"https:\\\/\\\/www.wyomingehdi.org\\\/es\\\/#website\",\"url\":\"https:\\\/\\\/www.wyomingehdi.org\\\/es\\\/\",\"name\":\"Wyoming EHDI\",\"description\":\"Wyoming Early Hearing Detection &amp; Intervention\",\"publisher\":{\"@id\":\"https:\\\/\\\/www.wyomingehdi.org\\\/es\\\/#organization\"},\"potentialAction\":[{\"@type\":\"SearchAction\",\"target\":{\"@type\":\"EntryPoint\",\"urlTemplate\":\"https:\\\/\\\/www.wyomingehdi.org\\\/es\\\/search\\\/{search_term_string}\"},\"query-input\":{\"@type\":\"PropertyValueSpecification\",\"valueRequired\":true,\"valueName\":\"search_term_string\"}}],\"inLanguage\":\"es\"},{\"@type\":\"Organization\",\"@id\":\"https:\\\/\\\/www.wyomingehdi.org\\\/es\\\/#organization\",\"name\":\"Wyoming EHDI\",\"url\":\"https:\\\/\\\/www.wyomingehdi.org\\\/es\\\/\",\"logo\":{\"@type\":\"ImageObject\",\"inLanguage\":\"es\",\"@id\":\"https:\\\/\\\/www.wyomingehdi.org\\\/es\\\/#\\\/schema\\\/logo\\\/image\\\/\",\"url\":\"https:\\\/\\\/www.wyomingehdi.org\\\/wp-content\\\/uploads\\\/2024\\\/07\\\/ehdi-wyoming-logo.svg\",\"contentUrl\":\"https:\\\/\\\/www.wyomingehdi.org\\\/wp-content\\\/uploads\\\/2024\\\/07\\\/ehdi-wyoming-logo.svg\",\"width\":241,\"height\":28,\"caption\":\"Wyoming EHDI\"},\"image\":{\"@id\":\"https:\\\/\\\/www.wyomingehdi.org\\\/es\\\/#\\\/schema\\\/logo\\\/image\\\/\"}}]}<\/script>\n<!-- \/ Yoast SEO plugin. -->","yoast_head_json":{"title":"Transcripci\u00f3n del video del entrenamiento de immitaci\u00f3n - Parte 1 - Wyoming EHDI","robots":{"index":"index","follow":"follow","max-snippet":"max-snippet:-1","max-image-preview":"max-image-preview:large","max-video-preview":"max-video-preview:-1"},"canonical":"https:\/\/www.wyomingehdi.org\/es\/transcripcion-del-video-del-entrenamiento-de-immitacion-parte-1\/","og_locale":"es_ES","og_type":"article","og_title":"Transcripci\u00f3n del video del entrenamiento de immitaci\u00f3n - Parte 1 - Wyoming EHDI","og_description":"Transcripci\u00f3n del video del entrenamiento de immitaci\u00f3n &#8211; Parte 1 Lorem ipsum odor amet, consectetuer adipiscing elit. Primis vehicula in pretium platea convallis in. Conubia quis facilisis suspendisse proin lacinia ligula dignissim justo. Commodo quisque integer sodales ullamcorper pretium odio bibendum. Consequat netus fames a sagittis aptent mattis turpis consequat. Mollis per integer, orci vivamus&hellip;","og_url":"https:\/\/www.wyomingehdi.org\/es\/transcripcion-del-video-del-entrenamiento-de-immitacion-parte-1\/","og_site_name":"Wyoming EHDI","article_modified_time":"2024-12-20T21:55:29+00:00","twitter_card":"summary_large_image","twitter_misc":{"Tiempo de lectura":"1 minuto"},"schema":{"@context":"https:\/\/schema.org","@graph":[{"@type":"WebPage","@id":"https:\/\/www.wyomingehdi.org\/es\/transcripcion-del-video-del-entrenamiento-de-immitacion-parte-1\/","url":"https:\/\/www.wyomingehdi.org\/es\/transcripcion-del-video-del-entrenamiento-de-immitacion-parte-1\/","name":"Transcripci\u00f3n del video del entrenamiento de immitaci\u00f3n - Parte 1 - Wyoming EHDI","isPartOf":{"@id":"https:\/\/www.wyomingehdi.org\/es\/#website"},"datePublished":"2024-08-29T19:15:22+00:00","dateModified":"2024-12-20T21:55:29+00:00","breadcrumb":{"@id":"https:\/\/www.wyomingehdi.org\/es\/transcripcion-del-video-del-entrenamiento-de-immitacion-parte-1\/#breadcrumb"},"inLanguage":"es","potentialAction":[{"@type":"ReadAction","target":["https:\/\/www.wyomingehdi.org\/es\/transcripcion-del-video-del-entrenamiento-de-immitacion-parte-1\/"]}]},{"@type":"BreadcrumbList","@id":"https:\/\/www.wyomingehdi.org\/es\/transcripcion-del-video-del-entrenamiento-de-immitacion-parte-1\/#breadcrumb","itemListElement":[{"@type":"ListItem","position":1,"name":"Home","item":"https:\/\/www.wyomingehdi.org\/es\/"},{"@type":"ListItem","position":2,"name":"Transcripci\u00f3n del video del entrenamiento de immitaci\u00f3n &#8211; Parte 1"}]},{"@type":"WebSite","@id":"https:\/\/www.wyomingehdi.org\/es\/#website","url":"https:\/\/www.wyomingehdi.org\/es\/","name":"Wyoming EHDI","description":"Wyoming Early Hearing Detection &amp; Intervention","publisher":{"@id":"https:\/\/www.wyomingehdi.org\/es\/#organization"},"potentialAction":[{"@type":"SearchAction","target":{"@type":"EntryPoint","urlTemplate":"https:\/\/www.wyomingehdi.org\/es\/search\/{search_term_string}"},"query-input":{"@type":"PropertyValueSpecification","valueRequired":true,"valueName":"search_term_string"}}],"inLanguage":"es"},{"@type":"Organization","@id":"https:\/\/www.wyomingehdi.org\/es\/#organization","name":"Wyoming EHDI","url":"https:\/\/www.wyomingehdi.org\/es\/","logo":{"@type":"ImageObject","inLanguage":"es","@id":"https:\/\/www.wyomingehdi.org\/es\/#\/schema\/logo\/image\/","url":"https:\/\/www.wyomingehdi.org\/wp-content\/uploads\/2024\/07\/ehdi-wyoming-logo.svg","contentUrl":"https:\/\/www.wyomingehdi.org\/wp-content\/uploads\/2024\/07\/ehdi-wyoming-logo.svg","width":241,"height":28,"caption":"Wyoming EHDI"},"image":{"@id":"https:\/\/www.wyomingehdi.org\/es\/#\/schema\/logo\/image\/"}}]}},"_links":{"self":[{"href":"https:\/\/www.wyomingehdi.org\/es\/wp-json\/wp\/v2\/pages\/1738","targetHints":{"allow":["GET"]}}],"collection":[{"href":"https:\/\/www.wyomingehdi.org\/es\/wp-json\/wp\/v2\/pages"}],"about":[{"href":"https:\/\/www.wyomingehdi.org\/es\/wp-json\/wp\/v2\/types\/page"}],"author":[{"embeddable":true,"href":"https:\/\/www.wyomingehdi.org\/es\/wp-json\/wp\/v2\/users\/2"}],"replies":[{"embeddable":true,"href":"https:\/\/www.wyomingehdi.org\/es\/wp-json\/wp\/v2\/comments?post=1738"}],"version-history":[{"count":0,"href":"https:\/\/www.wyomingehdi.org\/es\/wp-json\/wp\/v2\/pages\/1738\/revisions"}],"wp:attachment":[{"href":"https:\/\/www.wyomingehdi.org\/es\/wp-json\/wp\/v2\/media?parent=1738"}],"curies":[{"name":"wp","href":"https:\/\/api.w.org\/{rel}","templated":true}]}}