{"id":1739,"date":"2024-10-24T18:04:44","date_gmt":"2024-10-24T18:04:44","guid":{"rendered":"https:\/\/www.wyomingehdi.org\/transcripcion-de-la-capacitacion-en-otoscopia\/"},"modified":"2025-01-08T23:25:38","modified_gmt":"2025-01-08T23:25:38","slug":"transcripcion-de-la-capacitacion-en-otoscopia","status":"publish","type":"page","link":"https:\/\/www.wyomingehdi.org\/es\/transcripcion-de-la-capacitacion-en-otoscopia\/","title":{"rendered":"Transcripci\u00f3n de la capacitaci\u00f3n en otoscopia"},"content":{"rendered":"        <!-- Load general styles -->\n                <style>\n            \/*\n            * Classes used by blocks to hide content at device breakpoints.\n            *\/\n            .cgb-container-hide-phone {\n                display: none;\n            }\n\n            \/* Hide on tablet *\/\n            @media (min-width: 48.875rem) {\n                .cgb-container-hide-phone {\n                    display: flex;  \/* Restore from previous display: none; *\/\n                }\n                .cgb-container-hide-tablet {\n                    display: none;\n                }\n            }\n\n            \/* Hide on desktop *\/\n            @media (min-width: 64.000rem) {\n                .cgb-container-hide-phone {\n                    display: flex;  \/* Restore from previous display: none; *\/\n                }\n                .cgb-container-hide-tablet {\n                    display: flex;  \/* Restore from previous display: none; *\/\n                }\n                .cgb-container-hide-desktop {\n                    display: none;\n                }\n            }\n        <\/style>\n    \n        <!-- Load styles specific to this block instance on our page -->\n        <style>\n            \/*\n             * Set mobile and desktop styles.\n             *\/\n            .block_311ed297c935833149504b32eb17561c > .cgb-container-wrapper {\n                                box-sizing: border-box;\n                padding: 0 0 0;\n                margin: 0 0 0;\n                min-height: auto;\n                justify-content: flex-start;\n            }\n\n            @media (min-width: 48.875rem) {\n                .block_311ed297c935833149504b32eb17561c > .cgb-container-wrapper {\n                    padding: 5.000rem 2.500rem 2.500rem;\n                    margin: 0 0 0;\n                    min-height: auto;\n                }\n            }\n\n            \/*\n             * Background image override if needed.\n             * If the background image size is the actual image size ('auto') and the viewport becomes\n             * wider than the image then stretch the image to always fill the viewport. Otherwise, the\n             * image will not display full width in larger viewports. The section id ensures this is\n             * specific to THIS particular block instance.\n             *\/\n            \n            \/*\n             * Set values for direct descendant container. The container may contain\n             * other containers you know.\n             *\/\n            .block_311ed297c935833149504b32eb17561c > .cgb-container-wrapper > .cgb-container {\n                max-width: 55.000rem;\n            }\n        <\/style>\n\n        <section id=\"\"\n            class=\"cgb-container-block cgb-acf-block block_311ed297c935833149504b32eb17561c \">\n\n            <div class=\"cgb-container-wrapper\">\n\n                <div class=\"cgb-container\">\n                                        \n\n<p class=\"wp-block-heading has-pre-heading-font-size\">Transcripci\u00f3n de la formaci\u00f3n<\/p>\n\n\n\n<h1 class=\"wp-block-heading\">Transcripci\u00f3n de la capacitaci\u00f3n en otoscopia  <\/h1>\n\n\n\n<p>El primer aspecto de la otoscopia de detecci\u00f3n se realiza para cada o\u00eddo con el fin de identificar objetos extra\u00f1os, exceso de cera o cerumen, t\u00edmpanos perforados y tubos de ventilaci\u00f3n.<\/p>\n\n\n\n<p>Veamos c\u00f3mo se hace.<\/p>\n\n\n\n<p>El otoscopio no debe sostenerse como un martillo, sino m\u00e1s bien de rev\u00e9s, de modo que el dorso de la mano sea un amortiguador entre usted, la cabeza del ni\u00f1o y el otoscopio. Esto evitar\u00e1 una lesi\u00f3n al ni\u00f1o en caso de que el ni\u00f1o mueva la cabeza repentinamente.<\/p>\n\n\n\n<p>A continuaci\u00f3n, levante y vuelva a colocar el pabell\u00f3n auricular del ni\u00f1o. Esto agrandar\u00e1 ligeramente el canal auditivo. Los esp\u00e9culos del otoscopio deben entrar en el canal en \u00e1ngulo y hacia el ojo del ni\u00f1o para seguir la trayectoria del canal. Es posible que tenga que ajustar la posici\u00f3n de los esp\u00e9culos e incluso de usted mismo para ver todo el canal y el t\u00edmpano.<\/p>\n\n\n\n<p>El esp\u00e9culo est\u00e1ndar para adultos es de cuatro mil\u00edmetros, y esto puede estar bien para muchos ni\u00f1os. Sin embargo, est\u00e9 preparado para usar esp\u00e9culos m\u00e1s peque\u00f1os para ni\u00f1os peque\u00f1os y beb\u00e9s.<\/p>\n\n\n                <\/div>\n\n            <\/div>\n\n        <\/section>\n\n    ","protected":false},"excerpt":{"rendered":"<p>Transcripci\u00f3n de la formaci\u00f3n Transcripci\u00f3n de la capacitaci\u00f3n en otoscopia El primer aspecto de la otoscopia de detecci\u00f3n se realiza para cada o\u00eddo con el fin de identificar objetos extra\u00f1os, exceso de cera o cerumen, t\u00edmpanos perforados y tubos de ventilaci\u00f3n. Veamos c\u00f3mo se hace. El otoscopio no debe sostenerse como un martillo, sino m\u00e1s&hellip;<\/p>\n","protected":false},"author":2,"featured_media":0,"parent":0,"menu_order":0,"comment_status":"closed","ping_status":"closed","template":"","meta":{"_acf_changed":false,"_monsterinsights_skip_tracking":false,"_monsterinsights_sitenote_active":false,"_monsterinsights_sitenote_note":"","_monsterinsights_sitenote_category":0,"footnotes":""},"class_list":["post-1739","page","type-page","status-publish","hentry"],"acf":[],"yoast_head":"<!-- This site is optimized with the Yoast SEO plugin v27.3 - https:\/\/yoast.com\/product\/yoast-seo-wordpress\/ -->\n<title>Transcripci\u00f3n de la capacitaci\u00f3n en otoscopia - Wyoming EHDI<\/title>\n<meta name=\"robots\" content=\"index, follow, max-snippet:-1, max-image-preview:large, max-video-preview:-1\" \/>\n<link rel=\"canonical\" href=\"https:\/\/www.wyomingehdi.org\/es\/transcripcion-de-la-capacitacion-en-otoscopia\/\" \/>\n<meta property=\"og:locale\" content=\"es_ES\" \/>\n<meta property=\"og:type\" content=\"article\" \/>\n<meta property=\"og:title\" content=\"Transcripci\u00f3n de la capacitaci\u00f3n en otoscopia - Wyoming EHDI\" \/>\n<meta property=\"og:description\" content=\"Transcripci\u00f3n de la formaci\u00f3n Transcripci\u00f3n de la capacitaci\u00f3n en otoscopia El primer aspecto de la otoscopia de detecci\u00f3n se realiza para cada o\u00eddo con el fin de identificar objetos extra\u00f1os, exceso de cera o cerumen, t\u00edmpanos perforados y tubos de ventilaci\u00f3n. Veamos c\u00f3mo se hace. El otoscopio no debe sostenerse como un martillo, sino m\u00e1s&hellip;\" \/>\n<meta property=\"og:url\" content=\"https:\/\/www.wyomingehdi.org\/es\/transcripcion-de-la-capacitacion-en-otoscopia\/\" \/>\n<meta property=\"og:site_name\" content=\"Wyoming EHDI\" \/>\n<meta property=\"article:modified_time\" content=\"2025-01-08T23:25:38+00:00\" \/>\n<meta name=\"twitter:card\" content=\"summary_large_image\" \/>\n<meta name=\"twitter:label1\" content=\"Tiempo de lectura\" \/>\n\t<meta name=\"twitter:data1\" content=\"1 minuto\" \/>\n<script type=\"application\/ld+json\" class=\"yoast-schema-graph\">{\"@context\":\"https:\\\/\\\/schema.org\",\"@graph\":[{\"@type\":\"WebPage\",\"@id\":\"https:\\\/\\\/www.wyomingehdi.org\\\/es\\\/transcripcion-de-la-capacitacion-en-otoscopia\\\/\",\"url\":\"https:\\\/\\\/www.wyomingehdi.org\\\/es\\\/transcripcion-de-la-capacitacion-en-otoscopia\\\/\",\"name\":\"Transcripci\u00f3n de la capacitaci\u00f3n en otoscopia - Wyoming EHDI\",\"isPartOf\":{\"@id\":\"https:\\\/\\\/www.wyomingehdi.org\\\/es\\\/#website\"},\"datePublished\":\"2024-10-24T18:04:44+00:00\",\"dateModified\":\"2025-01-08T23:25:38+00:00\",\"breadcrumb\":{\"@id\":\"https:\\\/\\\/www.wyomingehdi.org\\\/es\\\/transcripcion-de-la-capacitacion-en-otoscopia\\\/#breadcrumb\"},\"inLanguage\":\"es\",\"potentialAction\":[{\"@type\":\"ReadAction\",\"target\":[\"https:\\\/\\\/www.wyomingehdi.org\\\/es\\\/transcripcion-de-la-capacitacion-en-otoscopia\\\/\"]}]},{\"@type\":\"BreadcrumbList\",\"@id\":\"https:\\\/\\\/www.wyomingehdi.org\\\/es\\\/transcripcion-de-la-capacitacion-en-otoscopia\\\/#breadcrumb\",\"itemListElement\":[{\"@type\":\"ListItem\",\"position\":1,\"name\":\"Home\",\"item\":\"https:\\\/\\\/www.wyomingehdi.org\\\/es\\\/\"},{\"@type\":\"ListItem\",\"position\":2,\"name\":\"Transcripci\u00f3n de la capacitaci\u00f3n en otoscopia\"}]},{\"@type\":\"WebSite\",\"@id\":\"https:\\\/\\\/www.wyomingehdi.org\\\/es\\\/#website\",\"url\":\"https:\\\/\\\/www.wyomingehdi.org\\\/es\\\/\",\"name\":\"Wyoming EHDI\",\"description\":\"Wyoming Early Hearing Detection &amp; Intervention\",\"publisher\":{\"@id\":\"https:\\\/\\\/www.wyomingehdi.org\\\/es\\\/#organization\"},\"potentialAction\":[{\"@type\":\"SearchAction\",\"target\":{\"@type\":\"EntryPoint\",\"urlTemplate\":\"https:\\\/\\\/www.wyomingehdi.org\\\/es\\\/search\\\/{search_term_string}\"},\"query-input\":{\"@type\":\"PropertyValueSpecification\",\"valueRequired\":true,\"valueName\":\"search_term_string\"}}],\"inLanguage\":\"es\"},{\"@type\":\"Organization\",\"@id\":\"https:\\\/\\\/www.wyomingehdi.org\\\/es\\\/#organization\",\"name\":\"Wyoming EHDI\",\"url\":\"https:\\\/\\\/www.wyomingehdi.org\\\/es\\\/\",\"logo\":{\"@type\":\"ImageObject\",\"inLanguage\":\"es\",\"@id\":\"https:\\\/\\\/www.wyomingehdi.org\\\/es\\\/#\\\/schema\\\/logo\\\/image\\\/\",\"url\":\"https:\\\/\\\/www.wyomingehdi.org\\\/wp-content\\\/uploads\\\/2024\\\/07\\\/ehdi-wyoming-logo.svg\",\"contentUrl\":\"https:\\\/\\\/www.wyomingehdi.org\\\/wp-content\\\/uploads\\\/2024\\\/07\\\/ehdi-wyoming-logo.svg\",\"width\":241,\"height\":28,\"caption\":\"Wyoming EHDI\"},\"image\":{\"@id\":\"https:\\\/\\\/www.wyomingehdi.org\\\/es\\\/#\\\/schema\\\/logo\\\/image\\\/\"}}]}<\/script>\n<!-- \/ Yoast SEO plugin. -->","yoast_head_json":{"title":"Transcripci\u00f3n de la capacitaci\u00f3n en otoscopia - Wyoming EHDI","robots":{"index":"index","follow":"follow","max-snippet":"max-snippet:-1","max-image-preview":"max-image-preview:large","max-video-preview":"max-video-preview:-1"},"canonical":"https:\/\/www.wyomingehdi.org\/es\/transcripcion-de-la-capacitacion-en-otoscopia\/","og_locale":"es_ES","og_type":"article","og_title":"Transcripci\u00f3n de la capacitaci\u00f3n en otoscopia - Wyoming EHDI","og_description":"Transcripci\u00f3n de la formaci\u00f3n Transcripci\u00f3n de la capacitaci\u00f3n en otoscopia El primer aspecto de la otoscopia de detecci\u00f3n se realiza para cada o\u00eddo con el fin de identificar objetos extra\u00f1os, exceso de cera o cerumen, t\u00edmpanos perforados y tubos de ventilaci\u00f3n. Veamos c\u00f3mo se hace. El otoscopio no debe sostenerse como un martillo, sino m\u00e1s&hellip;","og_url":"https:\/\/www.wyomingehdi.org\/es\/transcripcion-de-la-capacitacion-en-otoscopia\/","og_site_name":"Wyoming EHDI","article_modified_time":"2025-01-08T23:25:38+00:00","twitter_card":"summary_large_image","twitter_misc":{"Tiempo de lectura":"1 minuto"},"schema":{"@context":"https:\/\/schema.org","@graph":[{"@type":"WebPage","@id":"https:\/\/www.wyomingehdi.org\/es\/transcripcion-de-la-capacitacion-en-otoscopia\/","url":"https:\/\/www.wyomingehdi.org\/es\/transcripcion-de-la-capacitacion-en-otoscopia\/","name":"Transcripci\u00f3n de la capacitaci\u00f3n en otoscopia - Wyoming EHDI","isPartOf":{"@id":"https:\/\/www.wyomingehdi.org\/es\/#website"},"datePublished":"2024-10-24T18:04:44+00:00","dateModified":"2025-01-08T23:25:38+00:00","breadcrumb":{"@id":"https:\/\/www.wyomingehdi.org\/es\/transcripcion-de-la-capacitacion-en-otoscopia\/#breadcrumb"},"inLanguage":"es","potentialAction":[{"@type":"ReadAction","target":["https:\/\/www.wyomingehdi.org\/es\/transcripcion-de-la-capacitacion-en-otoscopia\/"]}]},{"@type":"BreadcrumbList","@id":"https:\/\/www.wyomingehdi.org\/es\/transcripcion-de-la-capacitacion-en-otoscopia\/#breadcrumb","itemListElement":[{"@type":"ListItem","position":1,"name":"Home","item":"https:\/\/www.wyomingehdi.org\/es\/"},{"@type":"ListItem","position":2,"name":"Transcripci\u00f3n de la capacitaci\u00f3n en otoscopia"}]},{"@type":"WebSite","@id":"https:\/\/www.wyomingehdi.org\/es\/#website","url":"https:\/\/www.wyomingehdi.org\/es\/","name":"Wyoming EHDI","description":"Wyoming Early Hearing Detection &amp; Intervention","publisher":{"@id":"https:\/\/www.wyomingehdi.org\/es\/#organization"},"potentialAction":[{"@type":"SearchAction","target":{"@type":"EntryPoint","urlTemplate":"https:\/\/www.wyomingehdi.org\/es\/search\/{search_term_string}"},"query-input":{"@type":"PropertyValueSpecification","valueRequired":true,"valueName":"search_term_string"}}],"inLanguage":"es"},{"@type":"Organization","@id":"https:\/\/www.wyomingehdi.org\/es\/#organization","name":"Wyoming EHDI","url":"https:\/\/www.wyomingehdi.org\/es\/","logo":{"@type":"ImageObject","inLanguage":"es","@id":"https:\/\/www.wyomingehdi.org\/es\/#\/schema\/logo\/image\/","url":"https:\/\/www.wyomingehdi.org\/wp-content\/uploads\/2024\/07\/ehdi-wyoming-logo.svg","contentUrl":"https:\/\/www.wyomingehdi.org\/wp-content\/uploads\/2024\/07\/ehdi-wyoming-logo.svg","width":241,"height":28,"caption":"Wyoming EHDI"},"image":{"@id":"https:\/\/www.wyomingehdi.org\/es\/#\/schema\/logo\/image\/"}}]}},"_links":{"self":[{"href":"https:\/\/www.wyomingehdi.org\/es\/wp-json\/wp\/v2\/pages\/1739","targetHints":{"allow":["GET"]}}],"collection":[{"href":"https:\/\/www.wyomingehdi.org\/es\/wp-json\/wp\/v2\/pages"}],"about":[{"href":"https:\/\/www.wyomingehdi.org\/es\/wp-json\/wp\/v2\/types\/page"}],"author":[{"embeddable":true,"href":"https:\/\/www.wyomingehdi.org\/es\/wp-json\/wp\/v2\/users\/2"}],"replies":[{"embeddable":true,"href":"https:\/\/www.wyomingehdi.org\/es\/wp-json\/wp\/v2\/comments?post=1739"}],"version-history":[{"count":0,"href":"https:\/\/www.wyomingehdi.org\/es\/wp-json\/wp\/v2\/pages\/1739\/revisions"}],"wp:attachment":[{"href":"https:\/\/www.wyomingehdi.org\/es\/wp-json\/wp\/v2\/media?parent=1739"}],"curies":[{"name":"wp","href":"https:\/\/api.w.org\/{rel}","templated":true}]}}