{"id":1746,"date":"2024-08-08T15:16:57","date_gmt":"2024-08-08T15:16:57","guid":{"rendered":"https:\/\/www.wyomingehdi.org\/capacitacion-en-linea\/"},"modified":"2025-01-08T23:18:23","modified_gmt":"2025-01-08T23:18:23","slug":"capacitacion-en-linea","status":"publish","type":"page","link":"https:\/\/www.wyomingehdi.org\/es\/resumen-de-la-formacion\/capacitacion-en-linea\/","title":{"rendered":"Capacitaci\u00f3n en l\u00ednea"},"content":{"rendered":"        <!-- Load general styles -->\n                <style>\n            \/*\n            * Classes used by blocks to hide content at device breakpoints.\n            *\/\n            .cgb-container-hide-phone {\n                display: none;\n            }\n\n            \/* Hide on tablet *\/\n            @media (min-width: 48.875rem) {\n                .cgb-container-hide-phone {\n                    display: flex;  \/* Restore from previous display: none; *\/\n                }\n                .cgb-container-hide-tablet {\n                    display: none;\n                }\n            }\n\n            \/* Hide on desktop *\/\n            @media (min-width: 64.000rem) {\n                .cgb-container-hide-phone {\n                    display: flex;  \/* Restore from previous display: none; *\/\n                }\n                .cgb-container-hide-tablet {\n                    display: flex;  \/* Restore from previous display: none; *\/\n                }\n                .cgb-container-hide-desktop {\n                    display: none;\n                }\n            }\n        <\/style>\n    \n        <!-- Load styles specific to this block instance on our page -->\n        <style>\n            \/*\n             * Set mobile and desktop styles.\n             *\/\n            .block_dae8d5360949d9c7f569962000879273 > .cgb-container-wrapper {\n                                box-sizing: border-box;\n                padding: 0 0 0;\n                margin: 0 0 0;\n                min-height: auto;\n                justify-content: flex-start;\n            }\n\n            @media (min-width: 48.875rem) {\n                .block_dae8d5360949d9c7f569962000879273 > .cgb-container-wrapper {\n                    padding: 5.000rem 2.500rem 2.500rem;\n                    margin: 0 0 0;\n                    min-height: auto;\n                }\n            }\n\n            \/*\n             * Background image override if needed.\n             * If the background image size is the actual image size ('auto') and the viewport becomes\n             * wider than the image then stretch the image to always fill the viewport. Otherwise, the\n             * image will not display full width in larger viewports. The section id ensures this is\n             * specific to THIS particular block instance.\n             *\/\n            \n            \/*\n             * Set values for direct descendant container. The container may contain\n             * other containers you know.\n             *\/\n            .block_dae8d5360949d9c7f569962000879273 > .cgb-container-wrapper > .cgb-container {\n                max-width: 80.000rem;\n            }\n        <\/style>\n\n        <section id=\"\"\n            class=\"cgb-container-block cgb-acf-block block_dae8d5360949d9c7f569962000879273 online-training container\">\n\n            <div class=\"cgb-container-wrapper\">\n\n                <div class=\"cgb-container\">\n                                        \n\n<div class=\"wp-block-columns are-vertically-aligned-center is-layout-flex wp-container-core-columns-is-layout-28f84493 wp-block-columns-is-layout-flex\">\n<div class=\"wp-block-column is-vertically-aligned-center mobile-text-column is-layout-flow wp-container-core-column-is-layout-3f4f19e9 wp-block-column-is-layout-flow\" style=\"padding-top:0;padding-right:var(--wp--preset--spacing--80);padding-bottom:0;padding-left:0;flex-basis:50%\">\n<div class=\"wp-block-group mobile-text-50-50 is-layout-constrained wp-container-core-group-is-layout-639b5052 wp-block-group-is-layout-constrained\" style=\"padding-top:0;padding-right:0;padding-bottom:0;padding-left:0\">\n<h1 class=\"wp-block-heading has-text-align-left has-h-1-l-font-size\">Capacitaci\u00f3n en l\u00ednea<\/h1>\n\n\n\n<p class=\"has-body-font-size\">Aprenda sobre la salud auditiva, la detecci\u00f3n temprana de la audici\u00f3n y la identificaci\u00f3n de la p\u00e9rdida auditiva, la importancia del manejo oportuno y adecuado del desarrollo, los servicios de intervenci\u00f3n temprana y m\u00e1s.<\/p>\n<\/div>\n<\/div>\n\n\n\n<div class=\"wp-block-column is-vertically-aligned-center mobile-text-50-50 is-layout-flow wp-block-column-is-layout-flow\" style=\"flex-basis:50%\">\n<figure class=\"wp-block-image size-full is-resized\"><img loading=\"lazy\" decoding=\"async\" width=\"800\" height=\"387\" src=\"https:\/\/www.wyomingehdi.org\/wp-content\/uploads\/2024\/12\/slider-baby1.jpg\" alt=\"Ni\u00f1o peque\u00f1o de pie en un campo de hierba y flores.\" class=\"wp-image-1691\" style=\"width:616px;height:auto\" srcset=\"https:\/\/www.wyomingehdi.org\/wp-content\/uploads\/2024\/12\/slider-baby1.jpg 800w, https:\/\/www.wyomingehdi.org\/wp-content\/uploads\/2024\/12\/slider-baby1-428x207.jpg 428w, https:\/\/www.wyomingehdi.org\/wp-content\/uploads\/2024\/12\/slider-baby1-720x348.jpg 720w, https:\/\/www.wyomingehdi.org\/wp-content\/uploads\/2024\/12\/slider-baby1-576x279.jpg 576w, https:\/\/www.wyomingehdi.org\/wp-content\/uploads\/2024\/12\/slider-baby1-768x372.jpg 768w\" sizes=\"auto, (max-width: 800px) 100vw, 800px\" \/><\/figure>\n<\/div>\n<\/div>\n\n\n                <\/div>\n\n            <\/div>\n\n        <\/section>\n\n    \n\n        <!-- Load general styles -->\n                <style>\n            \/*\n            * Classes used by blocks to hide content at device breakpoints.\n            *\/\n            .cgb-container-hide-phone {\n                display: none;\n            }\n\n            \/* Hide on tablet *\/\n            @media (min-width: 48.875rem) {\n                .cgb-container-hide-phone {\n                    display: flex;  \/* Restore from previous display: none; *\/\n                }\n                .cgb-container-hide-tablet {\n                    display: none;\n                }\n            }\n\n            \/* Hide on desktop *\/\n            @media (min-width: 64.000rem) {\n                .cgb-container-hide-phone {\n                    display: flex;  \/* Restore from previous display: none; *\/\n                }\n                .cgb-container-hide-tablet {\n                    display: flex;  \/* Restore from previous display: none; *\/\n                }\n                .cgb-container-hide-desktop {\n                    display: none;\n                }\n            }\n        <\/style>\n    \n        <!-- Load styles specific to this block instance on our page -->\n        <style>\n            \/*\n             * Set mobile and desktop styles.\n             *\/\n            .block_9cb734678feb2a456978f2e081b2dd87 > .cgb-container-wrapper {\n                                box-sizing: border-box;\n                padding: 0 0 0;\n                margin: 0 0 0;\n                min-height: auto;\n                justify-content: flex-start;\n            }\n\n            @media (min-width: 48.875rem) {\n                .block_9cb734678feb2a456978f2e081b2dd87 > .cgb-container-wrapper {\n                    padding: 5.000rem 2.500rem 2.500rem;\n                    margin: 0 0 0;\n                    min-height: auto;\n                }\n            }\n\n            \/*\n             * Background image override if needed.\n             * If the background image size is the actual image size ('auto') and the viewport becomes\n             * wider than the image then stretch the image to always fill the viewport. Otherwise, the\n             * image will not display full width in larger viewports. The section id ensures this is\n             * specific to THIS particular block instance.\n             *\/\n            \n            \/*\n             * Set values for direct descendant container. The container may contain\n             * other containers you know.\n             *\/\n            .block_9cb734678feb2a456978f2e081b2dd87 > .cgb-container-wrapper > .cgb-container {\n                max-width: 80.000rem;\n            }\n        <\/style>\n\n        <section id=\"\"\n            class=\"cgb-container-block cgb-acf-block block_9cb734678feb2a456978f2e081b2dd87 training-columns\">\n\n            <div class=\"cgb-container-wrapper\">\n\n                <div class=\"cgb-container\">\n                                        \n\n<h2 class=\"wp-block-heading has-h-four-font-size\">Explora temas populares<\/h2>\n\n\n\n<div class=\"wp-block-group training-columns is-nowrap is-layout-flex wp-container-core-group-is-layout-bd3f9bef wp-block-group-is-layout-flex\">        <div class=\"training-column\">\n            <a href=\"https:\/\/www.wyomingehdi.org\/es\/resumen-de-la-formacion\/capacitacion-en-linea\/audicion-audicion-y-aprendizaje\/\">                <div class=\"training-column-content\">\n                        <p class=\"has-pre-heading-font-size\">Capacitaci\u00f3n en l\u00ednea<\/p>\n                    <h3 class=\" has-h-two-font-size\">Audici\u00f3n \/ Audici\u00f3n y Aprendizaje<\/h3>\n                    <p><span style=\"font-weight: 400\">En este curso, aprender\u00e1 sobre el papel que desempe\u00f1a la audici\u00f3n\/audici\u00f3n en los resultados educativos y de desarrollo de un ni\u00f1o y por qu\u00e9 son tan importantes las pruebas de audici\u00f3n, el cronograma 1-3-6 y la intervenci\u00f3n temprana.<\/span><\/p>\n                <\/div>\n            <\/a>\n        <\/div>\n\n\n        <div class=\"training-column\">\n            <a href=\"https:\/\/www.wyomingehdi.org\/es\/resumen-de-la-formacion\/capacitacion-en-linea\/otoscopia\/\">                <div class=\"training-column-content\">\n                        <p class=\"has-pre-heading-font-size\">Capacitaci\u00f3n en l\u00ednea<\/p>\n                    <h3 class=\" has-h-two-font-size\">Otoscopia<\/h3>\n                    <p>En este curso, aprender\u00e1 c\u00f3mo completar una inspecci\u00f3n otosc\u00f3pica como parte de sus procedimientos de detecci\u00f3n auditiva.<\/p>\n                <\/div>\n            <\/a>\n        <\/div>\n\n\n        <div class=\"training-column\">\n            <a href=\"https:\/\/www.wyomingehdi.org\/es\/resumen-de-la-formacion\/capacitacion-en-linea\/entrenamiento-de-immitancia\/\">                <div class=\"training-column-content\">\n                        <p class=\"has-pre-heading-font-size\">Capacitaci\u00f3n en l\u00ednea<\/p>\n                    <h3 class=\" has-h-two-font-size\">Entrenamiento de Immitancia<\/h3>\n                    <p><span style=\"font-weight: 400\">En este curso, aprender\u00e1 sobre el papel que desempe\u00f1a la inmitencia en la evaluaci\u00f3n auditiva de un ni\u00f1o<\/span><\/p>\n                <\/div>\n            <\/a>\n        <\/div>\n\n\n        <div class=\"training-column\">\n            <a href=\"https:\/\/www.wyomingehdi.org\/es\/resumen-de-la-formacion\/capacitacion-en-linea\/emisiones-otoacusticas\/\">                <div class=\"training-column-content\">\n                        <p class=\"has-pre-heading-font-size\">Capacitaci\u00f3n en l\u00ednea<\/p>\n                    <h3 class=\" has-h-two-font-size\">Emisiones otoac\u00fasticas<\/h3>\n                    <p>En este curso, aprender\u00e1 c\u00f3mo evaluar la audici\u00f3n de un ni\u00f1o usando OAE.<\/p>\n                <\/div>\n            <\/a>\n        <\/div>\n\n\n        <div class=\"training-column\">\n            <a href=\"https:\/\/www.wyomingehdi.org\/es\/resumen-de-la-formacion\/capacitacion-en-linea\/tonos-puros\/\">                <div class=\"training-column-content\">\n                        <p class=\"has-pre-heading-font-size\">Capacitaci\u00f3n en l\u00ednea<\/p>\n                    <h3 class=\" has-h-two-font-size\">Tonos puros<\/h3>\n                    <p>En este curso, aprender\u00e1 c\u00f3mo evaluar la audici\u00f3n de un ni\u00f1o usando Tonos Puros.<\/p>\n                <\/div>\n            <\/a>\n        <\/div>\n\n\n        <div class=\"training-column\">\n            <a href=\"https:\/\/www.wyomingehdi.org\/es\/desarrollo-de-habilidades-auditivas\/\">                <div class=\"training-column-content\">\n                        <p class=\"has-pre-heading-font-size\">Capacitaci\u00f3n en l\u00ednea<\/p>\n                    <h3 class=\" has-h-two-font-size\">Desarrollo de habilidades auditivas  <\/h3>\n                    <p>En este curso, aprender\u00e1 sobre el papel que desempe\u00f1a la audici\u00f3n\/audici\u00f3n en los resultados educativos y de desarrollo de un ni\u00f1o y por qu\u00e9 son tan importantes las pruebas de audici\u00f3n, el cronograma 1-3-6 y la intervenci\u00f3n temprana.<\/p>\n                <\/div>\n            <\/a>\n        <\/div>\n<\/div>\n\n\n                <\/div>\n\n            <\/div>\n\n        <\/section>\n\n    ","protected":false},"excerpt":{"rendered":"<p>Capacitaci\u00f3n en l\u00ednea Aprenda sobre la salud auditiva, la detecci\u00f3n temprana de la audici\u00f3n y la identificaci\u00f3n de la p\u00e9rdida auditiva, la importancia del manejo oportuno y adecuado del desarrollo, los servicios de intervenci\u00f3n temprana y m\u00e1s. Explora temas populares<\/p>\n","protected":false},"author":2,"featured_media":0,"parent":1777,"menu_order":0,"comment_status":"closed","ping_status":"closed","template":"","meta":{"_acf_changed":false,"_monsterinsights_skip_tracking":false,"_monsterinsights_sitenote_active":false,"_monsterinsights_sitenote_note":"","_monsterinsights_sitenote_category":0,"footnotes":""},"class_list":["post-1746","page","type-page","status-publish","hentry"],"acf":[],"yoast_head":"<!-- This site is optimized with the Yoast SEO plugin v27.4 - https:\/\/yoast.com\/product\/yoast-seo-wordpress\/ -->\n<title>Capacitaci\u00f3n en l\u00ednea - Wyoming EHDI<\/title>\n<meta name=\"robots\" content=\"index, follow, max-snippet:-1, max-image-preview:large, max-video-preview:-1\" \/>\n<link rel=\"canonical\" href=\"https:\/\/www.wyomingehdi.org\/es\/resumen-de-la-formacion\/capacitacion-en-linea\/\" \/>\n<meta property=\"og:locale\" content=\"es_ES\" \/>\n<meta property=\"og:type\" content=\"article\" \/>\n<meta property=\"og:title\" content=\"Capacitaci\u00f3n en l\u00ednea - Wyoming EHDI\" \/>\n<meta property=\"og:description\" content=\"Capacitaci\u00f3n en l\u00ednea Aprenda sobre la salud auditiva, la detecci\u00f3n temprana de la audici\u00f3n y la identificaci\u00f3n de la p\u00e9rdida auditiva, la importancia del manejo oportuno y adecuado del desarrollo, los servicios de intervenci\u00f3n temprana y m\u00e1s. Explora temas populares\" \/>\n<meta property=\"og:url\" content=\"https:\/\/www.wyomingehdi.org\/es\/resumen-de-la-formacion\/capacitacion-en-linea\/\" \/>\n<meta property=\"og:site_name\" content=\"Wyoming EHDI\" \/>\n<meta property=\"article:modified_time\" content=\"2025-01-08T23:18:23+00:00\" \/>\n<meta property=\"og:image\" content=\"https:\/\/www.wyomingehdi.org\/wp-content\/uploads\/2024\/12\/slider-baby1.jpg\" \/>\n\t<meta property=\"og:image:width\" content=\"800\" \/>\n\t<meta property=\"og:image:height\" content=\"387\" \/>\n\t<meta property=\"og:image:type\" content=\"image\/jpeg\" \/>\n<meta name=\"twitter:card\" content=\"summary_large_image\" \/>\n<meta name=\"twitter:label1\" content=\"Tiempo de lectura\" \/>\n\t<meta name=\"twitter:data1\" content=\"1 minuto\" \/>\n<script type=\"application\/ld+json\" class=\"yoast-schema-graph\">{\"@context\":\"https:\\\/\\\/schema.org\",\"@graph\":[{\"@type\":\"WebPage\",\"@id\":\"https:\\\/\\\/www.wyomingehdi.org\\\/es\\\/resumen-de-la-formacion\\\/capacitacion-en-linea\\\/\",\"url\":\"https:\\\/\\\/www.wyomingehdi.org\\\/es\\\/resumen-de-la-formacion\\\/capacitacion-en-linea\\\/\",\"name\":\"Capacitaci\u00f3n en l\u00ednea - Wyoming EHDI\",\"isPartOf\":{\"@id\":\"https:\\\/\\\/www.wyomingehdi.org\\\/es\\\/#website\"},\"primaryImageOfPage\":{\"@id\":\"https:\\\/\\\/www.wyomingehdi.org\\\/es\\\/resumen-de-la-formacion\\\/capacitacion-en-linea\\\/#primaryimage\"},\"image\":{\"@id\":\"https:\\\/\\\/www.wyomingehdi.org\\\/es\\\/resumen-de-la-formacion\\\/capacitacion-en-linea\\\/#primaryimage\"},\"thumbnailUrl\":\"https:\\\/\\\/www.wyomingehdi.org\\\/wp-content\\\/uploads\\\/2024\\\/12\\\/slider-baby1.jpg\",\"datePublished\":\"2024-08-08T15:16:57+00:00\",\"dateModified\":\"2025-01-08T23:18:23+00:00\",\"breadcrumb\":{\"@id\":\"https:\\\/\\\/www.wyomingehdi.org\\\/es\\\/resumen-de-la-formacion\\\/capacitacion-en-linea\\\/#breadcrumb\"},\"inLanguage\":\"es\",\"potentialAction\":[{\"@type\":\"ReadAction\",\"target\":[\"https:\\\/\\\/www.wyomingehdi.org\\\/es\\\/resumen-de-la-formacion\\\/capacitacion-en-linea\\\/\"]}]},{\"@type\":\"ImageObject\",\"inLanguage\":\"es\",\"@id\":\"https:\\\/\\\/www.wyomingehdi.org\\\/es\\\/resumen-de-la-formacion\\\/capacitacion-en-linea\\\/#primaryimage\",\"url\":\"https:\\\/\\\/www.wyomingehdi.org\\\/wp-content\\\/uploads\\\/2024\\\/12\\\/slider-baby1.jpg\",\"contentUrl\":\"https:\\\/\\\/www.wyomingehdi.org\\\/wp-content\\\/uploads\\\/2024\\\/12\\\/slider-baby1.jpg\"},{\"@type\":\"BreadcrumbList\",\"@id\":\"https:\\\/\\\/www.wyomingehdi.org\\\/es\\\/resumen-de-la-formacion\\\/capacitacion-en-linea\\\/#breadcrumb\",\"itemListElement\":[{\"@type\":\"ListItem\",\"position\":1,\"name\":\"Home\",\"item\":\"https:\\\/\\\/www.wyomingehdi.org\\\/es\\\/\"},{\"@type\":\"ListItem\",\"position\":2,\"name\":\"Resumen de la formaci\u00f3n\",\"item\":\"https:\\\/\\\/www.wyomingehdi.org\\\/es\\\/resumen-de-la-formacion\\\/\"},{\"@type\":\"ListItem\",\"position\":3,\"name\":\"Capacitaci\u00f3n en l\u00ednea\"}]},{\"@type\":\"WebSite\",\"@id\":\"https:\\\/\\\/www.wyomingehdi.org\\\/es\\\/#website\",\"url\":\"https:\\\/\\\/www.wyomingehdi.org\\\/es\\\/\",\"name\":\"Wyoming EHDI\",\"description\":\"Wyoming Early Hearing Detection &amp; Intervention\",\"publisher\":{\"@id\":\"https:\\\/\\\/www.wyomingehdi.org\\\/es\\\/#organization\"},\"potentialAction\":[{\"@type\":\"SearchAction\",\"target\":{\"@type\":\"EntryPoint\",\"urlTemplate\":\"https:\\\/\\\/www.wyomingehdi.org\\\/es\\\/search\\\/{search_term_string}\"},\"query-input\":{\"@type\":\"PropertyValueSpecification\",\"valueRequired\":true,\"valueName\":\"search_term_string\"}}],\"inLanguage\":\"es\"},{\"@type\":\"Organization\",\"@id\":\"https:\\\/\\\/www.wyomingehdi.org\\\/es\\\/#organization\",\"name\":\"Wyoming EHDI\",\"url\":\"https:\\\/\\\/www.wyomingehdi.org\\\/es\\\/\",\"logo\":{\"@type\":\"ImageObject\",\"inLanguage\":\"es\",\"@id\":\"https:\\\/\\\/www.wyomingehdi.org\\\/es\\\/#\\\/schema\\\/logo\\\/image\\\/\",\"url\":\"https:\\\/\\\/www.wyomingehdi.org\\\/wp-content\\\/uploads\\\/2024\\\/07\\\/ehdi-wyoming-logo.svg\",\"contentUrl\":\"https:\\\/\\\/www.wyomingehdi.org\\\/wp-content\\\/uploads\\\/2024\\\/07\\\/ehdi-wyoming-logo.svg\",\"width\":241,\"height\":28,\"caption\":\"Wyoming EHDI\"},\"image\":{\"@id\":\"https:\\\/\\\/www.wyomingehdi.org\\\/es\\\/#\\\/schema\\\/logo\\\/image\\\/\"}}]}<\/script>\n<!-- \/ Yoast SEO plugin. -->","yoast_head_json":{"title":"Capacitaci\u00f3n en l\u00ednea - Wyoming EHDI","robots":{"index":"index","follow":"follow","max-snippet":"max-snippet:-1","max-image-preview":"max-image-preview:large","max-video-preview":"max-video-preview:-1"},"canonical":"https:\/\/www.wyomingehdi.org\/es\/resumen-de-la-formacion\/capacitacion-en-linea\/","og_locale":"es_ES","og_type":"article","og_title":"Capacitaci\u00f3n en l\u00ednea - Wyoming EHDI","og_description":"Capacitaci\u00f3n en l\u00ednea Aprenda sobre la salud auditiva, la detecci\u00f3n temprana de la audici\u00f3n y la identificaci\u00f3n de la p\u00e9rdida auditiva, la importancia del manejo oportuno y adecuado del desarrollo, los servicios de intervenci\u00f3n temprana y m\u00e1s. Explora temas populares","og_url":"https:\/\/www.wyomingehdi.org\/es\/resumen-de-la-formacion\/capacitacion-en-linea\/","og_site_name":"Wyoming EHDI","article_modified_time":"2025-01-08T23:18:23+00:00","og_image":[{"width":800,"height":387,"url":"https:\/\/www.wyomingehdi.org\/wp-content\/uploads\/2024\/12\/slider-baby1.jpg","type":"image\/jpeg"}],"twitter_card":"summary_large_image","twitter_misc":{"Tiempo de lectura":"1 minuto"},"schema":{"@context":"https:\/\/schema.org","@graph":[{"@type":"WebPage","@id":"https:\/\/www.wyomingehdi.org\/es\/resumen-de-la-formacion\/capacitacion-en-linea\/","url":"https:\/\/www.wyomingehdi.org\/es\/resumen-de-la-formacion\/capacitacion-en-linea\/","name":"Capacitaci\u00f3n en l\u00ednea - Wyoming EHDI","isPartOf":{"@id":"https:\/\/www.wyomingehdi.org\/es\/#website"},"primaryImageOfPage":{"@id":"https:\/\/www.wyomingehdi.org\/es\/resumen-de-la-formacion\/capacitacion-en-linea\/#primaryimage"},"image":{"@id":"https:\/\/www.wyomingehdi.org\/es\/resumen-de-la-formacion\/capacitacion-en-linea\/#primaryimage"},"thumbnailUrl":"https:\/\/www.wyomingehdi.org\/wp-content\/uploads\/2024\/12\/slider-baby1.jpg","datePublished":"2024-08-08T15:16:57+00:00","dateModified":"2025-01-08T23:18:23+00:00","breadcrumb":{"@id":"https:\/\/www.wyomingehdi.org\/es\/resumen-de-la-formacion\/capacitacion-en-linea\/#breadcrumb"},"inLanguage":"es","potentialAction":[{"@type":"ReadAction","target":["https:\/\/www.wyomingehdi.org\/es\/resumen-de-la-formacion\/capacitacion-en-linea\/"]}]},{"@type":"ImageObject","inLanguage":"es","@id":"https:\/\/www.wyomingehdi.org\/es\/resumen-de-la-formacion\/capacitacion-en-linea\/#primaryimage","url":"https:\/\/www.wyomingehdi.org\/wp-content\/uploads\/2024\/12\/slider-baby1.jpg","contentUrl":"https:\/\/www.wyomingehdi.org\/wp-content\/uploads\/2024\/12\/slider-baby1.jpg"},{"@type":"BreadcrumbList","@id":"https:\/\/www.wyomingehdi.org\/es\/resumen-de-la-formacion\/capacitacion-en-linea\/#breadcrumb","itemListElement":[{"@type":"ListItem","position":1,"name":"Home","item":"https:\/\/www.wyomingehdi.org\/es\/"},{"@type":"ListItem","position":2,"name":"Resumen de la formaci\u00f3n","item":"https:\/\/www.wyomingehdi.org\/es\/resumen-de-la-formacion\/"},{"@type":"ListItem","position":3,"name":"Capacitaci\u00f3n en l\u00ednea"}]},{"@type":"WebSite","@id":"https:\/\/www.wyomingehdi.org\/es\/#website","url":"https:\/\/www.wyomingehdi.org\/es\/","name":"Wyoming EHDI","description":"Wyoming Early Hearing Detection &amp; Intervention","publisher":{"@id":"https:\/\/www.wyomingehdi.org\/es\/#organization"},"potentialAction":[{"@type":"SearchAction","target":{"@type":"EntryPoint","urlTemplate":"https:\/\/www.wyomingehdi.org\/es\/search\/{search_term_string}"},"query-input":{"@type":"PropertyValueSpecification","valueRequired":true,"valueName":"search_term_string"}}],"inLanguage":"es"},{"@type":"Organization","@id":"https:\/\/www.wyomingehdi.org\/es\/#organization","name":"Wyoming EHDI","url":"https:\/\/www.wyomingehdi.org\/es\/","logo":{"@type":"ImageObject","inLanguage":"es","@id":"https:\/\/www.wyomingehdi.org\/es\/#\/schema\/logo\/image\/","url":"https:\/\/www.wyomingehdi.org\/wp-content\/uploads\/2024\/07\/ehdi-wyoming-logo.svg","contentUrl":"https:\/\/www.wyomingehdi.org\/wp-content\/uploads\/2024\/07\/ehdi-wyoming-logo.svg","width":241,"height":28,"caption":"Wyoming EHDI"},"image":{"@id":"https:\/\/www.wyomingehdi.org\/es\/#\/schema\/logo\/image\/"}}]}},"_links":{"self":[{"href":"https:\/\/www.wyomingehdi.org\/es\/wp-json\/wp\/v2\/pages\/1746","targetHints":{"allow":["GET"]}}],"collection":[{"href":"https:\/\/www.wyomingehdi.org\/es\/wp-json\/wp\/v2\/pages"}],"about":[{"href":"https:\/\/www.wyomingehdi.org\/es\/wp-json\/wp\/v2\/types\/page"}],"author":[{"embeddable":true,"href":"https:\/\/www.wyomingehdi.org\/es\/wp-json\/wp\/v2\/users\/2"}],"replies":[{"embeddable":true,"href":"https:\/\/www.wyomingehdi.org\/es\/wp-json\/wp\/v2\/comments?post=1746"}],"version-history":[{"count":0,"href":"https:\/\/www.wyomingehdi.org\/es\/wp-json\/wp\/v2\/pages\/1746\/revisions"}],"up":[{"embeddable":true,"href":"https:\/\/www.wyomingehdi.org\/es\/wp-json\/wp\/v2\/pages\/1777"}],"wp:attachment":[{"href":"https:\/\/www.wyomingehdi.org\/es\/wp-json\/wp\/v2\/media?parent=1746"}],"curies":[{"name":"wp","href":"https:\/\/api.w.org\/{rel}","templated":true}]}}