{"id":1747,"date":"2024-07-31T20:36:55","date_gmt":"2024-07-31T20:36:55","guid":{"rendered":"https:\/\/www.wyomingehdi.org\/hospitales-de-maternidad\/"},"modified":"2024-12-20T21:56:38","modified_gmt":"2024-12-20T21:56:38","slug":"hospitales-de-maternidad","status":"publish","type":"page","link":"https:\/\/www.wyomingehdi.org\/es\/hospitales-de-maternidad\/","title":{"rendered":"Hospitales de maternidad"},"content":{"rendered":"        <!-- Load general styles -->\n                <style>\n            \/*\n            * Classes used by blocks to hide content at device breakpoints.\n            *\/\n            .cgb-container-hide-phone {\n                display: none;\n            }\n\n            \/* Hide on tablet *\/\n            @media (min-width: 48.875rem) {\n                .cgb-container-hide-phone {\n                    display: flex;  \/* Restore from previous display: none; *\/\n                }\n                .cgb-container-hide-tablet {\n                    display: none;\n                }\n            }\n\n            \/* Hide on desktop *\/\n            @media (min-width: 64.000rem) {\n                .cgb-container-hide-phone {\n                    display: flex;  \/* Restore from previous display: none; *\/\n                }\n                .cgb-container-hide-tablet {\n                    display: flex;  \/* Restore from previous display: none; *\/\n                }\n                .cgb-container-hide-desktop {\n                    display: none;\n                }\n            }\n        <\/style>\n    \n        <!-- Load styles specific to this block instance on our page -->\n        <style>\n            \/*\n             * Set mobile and desktop styles.\n             *\/\n            .block_9261e2b28d0a3c8fcad725ceda1670c1 > .cgb-container-wrapper {\n                                box-sizing: border-box;\n                padding:  0 ;\n                margin: 0 0 0;\n                min-height: auto;\n                justify-content: middle;\n            }\n\n            @media (min-width: 48.875rem) {\n                .block_9261e2b28d0a3c8fcad725ceda1670c1 > .cgb-container-wrapper {\n                    padding:   ;\n                    margin: 0 0 0;\n                    min-height: auto;\n                }\n            }\n\n            \/*\n             * Background image override if needed.\n             * If the background image size is the actual image size ('auto') and the viewport becomes\n             * wider than the image then stretch the image to always fill the viewport. Otherwise, the\n             * image will not display full width in larger viewports. The section id ensures this is\n             * specific to THIS particular block instance.\n             *\/\n            \n            \/*\n             * Set values for direct descendant container. The container may contain\n             * other containers you know.\n             *\/\n            .block_9261e2b28d0a3c8fcad725ceda1670c1 > .cgb-container-wrapper > .cgb-container {\n                max-width: ;\n            }\n        <\/style>\n\n        <section id=\"\"\n            class=\"cgb-container-block cgb-acf-block block_9261e2b28d0a3c8fcad725ceda1670c1 \">\n\n            <div class=\"cgb-container-wrapper\">\n\n                <div class=\"cgb-container\">\n                                        \n        <!-- Load general styles -->\n                <style>\n            \/*\n            * Classes used by blocks to hide content at device breakpoints.\n            *\/\n            .cgb-container-hide-phone {\n                display: none;\n            }\n\n            \/* Hide on tablet *\/\n            @media (min-width: 48.875rem) {\n                .cgb-container-hide-phone {\n                    display: flex;  \/* Restore from previous display: none; *\/\n                }\n                .cgb-container-hide-tablet {\n                    display: none;\n                }\n            }\n\n            \/* Hide on desktop *\/\n            @media (min-width: 64.000rem) {\n                .cgb-container-hide-phone {\n                    display: flex;  \/* Restore from previous display: none; *\/\n                }\n                .cgb-container-hide-tablet {\n                    display: flex;  \/* Restore from previous display: none; *\/\n                }\n                .cgb-container-hide-desktop {\n                    display: none;\n                }\n            }\n        <\/style>\n    \n        <!-- Load styles specific to this block instance on our page -->\n        <style>\n            \/*\n             * Set mobile and desktop styles.\n             *\/\n            .block_3476fca5359b057e323cab18c4cf8aa1 > .cgb-container-wrapper {\n                                box-sizing: border-box;\n                padding: 0  0;\n                margin: 0 0 0;\n                min-height: auto;\n                justify-content: middle;\n            }\n\n            @media (min-width: 48.875rem) {\n                .block_3476fca5359b057e323cab18c4cf8aa1 > .cgb-container-wrapper {\n                    padding:  0 ;\n                    margin: 0 0 0;\n                    min-height: auto;\n                }\n            }\n\n            \/*\n             * Background image override if needed.\n             * If the background image size is the actual image size ('auto') and the viewport becomes\n             * wider than the image then stretch the image to always fill the viewport. Otherwise, the\n             * image will not display full width in larger viewports. The section id ensures this is\n             * specific to THIS particular block instance.\n             *\/\n            \n            \/*\n             * Set values for direct descendant container. The container may contain\n             * other containers you know.\n             *\/\n            .block_3476fca5359b057e323cab18c4cf8aa1 > .cgb-container-wrapper > .cgb-container {\n                max-width: 80.000rem;\n            }\n        <\/style>\n\n        <section id=\"\"\n            class=\"cgb-container-block cgb-acf-block block_3476fca5359b057e323cab18c4cf8aa1 \">\n\n            <div class=\"cgb-container-wrapper\">\n\n                <div class=\"cgb-container\">\n                                        \n\n<p class=\"has-pre-heading-font-size\">Chequeo<\/p>\n\n\n\n<h1 class=\"wp-block-heading\">Hospitales de maternidad<\/h1>\n\n\n\n<h2 class=\"wp-block-heading\" style=\"padding-top:0;padding-right:0;padding-bottom:0;padding-left:0\">Directorio de Hospitales de Maternidad<\/h2>\n\n\n\n<p>El estado de Wyoming tiene 18 hospitales de partos. Todos ellos (consulte la lista a continuaci\u00f3n) participan en el Programa de Detecci\u00f3n de Audici\u00f3n para Reci\u00e9n Nacidos y tienen equipos disponibles en el lugar para realizar evaluaciones de audici\u00f3n para reci\u00e9n nacidos.<\/p>\n\n\n\n<ul class=\"wp-block-list\">\n<li>Afton &#8211; Star Valley Hospital<\/li>\n\n\n\n<li>Buffalo &#8211; Centro de Atenci\u00f3n M\u00e9dica del Condado de Johnson<\/li>\n\n\n\n<li>Casper &#8211; Centro M\u00e9dico de Wyoming<\/li>\n\n\n\n<li>Cheyenne &#8211; Centro M\u00e9dico Regional de Cheyenne<\/li>\n\n\n\n<li>Cody &#8211; West Park Hospital<\/li>\n\n\n\n<li>Douglas &#8211; Hospital Memorial del Condado de Converse<\/li>\n\n\n\n<li>Gillette &#8211; Hospital Conmemorativo del Condado de Campbell<\/li>\n\n\n\n<li>Jackson &#8211; Centro M\u00e9dico St. John&#8217;s<\/li>\n\n\n\n<li>L\u00e4nder &#8211; Hospital Regional de L\u00e4nder<\/li>\n\n\n\n<li>Laramie &#8211; Hospital Conmemorativo Ivinson<\/li>\n\n\n\n<li>Powell &#8211; Powell Valley Healthcare<\/li>\n\n\n\n<li>Riverton &#8211; Riverton Memorial Hospital<\/li>\n\n\n\n<li>Rock Springs &#8211; Hospital Memorial de Sweetwater<\/li>\n\n\n\n<li>Sheridan &#8211; Sheridan Memorial Hospital<\/li>\n\n\n\n<li>Thermopolis &#8211; Hospital Conmemorativo del Condado de Hot Springs<\/li>\n\n\n\n<li>Torrington &#8211; Hospital Comunitario<\/li>\n\n\n\n<li>Wheatland &#8211; Hospital Conmemorativo del Condado de Platte<\/li>\n\n\n\n<li>Worland &#8211; Centro M\u00e9dico Washakie<\/li>\n<\/ul>\n\n\n                <\/div>\n\n            <\/div>\n\n        <\/section>\n\n    \n\n                <\/div>\n\n            <\/div>\n\n        <\/section>\n\n    ","protected":false},"excerpt":{"rendered":"<p>Chequeo Hospitales de maternidad Directorio de Hospitales de Maternidad El estado de Wyoming tiene 18 hospitales de partos. Todos ellos (consulte la lista a continuaci\u00f3n) participan en el Programa de Detecci\u00f3n de Audici\u00f3n para Reci\u00e9n Nacidos y tienen equipos disponibles en el lugar para realizar evaluaciones de audici\u00f3n para reci\u00e9n nacidos.<\/p>\n","protected":false},"author":2,"featured_media":0,"parent":0,"menu_order":0,"comment_status":"closed","ping_status":"closed","template":"","meta":{"_acf_changed":false,"_monsterinsights_skip_tracking":false,"_monsterinsights_sitenote_active":false,"_monsterinsights_sitenote_note":"","_monsterinsights_sitenote_category":0,"footnotes":""},"class_list":["post-1747","page","type-page","status-publish","hentry"],"acf":[],"yoast_head":"<!-- This site is optimized with the Yoast SEO plugin v27.4 - https:\/\/yoast.com\/product\/yoast-seo-wordpress\/ -->\n<title>Hospitales de maternidad - Wyoming EHDI<\/title>\n<meta name=\"robots\" content=\"index, follow, max-snippet:-1, max-image-preview:large, max-video-preview:-1\" \/>\n<link rel=\"canonical\" href=\"https:\/\/www.wyomingehdi.org\/es\/hospitales-de-maternidad\/\" \/>\n<meta property=\"og:locale\" content=\"es_ES\" \/>\n<meta property=\"og:type\" content=\"article\" \/>\n<meta property=\"og:title\" content=\"Hospitales de maternidad - Wyoming EHDI\" \/>\n<meta property=\"og:description\" content=\"Chequeo Hospitales de maternidad Directorio de Hospitales de Maternidad El estado de Wyoming tiene 18 hospitales de partos. Todos ellos (consulte la lista a continuaci\u00f3n) participan en el Programa de Detecci\u00f3n de Audici\u00f3n para Reci\u00e9n Nacidos y tienen equipos disponibles en el lugar para realizar evaluaciones de audici\u00f3n para reci\u00e9n nacidos.\" \/>\n<meta property=\"og:url\" content=\"https:\/\/www.wyomingehdi.org\/es\/hospitales-de-maternidad\/\" \/>\n<meta property=\"og:site_name\" content=\"Wyoming EHDI\" \/>\n<meta property=\"article:modified_time\" content=\"2024-12-20T21:56:38+00:00\" \/>\n<meta name=\"twitter:card\" content=\"summary_large_image\" \/>\n<meta name=\"twitter:label1\" content=\"Tiempo de lectura\" \/>\n\t<meta name=\"twitter:data1\" content=\"1 minuto\" \/>\n<script type=\"application\/ld+json\" class=\"yoast-schema-graph\">{\"@context\":\"https:\\\/\\\/schema.org\",\"@graph\":[{\"@type\":\"WebPage\",\"@id\":\"https:\\\/\\\/www.wyomingehdi.org\\\/es\\\/hospitales-de-maternidad\\\/\",\"url\":\"https:\\\/\\\/www.wyomingehdi.org\\\/es\\\/hospitales-de-maternidad\\\/\",\"name\":\"Hospitales de maternidad - Wyoming EHDI\",\"isPartOf\":{\"@id\":\"https:\\\/\\\/www.wyomingehdi.org\\\/es\\\/#website\"},\"datePublished\":\"2024-07-31T20:36:55+00:00\",\"dateModified\":\"2024-12-20T21:56:38+00:00\",\"breadcrumb\":{\"@id\":\"https:\\\/\\\/www.wyomingehdi.org\\\/es\\\/hospitales-de-maternidad\\\/#breadcrumb\"},\"inLanguage\":\"es\",\"potentialAction\":[{\"@type\":\"ReadAction\",\"target\":[\"https:\\\/\\\/www.wyomingehdi.org\\\/es\\\/hospitales-de-maternidad\\\/\"]}]},{\"@type\":\"BreadcrumbList\",\"@id\":\"https:\\\/\\\/www.wyomingehdi.org\\\/es\\\/hospitales-de-maternidad\\\/#breadcrumb\",\"itemListElement\":[{\"@type\":\"ListItem\",\"position\":1,\"name\":\"Home\",\"item\":\"https:\\\/\\\/www.wyomingehdi.org\\\/es\\\/\"},{\"@type\":\"ListItem\",\"position\":2,\"name\":\"Hospitales de maternidad\"}]},{\"@type\":\"WebSite\",\"@id\":\"https:\\\/\\\/www.wyomingehdi.org\\\/es\\\/#website\",\"url\":\"https:\\\/\\\/www.wyomingehdi.org\\\/es\\\/\",\"name\":\"Wyoming EHDI\",\"description\":\"Wyoming Early Hearing Detection &amp; Intervention\",\"publisher\":{\"@id\":\"https:\\\/\\\/www.wyomingehdi.org\\\/es\\\/#organization\"},\"potentialAction\":[{\"@type\":\"SearchAction\",\"target\":{\"@type\":\"EntryPoint\",\"urlTemplate\":\"https:\\\/\\\/www.wyomingehdi.org\\\/es\\\/search\\\/{search_term_string}\"},\"query-input\":{\"@type\":\"PropertyValueSpecification\",\"valueRequired\":true,\"valueName\":\"search_term_string\"}}],\"inLanguage\":\"es\"},{\"@type\":\"Organization\",\"@id\":\"https:\\\/\\\/www.wyomingehdi.org\\\/es\\\/#organization\",\"name\":\"Wyoming EHDI\",\"url\":\"https:\\\/\\\/www.wyomingehdi.org\\\/es\\\/\",\"logo\":{\"@type\":\"ImageObject\",\"inLanguage\":\"es\",\"@id\":\"https:\\\/\\\/www.wyomingehdi.org\\\/es\\\/#\\\/schema\\\/logo\\\/image\\\/\",\"url\":\"https:\\\/\\\/www.wyomingehdi.org\\\/wp-content\\\/uploads\\\/2024\\\/07\\\/ehdi-wyoming-logo.svg\",\"contentUrl\":\"https:\\\/\\\/www.wyomingehdi.org\\\/wp-content\\\/uploads\\\/2024\\\/07\\\/ehdi-wyoming-logo.svg\",\"width\":241,\"height\":28,\"caption\":\"Wyoming EHDI\"},\"image\":{\"@id\":\"https:\\\/\\\/www.wyomingehdi.org\\\/es\\\/#\\\/schema\\\/logo\\\/image\\\/\"}}]}<\/script>\n<!-- \/ Yoast SEO plugin. -->","yoast_head_json":{"title":"Hospitales de maternidad - Wyoming EHDI","robots":{"index":"index","follow":"follow","max-snippet":"max-snippet:-1","max-image-preview":"max-image-preview:large","max-video-preview":"max-video-preview:-1"},"canonical":"https:\/\/www.wyomingehdi.org\/es\/hospitales-de-maternidad\/","og_locale":"es_ES","og_type":"article","og_title":"Hospitales de maternidad - Wyoming EHDI","og_description":"Chequeo Hospitales de maternidad Directorio de Hospitales de Maternidad El estado de Wyoming tiene 18 hospitales de partos. Todos ellos (consulte la lista a continuaci\u00f3n) participan en el Programa de Detecci\u00f3n de Audici\u00f3n para Reci\u00e9n Nacidos y tienen equipos disponibles en el lugar para realizar evaluaciones de audici\u00f3n para reci\u00e9n nacidos.","og_url":"https:\/\/www.wyomingehdi.org\/es\/hospitales-de-maternidad\/","og_site_name":"Wyoming EHDI","article_modified_time":"2024-12-20T21:56:38+00:00","twitter_card":"summary_large_image","twitter_misc":{"Tiempo de lectura":"1 minuto"},"schema":{"@context":"https:\/\/schema.org","@graph":[{"@type":"WebPage","@id":"https:\/\/www.wyomingehdi.org\/es\/hospitales-de-maternidad\/","url":"https:\/\/www.wyomingehdi.org\/es\/hospitales-de-maternidad\/","name":"Hospitales de maternidad - Wyoming EHDI","isPartOf":{"@id":"https:\/\/www.wyomingehdi.org\/es\/#website"},"datePublished":"2024-07-31T20:36:55+00:00","dateModified":"2024-12-20T21:56:38+00:00","breadcrumb":{"@id":"https:\/\/www.wyomingehdi.org\/es\/hospitales-de-maternidad\/#breadcrumb"},"inLanguage":"es","potentialAction":[{"@type":"ReadAction","target":["https:\/\/www.wyomingehdi.org\/es\/hospitales-de-maternidad\/"]}]},{"@type":"BreadcrumbList","@id":"https:\/\/www.wyomingehdi.org\/es\/hospitales-de-maternidad\/#breadcrumb","itemListElement":[{"@type":"ListItem","position":1,"name":"Home","item":"https:\/\/www.wyomingehdi.org\/es\/"},{"@type":"ListItem","position":2,"name":"Hospitales de maternidad"}]},{"@type":"WebSite","@id":"https:\/\/www.wyomingehdi.org\/es\/#website","url":"https:\/\/www.wyomingehdi.org\/es\/","name":"Wyoming EHDI","description":"Wyoming Early Hearing Detection &amp; Intervention","publisher":{"@id":"https:\/\/www.wyomingehdi.org\/es\/#organization"},"potentialAction":[{"@type":"SearchAction","target":{"@type":"EntryPoint","urlTemplate":"https:\/\/www.wyomingehdi.org\/es\/search\/{search_term_string}"},"query-input":{"@type":"PropertyValueSpecification","valueRequired":true,"valueName":"search_term_string"}}],"inLanguage":"es"},{"@type":"Organization","@id":"https:\/\/www.wyomingehdi.org\/es\/#organization","name":"Wyoming EHDI","url":"https:\/\/www.wyomingehdi.org\/es\/","logo":{"@type":"ImageObject","inLanguage":"es","@id":"https:\/\/www.wyomingehdi.org\/es\/#\/schema\/logo\/image\/","url":"https:\/\/www.wyomingehdi.org\/wp-content\/uploads\/2024\/07\/ehdi-wyoming-logo.svg","contentUrl":"https:\/\/www.wyomingehdi.org\/wp-content\/uploads\/2024\/07\/ehdi-wyoming-logo.svg","width":241,"height":28,"caption":"Wyoming EHDI"},"image":{"@id":"https:\/\/www.wyomingehdi.org\/es\/#\/schema\/logo\/image\/"}}]}},"_links":{"self":[{"href":"https:\/\/www.wyomingehdi.org\/es\/wp-json\/wp\/v2\/pages\/1747","targetHints":{"allow":["GET"]}}],"collection":[{"href":"https:\/\/www.wyomingehdi.org\/es\/wp-json\/wp\/v2\/pages"}],"about":[{"href":"https:\/\/www.wyomingehdi.org\/es\/wp-json\/wp\/v2\/types\/page"}],"author":[{"embeddable":true,"href":"https:\/\/www.wyomingehdi.org\/es\/wp-json\/wp\/v2\/users\/2"}],"replies":[{"embeddable":true,"href":"https:\/\/www.wyomingehdi.org\/es\/wp-json\/wp\/v2\/comments?post=1747"}],"version-history":[{"count":0,"href":"https:\/\/www.wyomingehdi.org\/es\/wp-json\/wp\/v2\/pages\/1747\/revisions"}],"wp:attachment":[{"href":"https:\/\/www.wyomingehdi.org\/es\/wp-json\/wp\/v2\/media?parent=1747"}],"curies":[{"name":"wp","href":"https:\/\/api.w.org\/{rel}","templated":true}]}}