{"id":1750,"date":"2024-08-02T20:08:40","date_gmt":"2024-08-02T20:08:40","guid":{"rendered":"https:\/\/www.wyomingehdi.org\/preguntas-frecuentes-sobre-las-pruebas-de-audicion-para-recien-nacidos\/"},"modified":"2025-01-07T22:47:32","modified_gmt":"2025-01-07T22:47:32","slug":"preguntas-frecuentes-sobre-las-pruebas-de-audicion-para-recien-nacidos","status":"publish","type":"page","link":"https:\/\/www.wyomingehdi.org\/es\/preguntas-frecuentes-sobre-las-pruebas-de-audicion-para-recien-nacidos\/","title":{"rendered":"Preguntas frecuentes sobre las pruebas de audici\u00f3n para reci\u00e9n nacidos"},"content":{"rendered":"        <!-- Load general styles -->\n                <style>\n            \/*\n            * Classes used by blocks to hide content at device breakpoints.\n            *\/\n            .cgb-container-hide-phone {\n                display: none;\n            }\n\n            \/* Hide on tablet *\/\n            @media (min-width: 48.875rem) {\n                .cgb-container-hide-phone {\n                    display: flex;  \/* Restore from previous display: none; *\/\n                }\n                .cgb-container-hide-tablet {\n                    display: none;\n                }\n            }\n\n            \/* Hide on desktop *\/\n            @media (min-width: 64.000rem) {\n                .cgb-container-hide-phone {\n                    display: flex;  \/* Restore from previous display: none; *\/\n                }\n                .cgb-container-hide-tablet {\n                    display: flex;  \/* Restore from previous display: none; *\/\n                }\n                .cgb-container-hide-desktop {\n                    display: none;\n                }\n            }\n        <\/style>\n    \n        <!-- Load styles specific to this block instance on our page -->\n        <style>\n            \/*\n             * Set mobile and desktop styles.\n             *\/\n            .block_19af1d35d0d94168a308df915f5a2b56 > .cgb-container-wrapper {\n                                box-sizing: border-box;\n                padding: 0 0 0;\n                margin: 0 0 0;\n                min-height: auto;\n                justify-content: flex-start;\n            }\n\n            @media (min-width: 48.875rem) {\n                .block_19af1d35d0d94168a308df915f5a2b56 > .cgb-container-wrapper {\n                    padding: 5.000rem 2.500rem 2.500rem;\n                    margin: 0 0 0;\n                    min-height: auto;\n                }\n            }\n\n            \/*\n             * Background image override if needed.\n             * If the background image size is the actual image size ('auto') and the viewport becomes\n             * wider than the image then stretch the image to always fill the viewport. Otherwise, the\n             * image will not display full width in larger viewports. The section id ensures this is\n             * specific to THIS particular block instance.\n             *\/\n            \n            \/*\n             * Set values for direct descendant container. The container may contain\n             * other containers you know.\n             *\/\n            .block_19af1d35d0d94168a308df915f5a2b56 > .cgb-container-wrapper > .cgb-container {\n                max-width: 55.000rem;\n            }\n        <\/style>\n\n        <section id=\"\"\n            class=\"cgb-container-block cgb-acf-block block_19af1d35d0d94168a308df915f5a2b56 \">\n\n            <div class=\"cgb-container-wrapper\">\n\n                <div class=\"cgb-container\">\n                                        \n        <!-- Load general styles -->\n                <style>\n            \/*\n            * Classes used by blocks to hide content at device breakpoints.\n            *\/\n            .cgb-container-hide-phone {\n                display: none;\n            }\n\n            \/* Hide on tablet *\/\n            @media (min-width: 48.875rem) {\n                .cgb-container-hide-phone {\n                    display: flex;  \/* Restore from previous display: none; *\/\n                }\n                .cgb-container-hide-tablet {\n                    display: none;\n                }\n            }\n\n            \/* Hide on desktop *\/\n            @media (min-width: 64.000rem) {\n                .cgb-container-hide-phone {\n                    display: flex;  \/* Restore from previous display: none; *\/\n                }\n                .cgb-container-hide-tablet {\n                    display: flex;  \/* Restore from previous display: none; *\/\n                }\n                .cgb-container-hide-desktop {\n                    display: none;\n                }\n            }\n        <\/style>\n    \n        <!-- Load styles specific to this block instance on our page -->\n        <style>\n            \/*\n             * Set mobile and desktop styles.\n             *\/\n            .block_aa826b0027e2ac1e08df1e87e49f752e > .cgb-container-wrapper {\n                                box-sizing: border-box;\n                padding: 0  0;\n                margin: 0 0 0;\n                min-height: auto;\n                justify-content: middle;\n            }\n\n            @media (min-width: 48.875rem) {\n                .block_aa826b0027e2ac1e08df1e87e49f752e > .cgb-container-wrapper {\n                    padding:  0 ;\n                    margin: 0 0 0;\n                    min-height: auto;\n                }\n            }\n\n            \/*\n             * Background image override if needed.\n             * If the background image size is the actual image size ('auto') and the viewport becomes\n             * wider than the image then stretch the image to always fill the viewport. Otherwise, the\n             * image will not display full width in larger viewports. The section id ensures this is\n             * specific to THIS particular block instance.\n             *\/\n            \n            \/*\n             * Set values for direct descendant container. The container may contain\n             * other containers you know.\n             *\/\n            .block_aa826b0027e2ac1e08df1e87e49f752e > .cgb-container-wrapper > .cgb-container {\n                max-width: 80.000rem;\n            }\n        <\/style>\n\n        <section id=\"\"\n            class=\"cgb-container-block cgb-acf-block block_aa826b0027e2ac1e08df1e87e49f752e \">\n\n            <div class=\"cgb-container-wrapper\">\n\n                <div class=\"cgb-container\">\n                                        \n\n<p class=\"has-pre-heading-font-size\">Chequeo<\/p>\n\n\n\n<h1 class=\"wp-block-heading\">Preguntas frecuentes sobre las pruebas de audici\u00f3n para reci\u00e9n nacidos<\/h1>\n\n\n\n<h2 class=\"wp-block-heading\" style=\"padding-top:0;padding-right:0;padding-bottom:0;padding-left:0\">\u00bfPuede un beb\u00e9 reci\u00e9n nacido pasar la prueba de audici\u00f3n y aun as\u00ed desarrollar p\u00e9rdida auditiva?<\/h2>\n\n\n\n<p>\u00a1S\u00ed! La prueba de audici\u00f3n para reci\u00e9n nacidos confirma que su beb\u00e9 puede o\u00edr en el momento de la evaluaci\u00f3n. Algunos beb\u00e9s pueden perder la audici\u00f3n m\u00e1s adelante debido a algunas enfermedades, algunos medicamentos, antecedentes familiares de p\u00e9rdida de la audici\u00f3n, infecciones de o\u00eddo u otras causas. Es por eso que se recomienda que la audici\u00f3n de un ni\u00f1o se eval\u00fae anualmente o en cualquier momento si surgen preocupaciones o se nota un cambio en la audici\u00f3n. Para programar una prueba de audici\u00f3n, comun\u00edquese con el m\u00e9dico de atenci\u00f3n primaria de su hijo o con el Centro de Desarrollo Infantil local.<\/p>\n\n\n\n<h2 class=\"wp-block-heading\">\u00bfQu\u00e9 pasa si mi beb\u00e9 no pasa la prueba de detecci\u00f3n?<\/h2>\n\n\n\n<p>Es importante que siga las recomendaciones hechas por el personal del hospital, el m\u00e9dico, el personal del Centro de Desarrollo Infantil, el personal del Programa EHDI y\/o el audi\u00f3logo.<br>Los procedimientos del protocolo de detecci\u00f3n auditiva del reci\u00e9n nacido son los siguientes:<\/p>\n\n\n\n<ul class=\"wp-block-list\">\n<li>Si su hijo no pasa la prueba de audici\u00f3n inicial, es importante que programe una cita para una nueva evaluaci\u00f3n de 7 a 10 d\u00edas despu\u00e9s de la evaluaci\u00f3n inicial.<\/li>\n\n\n\n<li>Si su hijo no pasa la prueba de audici\u00f3n, comun\u00edquese con el m\u00e9dico de atenci\u00f3n primaria de su hijo, con el personal de la guarder\u00eda del hospital de partos o con el Programa EHDI de Wyoming para obtener informaci\u00f3n sobre c\u00f3mo programar una evaluaci\u00f3n diagn\u00f3stica audiol\u00f3gica infantil.<\/li>\n\n\n\n<li>Si a su hijo se le diagnostica una p\u00e9rdida auditiva, es crucial que se desarrolle e implemente un plan de intervenci\u00f3n temprana antes de los seis meses de edad<\/li>\n\n\n\n<li>Si su beb\u00e9 no pasa la prueba de audici\u00f3n, es importante que el cuidado de su beb\u00e9 sea el adecuado a tiempo. Solo recuerda:\n<ul class=\"wp-block-list\">\n<li>La evaluaci\u00f3n auditiva se completa al mes de edad.<\/li>\n\n\n\n<li>La evaluaci\u00f3n auditiva se completa a los tres meses de edad.<\/li>\n\n\n\n<li>El plan de intervenci\u00f3n temprana est\u00e1 en marcha a los seis meses de edad.<\/li>\n<\/ul>\n<\/li>\n<\/ul>\n\n\n\n<h2 class=\"wp-block-heading\">\u00bfQu\u00e9 pasa si mi beb\u00e9 naci\u00f3 en casa o en un hospital donde las pruebas de audici\u00f3n para reci\u00e9n nacidos no son obligatorias?<\/h2>\n\n\n\n<p>Si su hijo naci\u00f3 en casa o fuera del estado en un hospital donde las pruebas de audici\u00f3n para reci\u00e9n nacidos no son obligatorias, es importante que programe una cita lo antes posible para que le hagan una prueba de audici\u00f3n. Para programar una prueba de audici\u00f3n, comun\u00edquese con el m\u00e9dico de atenci\u00f3n primaria de su hijo o con el Centro de Desarrollo Infantil local.<\/p>\n\n\n\n<p>El 1 de abril de 1999 entr\u00f3 en vigor en Wyoming la legislaci\u00f3n que obliga a todos los ni\u00f1os a someterse a pruebas de audici\u00f3n en el momento del nacimiento antes de ser dados de alta del hospital.<\/p>\n\n\n\n<h2 class=\"wp-block-heading\">\u00bfQu\u00e9 debo saber sobre las pruebas de detecci\u00f3n?<\/h2>\n\n\n\n<p>La prueba de detecci\u00f3n es segura, indolora y dura unos 10 minutos. La mayor\u00eda de los beb\u00e9s duermen durante la prueba de detecci\u00f3n. Los padres recibir\u00e1n los resultados tan pronto como se complete la evaluaci\u00f3n.<\/p>\n\n\n\n<h2 class=\"wp-block-heading\">\u00bfPor qu\u00e9 se debe hacer una prueba de detecci\u00f3n de la audici\u00f3n de mi beb\u00e9?<\/h2>\n\n\n\n<p>M\u00e1s de la mitad de los beb\u00e9s que nacen con problemas auditivos son sanos y no tienen antecedentes familiares de p\u00e9rdida auditiva. Es importante detectar la p\u00e9rdida auditiva lo antes posible. El primer a\u00f1o de vida es fundamental para el desarrollo del lenguaje y el habla normales. La identificaci\u00f3n e intervenci\u00f3n tempranas es la clave.<\/p>\n\n\n                <\/div>\n\n            <\/div>\n\n        <\/section>\n\n    \n\n                <\/div>\n\n            <\/div>\n\n        <\/section>\n\n    ","protected":false},"excerpt":{"rendered":"<p>Chequeo Preguntas frecuentes sobre las pruebas de audici\u00f3n para reci\u00e9n nacidos \u00bfPuede un beb\u00e9 reci\u00e9n nacido pasar la prueba de audici\u00f3n y aun as\u00ed desarrollar p\u00e9rdida auditiva? \u00a1S\u00ed! La prueba de audici\u00f3n para reci\u00e9n nacidos confirma que su beb\u00e9 puede o\u00edr en el momento de la evaluaci\u00f3n. Algunos beb\u00e9s pueden perder la audici\u00f3n m\u00e1s adelante&hellip;<\/p>\n","protected":false},"author":2,"featured_media":0,"parent":0,"menu_order":0,"comment_status":"closed","ping_status":"closed","template":"","meta":{"_acf_changed":false,"_monsterinsights_skip_tracking":false,"_monsterinsights_sitenote_active":false,"_monsterinsights_sitenote_note":"","_monsterinsights_sitenote_category":0,"footnotes":""},"class_list":["post-1750","page","type-page","status-publish","hentry"],"acf":[],"yoast_head":"<!-- This site is optimized with the Yoast SEO plugin v27.4 - https:\/\/yoast.com\/product\/yoast-seo-wordpress\/ -->\n<title>Preguntas frecuentes sobre las pruebas de audici\u00f3n para reci\u00e9n nacidos - Wyoming EHDI<\/title>\n<meta name=\"robots\" content=\"index, follow, max-snippet:-1, max-image-preview:large, max-video-preview:-1\" \/>\n<link rel=\"canonical\" href=\"https:\/\/www.wyomingehdi.org\/es\/preguntas-frecuentes-sobre-las-pruebas-de-audicion-para-recien-nacidos\/\" \/>\n<meta property=\"og:locale\" content=\"es_ES\" \/>\n<meta property=\"og:type\" content=\"article\" \/>\n<meta property=\"og:title\" content=\"Preguntas frecuentes sobre las pruebas de audici\u00f3n para reci\u00e9n nacidos - Wyoming EHDI\" \/>\n<meta property=\"og:description\" content=\"Chequeo Preguntas frecuentes sobre las pruebas de audici\u00f3n para reci\u00e9n nacidos \u00bfPuede un beb\u00e9 reci\u00e9n nacido pasar la prueba de audici\u00f3n y aun as\u00ed desarrollar p\u00e9rdida auditiva? \u00a1S\u00ed! La prueba de audici\u00f3n para reci\u00e9n nacidos confirma que su beb\u00e9 puede o\u00edr en el momento de la evaluaci\u00f3n. Algunos beb\u00e9s pueden perder la audici\u00f3n m\u00e1s adelante&hellip;\" \/>\n<meta property=\"og:url\" content=\"https:\/\/www.wyomingehdi.org\/es\/preguntas-frecuentes-sobre-las-pruebas-de-audicion-para-recien-nacidos\/\" \/>\n<meta property=\"og:site_name\" content=\"Wyoming EHDI\" \/>\n<meta property=\"article:modified_time\" content=\"2025-01-07T22:47:32+00:00\" \/>\n<meta name=\"twitter:card\" content=\"summary_large_image\" \/>\n<meta name=\"twitter:label1\" content=\"Tiempo de lectura\" \/>\n\t<meta name=\"twitter:data1\" content=\"3 minutos\" \/>\n<script type=\"application\/ld+json\" class=\"yoast-schema-graph\">{\"@context\":\"https:\\\/\\\/schema.org\",\"@graph\":[{\"@type\":\"WebPage\",\"@id\":\"https:\\\/\\\/www.wyomingehdi.org\\\/es\\\/preguntas-frecuentes-sobre-las-pruebas-de-audicion-para-recien-nacidos\\\/\",\"url\":\"https:\\\/\\\/www.wyomingehdi.org\\\/es\\\/preguntas-frecuentes-sobre-las-pruebas-de-audicion-para-recien-nacidos\\\/\",\"name\":\"Preguntas frecuentes sobre las pruebas de audici\u00f3n para reci\u00e9n nacidos - Wyoming EHDI\",\"isPartOf\":{\"@id\":\"https:\\\/\\\/www.wyomingehdi.org\\\/es\\\/#website\"},\"datePublished\":\"2024-08-02T20:08:40+00:00\",\"dateModified\":\"2025-01-07T22:47:32+00:00\",\"breadcrumb\":{\"@id\":\"https:\\\/\\\/www.wyomingehdi.org\\\/es\\\/preguntas-frecuentes-sobre-las-pruebas-de-audicion-para-recien-nacidos\\\/#breadcrumb\"},\"inLanguage\":\"es\",\"potentialAction\":[{\"@type\":\"ReadAction\",\"target\":[\"https:\\\/\\\/www.wyomingehdi.org\\\/es\\\/preguntas-frecuentes-sobre-las-pruebas-de-audicion-para-recien-nacidos\\\/\"]}]},{\"@type\":\"BreadcrumbList\",\"@id\":\"https:\\\/\\\/www.wyomingehdi.org\\\/es\\\/preguntas-frecuentes-sobre-las-pruebas-de-audicion-para-recien-nacidos\\\/#breadcrumb\",\"itemListElement\":[{\"@type\":\"ListItem\",\"position\":1,\"name\":\"Home\",\"item\":\"https:\\\/\\\/www.wyomingehdi.org\\\/es\\\/\"},{\"@type\":\"ListItem\",\"position\":2,\"name\":\"Preguntas frecuentes sobre las pruebas de audici\u00f3n para reci\u00e9n nacidos\"}]},{\"@type\":\"WebSite\",\"@id\":\"https:\\\/\\\/www.wyomingehdi.org\\\/es\\\/#website\",\"url\":\"https:\\\/\\\/www.wyomingehdi.org\\\/es\\\/\",\"name\":\"Wyoming EHDI\",\"description\":\"Wyoming Early Hearing Detection &amp; Intervention\",\"publisher\":{\"@id\":\"https:\\\/\\\/www.wyomingehdi.org\\\/es\\\/#organization\"},\"potentialAction\":[{\"@type\":\"SearchAction\",\"target\":{\"@type\":\"EntryPoint\",\"urlTemplate\":\"https:\\\/\\\/www.wyomingehdi.org\\\/es\\\/search\\\/{search_term_string}\"},\"query-input\":{\"@type\":\"PropertyValueSpecification\",\"valueRequired\":true,\"valueName\":\"search_term_string\"}}],\"inLanguage\":\"es\"},{\"@type\":\"Organization\",\"@id\":\"https:\\\/\\\/www.wyomingehdi.org\\\/es\\\/#organization\",\"name\":\"Wyoming EHDI\",\"url\":\"https:\\\/\\\/www.wyomingehdi.org\\\/es\\\/\",\"logo\":{\"@type\":\"ImageObject\",\"inLanguage\":\"es\",\"@id\":\"https:\\\/\\\/www.wyomingehdi.org\\\/es\\\/#\\\/schema\\\/logo\\\/image\\\/\",\"url\":\"https:\\\/\\\/www.wyomingehdi.org\\\/wp-content\\\/uploads\\\/2024\\\/07\\\/ehdi-wyoming-logo.svg\",\"contentUrl\":\"https:\\\/\\\/www.wyomingehdi.org\\\/wp-content\\\/uploads\\\/2024\\\/07\\\/ehdi-wyoming-logo.svg\",\"width\":241,\"height\":28,\"caption\":\"Wyoming EHDI\"},\"image\":{\"@id\":\"https:\\\/\\\/www.wyomingehdi.org\\\/es\\\/#\\\/schema\\\/logo\\\/image\\\/\"}}]}<\/script>\n<!-- \/ Yoast SEO plugin. -->","yoast_head_json":{"title":"Preguntas frecuentes sobre las pruebas de audici\u00f3n para reci\u00e9n nacidos - Wyoming EHDI","robots":{"index":"index","follow":"follow","max-snippet":"max-snippet:-1","max-image-preview":"max-image-preview:large","max-video-preview":"max-video-preview:-1"},"canonical":"https:\/\/www.wyomingehdi.org\/es\/preguntas-frecuentes-sobre-las-pruebas-de-audicion-para-recien-nacidos\/","og_locale":"es_ES","og_type":"article","og_title":"Preguntas frecuentes sobre las pruebas de audici\u00f3n para reci\u00e9n nacidos - Wyoming EHDI","og_description":"Chequeo Preguntas frecuentes sobre las pruebas de audici\u00f3n para reci\u00e9n nacidos \u00bfPuede un beb\u00e9 reci\u00e9n nacido pasar la prueba de audici\u00f3n y aun as\u00ed desarrollar p\u00e9rdida auditiva? \u00a1S\u00ed! La prueba de audici\u00f3n para reci\u00e9n nacidos confirma que su beb\u00e9 puede o\u00edr en el momento de la evaluaci\u00f3n. Algunos beb\u00e9s pueden perder la audici\u00f3n m\u00e1s adelante&hellip;","og_url":"https:\/\/www.wyomingehdi.org\/es\/preguntas-frecuentes-sobre-las-pruebas-de-audicion-para-recien-nacidos\/","og_site_name":"Wyoming EHDI","article_modified_time":"2025-01-07T22:47:32+00:00","twitter_card":"summary_large_image","twitter_misc":{"Tiempo de lectura":"3 minutos"},"schema":{"@context":"https:\/\/schema.org","@graph":[{"@type":"WebPage","@id":"https:\/\/www.wyomingehdi.org\/es\/preguntas-frecuentes-sobre-las-pruebas-de-audicion-para-recien-nacidos\/","url":"https:\/\/www.wyomingehdi.org\/es\/preguntas-frecuentes-sobre-las-pruebas-de-audicion-para-recien-nacidos\/","name":"Preguntas frecuentes sobre las pruebas de audici\u00f3n para reci\u00e9n nacidos - Wyoming EHDI","isPartOf":{"@id":"https:\/\/www.wyomingehdi.org\/es\/#website"},"datePublished":"2024-08-02T20:08:40+00:00","dateModified":"2025-01-07T22:47:32+00:00","breadcrumb":{"@id":"https:\/\/www.wyomingehdi.org\/es\/preguntas-frecuentes-sobre-las-pruebas-de-audicion-para-recien-nacidos\/#breadcrumb"},"inLanguage":"es","potentialAction":[{"@type":"ReadAction","target":["https:\/\/www.wyomingehdi.org\/es\/preguntas-frecuentes-sobre-las-pruebas-de-audicion-para-recien-nacidos\/"]}]},{"@type":"BreadcrumbList","@id":"https:\/\/www.wyomingehdi.org\/es\/preguntas-frecuentes-sobre-las-pruebas-de-audicion-para-recien-nacidos\/#breadcrumb","itemListElement":[{"@type":"ListItem","position":1,"name":"Home","item":"https:\/\/www.wyomingehdi.org\/es\/"},{"@type":"ListItem","position":2,"name":"Preguntas frecuentes sobre las pruebas de audici\u00f3n para reci\u00e9n nacidos"}]},{"@type":"WebSite","@id":"https:\/\/www.wyomingehdi.org\/es\/#website","url":"https:\/\/www.wyomingehdi.org\/es\/","name":"Wyoming EHDI","description":"Wyoming Early Hearing Detection &amp; Intervention","publisher":{"@id":"https:\/\/www.wyomingehdi.org\/es\/#organization"},"potentialAction":[{"@type":"SearchAction","target":{"@type":"EntryPoint","urlTemplate":"https:\/\/www.wyomingehdi.org\/es\/search\/{search_term_string}"},"query-input":{"@type":"PropertyValueSpecification","valueRequired":true,"valueName":"search_term_string"}}],"inLanguage":"es"},{"@type":"Organization","@id":"https:\/\/www.wyomingehdi.org\/es\/#organization","name":"Wyoming EHDI","url":"https:\/\/www.wyomingehdi.org\/es\/","logo":{"@type":"ImageObject","inLanguage":"es","@id":"https:\/\/www.wyomingehdi.org\/es\/#\/schema\/logo\/image\/","url":"https:\/\/www.wyomingehdi.org\/wp-content\/uploads\/2024\/07\/ehdi-wyoming-logo.svg","contentUrl":"https:\/\/www.wyomingehdi.org\/wp-content\/uploads\/2024\/07\/ehdi-wyoming-logo.svg","width":241,"height":28,"caption":"Wyoming EHDI"},"image":{"@id":"https:\/\/www.wyomingehdi.org\/es\/#\/schema\/logo\/image\/"}}]}},"_links":{"self":[{"href":"https:\/\/www.wyomingehdi.org\/es\/wp-json\/wp\/v2\/pages\/1750","targetHints":{"allow":["GET"]}}],"collection":[{"href":"https:\/\/www.wyomingehdi.org\/es\/wp-json\/wp\/v2\/pages"}],"about":[{"href":"https:\/\/www.wyomingehdi.org\/es\/wp-json\/wp\/v2\/types\/page"}],"author":[{"embeddable":true,"href":"https:\/\/www.wyomingehdi.org\/es\/wp-json\/wp\/v2\/users\/2"}],"replies":[{"embeddable":true,"href":"https:\/\/www.wyomingehdi.org\/es\/wp-json\/wp\/v2\/comments?post=1750"}],"version-history":[{"count":0,"href":"https:\/\/www.wyomingehdi.org\/es\/wp-json\/wp\/v2\/pages\/1750\/revisions"}],"wp:attachment":[{"href":"https:\/\/www.wyomingehdi.org\/es\/wp-json\/wp\/v2\/media?parent=1750"}],"curies":[{"name":"wp","href":"https:\/\/api.w.org\/{rel}","templated":true}]}}