{"id":1751,"date":"2024-08-02T20:07:40","date_gmt":"2024-08-02T20:07:40","guid":{"rendered":"https:\/\/www.wyomingehdi.org\/recursos-para-parteras\/"},"modified":"2025-01-07T22:39:53","modified_gmt":"2025-01-07T22:39:53","slug":"recursos-para-parteras","status":"publish","type":"page","link":"https:\/\/www.wyomingehdi.org\/es\/recursos-para-parteras\/","title":{"rendered":"Recursos para parteras"},"content":{"rendered":"        <!-- Load general styles -->\n                <style>\n            \/*\n            * Classes used by blocks to hide content at device breakpoints.\n            *\/\n            .cgb-container-hide-phone {\n                display: none;\n            }\n\n            \/* Hide on tablet *\/\n            @media (min-width: 48.875rem) {\n                .cgb-container-hide-phone {\n                    display: flex;  \/* Restore from previous display: none; *\/\n                }\n                .cgb-container-hide-tablet {\n                    display: none;\n                }\n            }\n\n            \/* Hide on desktop *\/\n            @media (min-width: 64.000rem) {\n                .cgb-container-hide-phone {\n                    display: flex;  \/* Restore from previous display: none; *\/\n                }\n                .cgb-container-hide-tablet {\n                    display: flex;  \/* Restore from previous display: none; *\/\n                }\n                .cgb-container-hide-desktop {\n                    display: none;\n                }\n            }\n        <\/style>\n    \n        <!-- Load styles specific to this block instance on our page -->\n        <style>\n            \/*\n             * Set mobile and desktop styles.\n             *\/\n            .block_c5b2c40465f40169ee9b001e18c67bb5 > .cgb-container-wrapper {\n                                box-sizing: border-box;\n                padding: 0 0 0;\n                margin: 0 0 0;\n                min-height: auto;\n                justify-content: flex-start;\n            }\n\n            @media (min-width: 48.875rem) {\n                .block_c5b2c40465f40169ee9b001e18c67bb5 > .cgb-container-wrapper {\n                    padding: 5.000rem 2.500rem 2.500rem;\n                    margin: 0 0 0;\n                    min-height: auto;\n                }\n            }\n\n            \/*\n             * Background image override if needed.\n             * If the background image size is the actual image size ('auto') and the viewport becomes\n             * wider than the image then stretch the image to always fill the viewport. Otherwise, the\n             * image will not display full width in larger viewports. The section id ensures this is\n             * specific to THIS particular block instance.\n             *\/\n            \n            \/*\n             * Set values for direct descendant container. The container may contain\n             * other containers you know.\n             *\/\n            .block_c5b2c40465f40169ee9b001e18c67bb5 > .cgb-container-wrapper > .cgb-container {\n                max-width: 55.000rem;\n            }\n        <\/style>\n\n        <section id=\"\"\n            class=\"cgb-container-block cgb-acf-block block_c5b2c40465f40169ee9b001e18c67bb5 \">\n\n            <div class=\"cgb-container-wrapper\">\n\n                <div class=\"cgb-container\">\n                                        \n        <!-- Load general styles -->\n                <style>\n            \/*\n            * Classes used by blocks to hide content at device breakpoints.\n            *\/\n            .cgb-container-hide-phone {\n                display: none;\n            }\n\n            \/* Hide on tablet *\/\n            @media (min-width: 48.875rem) {\n                .cgb-container-hide-phone {\n                    display: flex;  \/* Restore from previous display: none; *\/\n                }\n                .cgb-container-hide-tablet {\n                    display: none;\n                }\n            }\n\n            \/* Hide on desktop *\/\n            @media (min-width: 64.000rem) {\n                .cgb-container-hide-phone {\n                    display: flex;  \/* Restore from previous display: none; *\/\n                }\n                .cgb-container-hide-tablet {\n                    display: flex;  \/* Restore from previous display: none; *\/\n                }\n                .cgb-container-hide-desktop {\n                    display: none;\n                }\n            }\n        <\/style>\n    \n        <!-- Load styles specific to this block instance on our page -->\n        <style>\n            \/*\n             * Set mobile and desktop styles.\n             *\/\n            .block_e6be92f4bc2abf834157c1f48d099a7e > .cgb-container-wrapper {\n                                box-sizing: border-box;\n                padding: 0  0;\n                margin: 0 0 0;\n                min-height: auto;\n                justify-content: middle;\n            }\n\n            @media (min-width: 48.875rem) {\n                .block_e6be92f4bc2abf834157c1f48d099a7e > .cgb-container-wrapper {\n                    padding:  0 ;\n                    margin: 0 0 0;\n                    min-height: auto;\n                }\n            }\n\n            \/*\n             * Background image override if needed.\n             * If the background image size is the actual image size ('auto') and the viewport becomes\n             * wider than the image then stretch the image to always fill the viewport. Otherwise, the\n             * image will not display full width in larger viewports. The section id ensures this is\n             * specific to THIS particular block instance.\n             *\/\n            \n            \/*\n             * Set values for direct descendant container. The container may contain\n             * other containers you know.\n             *\/\n            .block_e6be92f4bc2abf834157c1f48d099a7e > .cgb-container-wrapper > .cgb-container {\n                max-width: 80.000rem;\n            }\n        <\/style>\n\n        <section id=\"\"\n            class=\"cgb-container-block cgb-acf-block block_e6be92f4bc2abf834157c1f48d099a7e \">\n\n            <div class=\"cgb-container-wrapper\">\n\n                <div class=\"cgb-container\">\n                                        \n\n<h1 class=\"wp-block-heading\">Recursos para parteras<\/h1>\n\n\n\n<figure class=\"wp-block-image size-full is-style-rounded\"><img loading=\"lazy\" decoding=\"async\" width=\"800\" height=\"533\" src=\"https:\/\/www.wyomingehdi.org\/wp-content\/uploads\/2025\/01\/Baby-Holding-Finger.jpg\" alt=\"Un beb\u00e9 acostado debajo de una manta color canela sostiene el dedo de alguien y mira hacia arriba.\" class=\"wp-image-1825\" srcset=\"https:\/\/www.wyomingehdi.org\/wp-content\/uploads\/2025\/01\/Baby-Holding-Finger.jpg 800w, https:\/\/www.wyomingehdi.org\/wp-content\/uploads\/2025\/01\/Baby-Holding-Finger-428x285.jpg 428w, https:\/\/www.wyomingehdi.org\/wp-content\/uploads\/2025\/01\/Baby-Holding-Finger-720x480.jpg 720w, https:\/\/www.wyomingehdi.org\/wp-content\/uploads\/2025\/01\/Baby-Holding-Finger-576x384.jpg 576w, https:\/\/www.wyomingehdi.org\/wp-content\/uploads\/2025\/01\/Baby-Holding-Finger-768x512.jpg 768w\" sizes=\"auto, (max-width: 800px) 100vw, 800px\" \/><\/figure>\n\n\n\n<div style=\"height:61px\" aria-hidden=\"true\" class=\"wp-block-spacer\"><\/div>\n\n\n        <section id=\"\"\n            class=\"cgb-accordion-block cgb-acf-block block_056fac42fb98ef62ddb0007292cc7eb5  cgb-icono-intercalaci\u00f3n\">\n            <div class=\"cgb-accordion\">\n                \n        <H2 class=\"cgb-heading\">\n            <button class=\"cgb-button\"\n                id=\"cgb-4e302729e741a67a4314\"\n                aria-controls=\"cgb-09fd69ee312d1d9ab2eb\"\n                aria-expanded=\"false\">\n                <span class=\"cgb-label\">Formularios y Recursos para Matronas<\/span>\n            <\/button>\n        <\/H2>\n        <div class=\"cgb-content \"\n            id=\"cgb-09fd69ee312d1d9ab2eb\"\n            aria-labelledby=\"cgb-4e302729e741a67a4314\"\n            role=\"region\">\n            \n\n<ul class=\"wp-block-list\">\n<li><a href=\"https:\/\/www.cdc.gov\/ncbddd\/actearly\/milestones\/index.html\">Hitos del desarrollo<\/a><\/li>\n<\/ul>\n\n\n\n<ul class=\"wp-block-list\">\n<li><a href=\"https:\/\/www.wyomingehdi.org\/wp-content\/uploads\/2024\/10\/Home-birth-Consent-forms-1.pdf\">Formularios de Consentimiento de Parto en el Hogar<\/a><\/li>\n<\/ul>\n\n\n\n<ul class=\"wp-block-list\">\n<li><a href=\"https:\/\/www.wyomingehdi.org\/wp-content\/uploads\/2024\/10\/Midwife-EHDI-Information-System-Users-Manual-1.pdf\">Matrona EHDI \u2013 Manual del usuario del sistema de informaci\u00f3n<\/a><\/li>\n<\/ul>\n\n\n\n<ul class=\"wp-block-list\">\n<li><a href=\"https:\/\/www.wyomingehdi.org\/wp-content\/uploads\/2024\/10\/Midwife-Newborn-Hearing-Screening-Equipment-Responsibility-Agreement.pdf\">Partera, Acuerdo de Responsabilidad del Equipo de Detecci\u00f3n Auditiva para Reci\u00e9n Nacidos<\/a><\/li>\n<\/ul>\n\n\n\n<ul class=\"wp-block-list\">\n<li><a href=\"https:\/\/www.wyomingehdi.org\/wp-content\/uploads\/2024\/10\/Midwife-Newborn-Hearing-Screening-Manual.pdf\">Manual de cribado auditivo para reci\u00e9n nacidos<\/a><\/li>\n<\/ul>\n\n\n\n<ul class=\"wp-block-list\">\n<li><a href=\"https:\/\/www.wyomingehdi.org\/wp-content\/uploads\/2024\/10\/Midwife-OAE-Loan-Program-Participation-Requirements.pdf\">Requisitos de participaci\u00f3n en el Programa de Pr\u00e9stamos OAE para Parteras<\/a><\/li>\n<\/ul>\n\n\n        <\/div>\n\n\n            <\/div>\n        <\/section>\n    \n\n                <\/div>\n\n            <\/div>\n\n        <\/section>\n\n    \n\n                <\/div>\n\n            <\/div>\n\n        <\/section>\n\n    \n\n        <!-- Load general styles -->\n                <style>\n            \/*\n            * Classes used by blocks to hide content at device breakpoints.\n            *\/\n            .cgb-container-hide-phone {\n                display: none;\n            }\n\n            \/* Hide on tablet *\/\n            @media (min-width: 48.875rem) {\n                .cgb-container-hide-phone {\n                    display: flex;  \/* Restore from previous display: none; *\/\n                }\n                .cgb-container-hide-tablet {\n                    display: none;\n                }\n            }\n\n            \/* Hide on desktop *\/\n            @media (min-width: 64.000rem) {\n                .cgb-container-hide-phone {\n                    display: flex;  \/* Restore from previous display: none; *\/\n                }\n                .cgb-container-hide-tablet {\n                    display: flex;  \/* Restore from previous display: none; *\/\n                }\n                .cgb-container-hide-desktop {\n                    display: none;\n                }\n            }\n        <\/style>\n    \n        <!-- Load styles specific to this block instance on our page -->\n        <style>\n            \/*\n             * Set mobile and desktop styles.\n             *\/\n            .block_dd6b2319436e8805ba6dab0cd01511e8 > .cgb-container-wrapper {\n                background: #c6eadf !important;                box-sizing: border-box;\n                padding: 3.750rem 1.875rem 3.750rem;\n                margin: 0 0 0;\n                min-height: auto;\n                justify-content: center;\n            }\n\n            @media (min-width: 48.875rem) {\n                .block_dd6b2319436e8805ba6dab0cd01511e8 > .cgb-container-wrapper {\n                    padding: 1.250rem 3.750rem 1.250rem;\n                    margin: 0 0 0;\n                    min-height: auto;\n                }\n            }\n\n            \/*\n             * Background image override if needed.\n             * If the background image size is the actual image size ('auto') and the viewport becomes\n             * wider than the image then stretch the image to always fill the viewport. Otherwise, the\n             * image will not display full width in larger viewports. The section id ensures this is\n             * specific to THIS particular block instance.\n             *\/\n            \n            \/*\n             * Set values for direct descendant container. The container may contain\n             * other containers you know.\n             *\/\n            .block_dd6b2319436e8805ba6dab0cd01511e8 > .cgb-container-wrapper > .cgb-container {\n                max-width: 80.000rem;\n            }\n        <\/style>\n\n        <section id=\"\"\n            class=\"cgb-container-block cgb-acf-block block_dd6b2319436e8805ba6dab0cd01511e8 \">\n\n            <div class=\"cgb-container-wrapper\">\n\n                <div class=\"cgb-container\">\n                                        \n\n<div class=\"wp-block-group has-transparent-background-color has-background is-layout-constrained wp-block-group-is-layout-constrained\">\n<h2 class=\"wp-block-heading has-text-align-left\">Recursos adicionales sobre la audici\u00f3n<\/h2>\n\n\n\n<ul class=\"wp-block-list\">\n<li class=\"has-headings-color has-text-color has-link-color wp-elements-e848ff75613d34b9a9d6c52653d77559\" style=\"padding-bottom:var(--wp--preset--spacing--50)\"><a href=\"https:\/\/www.wyomingehdi.org\/wp-content\/uploads\/2024\/10\/An-Example-of-the-Ability-of-the-Brain-.pdf\">Un ejemplo de la capacidad del cerebro para escuchar el habla con una p\u00e9rdida auditiva<\/a><\/li>\n\n\n\n<li class=\"has-headings-color has-text-color has-link-color wp-elements-ce13a81a6dc932397441be8ab1d20a12\" style=\"padding-bottom:var(--wp--preset--spacing--50)\"><a href=\"https:\/\/www.wyomingehdi.org\/wp-content\/uploads\/2024\/10\/Newborn-Hearing-Screening-Brochure-English.pdf\">Folleto informativo: Pruebas de audici\u00f3n para reci\u00e9n nacidos (ingl\u00e9s)<\/a><\/li>\n\n\n\n<li class=\"has-headings-color has-text-color has-link-color wp-elements-69579553a783aa3580eeaeaa585d7141\" style=\"padding-bottom:var(--wp--preset--spacing--50)\"><a href=\"https:\/\/www.wyomingehdi.org\/wp-content\/uploads\/2024\/10\/Newborn-Hearing-Screening-Brochure-Spanish.pdf\">Folleto Informativo: Pruebas de Audici\u00f3n para Reci\u00e9n Nacidos (Espa\u00f1ol)<\/a><\/li>\n\n\n\n<li class=\"has-headings-color has-text-color has-link-color wp-elements-ef15a85e4323acd857eb042eaadd1fac\" style=\"padding-bottom:var(--wp--preset--spacing--50)\"><a href=\"https:\/\/www.wyomingehdi.org\/wp-content\/uploads\/2024\/10\/Effects-of-Hearing-Loss-on-Development.pdf\">Efectos de la p\u00e9rdida auditiva en el desarrollo<\/a><\/li>\n\n\n\n<li class=\"has-headings-color has-text-color has-link-color wp-elements-929b390cdaefca07e37288e0d6c2258c\" style=\"padding-bottom:var(--wp--preset--spacing--50)\"><a href=\"https:\/\/www.wyomingehdi.org\/wp-content\/uploads\/2024\/10\/Pervasive-Effects-of-Childhood-Hearing-Loss-1.pdf\">Efectos generalizados de la p\u00e9rdida auditiva infantil<\/a><\/li>\n\n\n\n<li class=\"has-headings-color has-text-color has-link-color wp-elements-7a959b2ca30c7a5da80a6c2749be1fc7\" style=\"padding-bottom:var(--wp--preset--spacing--50)\"><a href=\"https:\/\/www.wyomingehdi.org\/wp-content\/uploads\/2024\/10\/Relationship-of-Hearing-Loss-to-Listening-and-Learning-Needs-2017-6.pdf\">Relaci\u00f3n de la p\u00e9rdida auditiva con las necesidades auditivas y de aprendizaje (v2017)<\/a><\/li>\n\n\n\n<li class=\"has-headings-color has-text-color has-link-color wp-elements-edd5b5a3ee97d85e84f18d0df1185eed\" style=\"padding-bottom:var(--wp--preset--spacing--50)\"><a href=\"https:\/\/www.wyomingehdi.org\/wp-content\/uploads\/2024\/10\/SUGGESTIONS-FOR-SPEECH-AND-LANGUAGE-DEVELOPMENT.pdf\">Sugerencias para el desarrollo del habla y el lenguaje<\/a><\/li>\n<\/ul>\n<\/div>\n\n\n                <\/div>\n\n            <\/div>\n\n        <\/section>\n\n    \n\n\n<div style=\"height:41px\" aria-hidden=\"true\" class=\"wp-block-spacer\"><\/div>\n","protected":false},"excerpt":{"rendered":"<p>Recursos para parteras<\/p>\n","protected":false},"author":2,"featured_media":0,"parent":0,"menu_order":0,"comment_status":"closed","ping_status":"closed","template":"","meta":{"_acf_changed":false,"_monsterinsights_skip_tracking":false,"_monsterinsights_sitenote_active":false,"_monsterinsights_sitenote_note":"","_monsterinsights_sitenote_category":0,"footnotes":""},"class_list":["post-1751","page","type-page","status-publish","hentry"],"acf":[],"yoast_head":"<!-- This site is optimized with the Yoast SEO plugin v27.4 - https:\/\/yoast.com\/product\/yoast-seo-wordpress\/ -->\n<title>Recursos para parteras - Wyoming EHDI<\/title>\n<meta name=\"robots\" content=\"index, follow, max-snippet:-1, max-image-preview:large, max-video-preview:-1\" \/>\n<link rel=\"canonical\" href=\"https:\/\/www.wyomingehdi.org\/es\/recursos-para-parteras\/\" \/>\n<meta property=\"og:locale\" content=\"es_ES\" \/>\n<meta property=\"og:type\" content=\"article\" \/>\n<meta property=\"og:title\" content=\"Recursos para parteras - Wyoming EHDI\" \/>\n<meta property=\"og:description\" content=\"Recursos para parteras\" \/>\n<meta property=\"og:url\" content=\"https:\/\/www.wyomingehdi.org\/es\/recursos-para-parteras\/\" \/>\n<meta property=\"og:site_name\" content=\"Wyoming EHDI\" \/>\n<meta property=\"article:modified_time\" content=\"2025-01-07T22:39:53+00:00\" \/>\n<meta property=\"og:image\" content=\"https:\/\/www.wyomingehdi.org\/wp-content\/uploads\/2025\/01\/Baby-Holding-Finger.jpg\" \/>\n\t<meta property=\"og:image:width\" content=\"800\" \/>\n\t<meta property=\"og:image:height\" content=\"533\" \/>\n\t<meta property=\"og:image:type\" content=\"image\/jpeg\" \/>\n<meta name=\"twitter:card\" content=\"summary_large_image\" \/>\n<meta name=\"twitter:label1\" content=\"Tiempo de lectura\" \/>\n\t<meta name=\"twitter:data1\" content=\"1 minuto\" \/>\n<script type=\"application\/ld+json\" class=\"yoast-schema-graph\">{\"@context\":\"https:\\\/\\\/schema.org\",\"@graph\":[{\"@type\":\"WebPage\",\"@id\":\"https:\\\/\\\/www.wyomingehdi.org\\\/es\\\/recursos-para-parteras\\\/\",\"url\":\"https:\\\/\\\/www.wyomingehdi.org\\\/es\\\/recursos-para-parteras\\\/\",\"name\":\"Recursos para parteras - Wyoming EHDI\",\"isPartOf\":{\"@id\":\"https:\\\/\\\/www.wyomingehdi.org\\\/es\\\/#website\"},\"primaryImageOfPage\":{\"@id\":\"https:\\\/\\\/www.wyomingehdi.org\\\/es\\\/recursos-para-parteras\\\/#primaryimage\"},\"image\":{\"@id\":\"https:\\\/\\\/www.wyomingehdi.org\\\/es\\\/recursos-para-parteras\\\/#primaryimage\"},\"thumbnailUrl\":\"https:\\\/\\\/www.wyomingehdi.org\\\/wp-content\\\/uploads\\\/2025\\\/01\\\/Baby-Holding-Finger.jpg\",\"datePublished\":\"2024-08-02T20:07:40+00:00\",\"dateModified\":\"2025-01-07T22:39:53+00:00\",\"breadcrumb\":{\"@id\":\"https:\\\/\\\/www.wyomingehdi.org\\\/es\\\/recursos-para-parteras\\\/#breadcrumb\"},\"inLanguage\":\"es\",\"potentialAction\":[{\"@type\":\"ReadAction\",\"target\":[\"https:\\\/\\\/www.wyomingehdi.org\\\/es\\\/recursos-para-parteras\\\/\"]}]},{\"@type\":\"ImageObject\",\"inLanguage\":\"es\",\"@id\":\"https:\\\/\\\/www.wyomingehdi.org\\\/es\\\/recursos-para-parteras\\\/#primaryimage\",\"url\":\"https:\\\/\\\/www.wyomingehdi.org\\\/wp-content\\\/uploads\\\/2025\\\/01\\\/Baby-Holding-Finger.jpg\",\"contentUrl\":\"https:\\\/\\\/www.wyomingehdi.org\\\/wp-content\\\/uploads\\\/2025\\\/01\\\/Baby-Holding-Finger.jpg\"},{\"@type\":\"BreadcrumbList\",\"@id\":\"https:\\\/\\\/www.wyomingehdi.org\\\/es\\\/recursos-para-parteras\\\/#breadcrumb\",\"itemListElement\":[{\"@type\":\"ListItem\",\"position\":1,\"name\":\"Home\",\"item\":\"https:\\\/\\\/www.wyomingehdi.org\\\/es\\\/\"},{\"@type\":\"ListItem\",\"position\":2,\"name\":\"Recursos para parteras\"}]},{\"@type\":\"WebSite\",\"@id\":\"https:\\\/\\\/www.wyomingehdi.org\\\/es\\\/#website\",\"url\":\"https:\\\/\\\/www.wyomingehdi.org\\\/es\\\/\",\"name\":\"Wyoming EHDI\",\"description\":\"Wyoming Early Hearing Detection &amp; Intervention\",\"publisher\":{\"@id\":\"https:\\\/\\\/www.wyomingehdi.org\\\/es\\\/#organization\"},\"potentialAction\":[{\"@type\":\"SearchAction\",\"target\":{\"@type\":\"EntryPoint\",\"urlTemplate\":\"https:\\\/\\\/www.wyomingehdi.org\\\/es\\\/search\\\/{search_term_string}\"},\"query-input\":{\"@type\":\"PropertyValueSpecification\",\"valueRequired\":true,\"valueName\":\"search_term_string\"}}],\"inLanguage\":\"es\"},{\"@type\":\"Organization\",\"@id\":\"https:\\\/\\\/www.wyomingehdi.org\\\/es\\\/#organization\",\"name\":\"Wyoming EHDI\",\"url\":\"https:\\\/\\\/www.wyomingehdi.org\\\/es\\\/\",\"logo\":{\"@type\":\"ImageObject\",\"inLanguage\":\"es\",\"@id\":\"https:\\\/\\\/www.wyomingehdi.org\\\/es\\\/#\\\/schema\\\/logo\\\/image\\\/\",\"url\":\"https:\\\/\\\/www.wyomingehdi.org\\\/wp-content\\\/uploads\\\/2024\\\/07\\\/ehdi-wyoming-logo.svg\",\"contentUrl\":\"https:\\\/\\\/www.wyomingehdi.org\\\/wp-content\\\/uploads\\\/2024\\\/07\\\/ehdi-wyoming-logo.svg\",\"width\":241,\"height\":28,\"caption\":\"Wyoming EHDI\"},\"image\":{\"@id\":\"https:\\\/\\\/www.wyomingehdi.org\\\/es\\\/#\\\/schema\\\/logo\\\/image\\\/\"}}]}<\/script>\n<!-- \/ Yoast SEO plugin. -->","yoast_head_json":{"title":"Recursos para parteras - Wyoming EHDI","robots":{"index":"index","follow":"follow","max-snippet":"max-snippet:-1","max-image-preview":"max-image-preview:large","max-video-preview":"max-video-preview:-1"},"canonical":"https:\/\/www.wyomingehdi.org\/es\/recursos-para-parteras\/","og_locale":"es_ES","og_type":"article","og_title":"Recursos para parteras - Wyoming EHDI","og_description":"Recursos para parteras","og_url":"https:\/\/www.wyomingehdi.org\/es\/recursos-para-parteras\/","og_site_name":"Wyoming EHDI","article_modified_time":"2025-01-07T22:39:53+00:00","og_image":[{"width":800,"height":533,"url":"https:\/\/www.wyomingehdi.org\/wp-content\/uploads\/2025\/01\/Baby-Holding-Finger.jpg","type":"image\/jpeg"}],"twitter_card":"summary_large_image","twitter_misc":{"Tiempo de lectura":"1 minuto"},"schema":{"@context":"https:\/\/schema.org","@graph":[{"@type":"WebPage","@id":"https:\/\/www.wyomingehdi.org\/es\/recursos-para-parteras\/","url":"https:\/\/www.wyomingehdi.org\/es\/recursos-para-parteras\/","name":"Recursos para parteras - Wyoming EHDI","isPartOf":{"@id":"https:\/\/www.wyomingehdi.org\/es\/#website"},"primaryImageOfPage":{"@id":"https:\/\/www.wyomingehdi.org\/es\/recursos-para-parteras\/#primaryimage"},"image":{"@id":"https:\/\/www.wyomingehdi.org\/es\/recursos-para-parteras\/#primaryimage"},"thumbnailUrl":"https:\/\/www.wyomingehdi.org\/wp-content\/uploads\/2025\/01\/Baby-Holding-Finger.jpg","datePublished":"2024-08-02T20:07:40+00:00","dateModified":"2025-01-07T22:39:53+00:00","breadcrumb":{"@id":"https:\/\/www.wyomingehdi.org\/es\/recursos-para-parteras\/#breadcrumb"},"inLanguage":"es","potentialAction":[{"@type":"ReadAction","target":["https:\/\/www.wyomingehdi.org\/es\/recursos-para-parteras\/"]}]},{"@type":"ImageObject","inLanguage":"es","@id":"https:\/\/www.wyomingehdi.org\/es\/recursos-para-parteras\/#primaryimage","url":"https:\/\/www.wyomingehdi.org\/wp-content\/uploads\/2025\/01\/Baby-Holding-Finger.jpg","contentUrl":"https:\/\/www.wyomingehdi.org\/wp-content\/uploads\/2025\/01\/Baby-Holding-Finger.jpg"},{"@type":"BreadcrumbList","@id":"https:\/\/www.wyomingehdi.org\/es\/recursos-para-parteras\/#breadcrumb","itemListElement":[{"@type":"ListItem","position":1,"name":"Home","item":"https:\/\/www.wyomingehdi.org\/es\/"},{"@type":"ListItem","position":2,"name":"Recursos para parteras"}]},{"@type":"WebSite","@id":"https:\/\/www.wyomingehdi.org\/es\/#website","url":"https:\/\/www.wyomingehdi.org\/es\/","name":"Wyoming EHDI","description":"Wyoming Early Hearing Detection &amp; Intervention","publisher":{"@id":"https:\/\/www.wyomingehdi.org\/es\/#organization"},"potentialAction":[{"@type":"SearchAction","target":{"@type":"EntryPoint","urlTemplate":"https:\/\/www.wyomingehdi.org\/es\/search\/{search_term_string}"},"query-input":{"@type":"PropertyValueSpecification","valueRequired":true,"valueName":"search_term_string"}}],"inLanguage":"es"},{"@type":"Organization","@id":"https:\/\/www.wyomingehdi.org\/es\/#organization","name":"Wyoming EHDI","url":"https:\/\/www.wyomingehdi.org\/es\/","logo":{"@type":"ImageObject","inLanguage":"es","@id":"https:\/\/www.wyomingehdi.org\/es\/#\/schema\/logo\/image\/","url":"https:\/\/www.wyomingehdi.org\/wp-content\/uploads\/2024\/07\/ehdi-wyoming-logo.svg","contentUrl":"https:\/\/www.wyomingehdi.org\/wp-content\/uploads\/2024\/07\/ehdi-wyoming-logo.svg","width":241,"height":28,"caption":"Wyoming EHDI"},"image":{"@id":"https:\/\/www.wyomingehdi.org\/es\/#\/schema\/logo\/image\/"}}]}},"_links":{"self":[{"href":"https:\/\/www.wyomingehdi.org\/es\/wp-json\/wp\/v2\/pages\/1751","targetHints":{"allow":["GET"]}}],"collection":[{"href":"https:\/\/www.wyomingehdi.org\/es\/wp-json\/wp\/v2\/pages"}],"about":[{"href":"https:\/\/www.wyomingehdi.org\/es\/wp-json\/wp\/v2\/types\/page"}],"author":[{"embeddable":true,"href":"https:\/\/www.wyomingehdi.org\/es\/wp-json\/wp\/v2\/users\/2"}],"replies":[{"embeddable":true,"href":"https:\/\/www.wyomingehdi.org\/es\/wp-json\/wp\/v2\/comments?post=1751"}],"version-history":[{"count":0,"href":"https:\/\/www.wyomingehdi.org\/es\/wp-json\/wp\/v2\/pages\/1751\/revisions"}],"wp:attachment":[{"href":"https:\/\/www.wyomingehdi.org\/es\/wp-json\/wp\/v2\/media?parent=1751"}],"curies":[{"name":"wp","href":"https:\/\/api.w.org\/{rel}","templated":true}]}}