{"id":1771,"date":"2024-07-30T20:37:30","date_gmt":"2024-07-30T20:37:30","guid":{"rendered":"https:\/\/www.wyomingehdi.org\/evaluaciones-de-audiologia-pediatrica\/"},"modified":"2025-01-02T21:01:39","modified_gmt":"2025-01-02T21:01:39","slug":"evaluaciones-de-audiologia-pediatrica","status":"publish","type":"page","link":"https:\/\/www.wyomingehdi.org\/es\/descripcion-general-de-la-audiologia-pediatrica\/evaluaciones-de-audiologia-pediatrica\/","title":{"rendered":"Evaluaciones de audiolog\u00eda pedi\u00e1trica"},"content":{"rendered":"        <!-- Load general styles -->\n                <style>\n            \/*\n            * Classes used by blocks to hide content at device breakpoints.\n            *\/\n            .cgb-container-hide-phone {\n                display: none;\n            }\n\n            \/* Hide on tablet *\/\n            @media (min-width: 48.875rem) {\n                .cgb-container-hide-phone {\n                    display: flex;  \/* Restore from previous display: none; *\/\n                }\n                .cgb-container-hide-tablet {\n                    display: none;\n                }\n            }\n\n            \/* Hide on desktop *\/\n            @media (min-width: 64.000rem) {\n                .cgb-container-hide-phone {\n                    display: flex;  \/* Restore from previous display: none; *\/\n                }\n                .cgb-container-hide-tablet {\n                    display: flex;  \/* Restore from previous display: none; *\/\n                }\n                .cgb-container-hide-desktop {\n                    display: none;\n                }\n            }\n        <\/style>\n    \n        <!-- Load styles specific to this block instance on our page -->\n        <style>\n            \/*\n             * Set mobile and desktop styles.\n             *\/\n            .block_c2beda08b22dea32cc0303f50d9d7ea0 > .cgb-container-wrapper {\n                                box-sizing: border-box;\n                padding: 0 0 0;\n                margin: 0 0 0;\n                min-height: auto;\n                justify-content: flex-start;\n            }\n\n            @media (min-width: 48.875rem) {\n                .block_c2beda08b22dea32cc0303f50d9d7ea0 > .cgb-container-wrapper {\n                    padding: 5.000rem 2.500rem 2.500rem;\n                    margin: 0 0 0;\n                    min-height: auto;\n                }\n            }\n\n            \/*\n             * Background image override if needed.\n             * If the background image size is the actual image size ('auto') and the viewport becomes\n             * wider than the image then stretch the image to always fill the viewport. Otherwise, the\n             * image will not display full width in larger viewports. The section id ensures this is\n             * specific to THIS particular block instance.\n             *\/\n            \n            \/*\n             * Set values for direct descendant container. The container may contain\n             * other containers you know.\n             *\/\n            .block_c2beda08b22dea32cc0303f50d9d7ea0 > .cgb-container-wrapper > .cgb-container {\n                max-width: 55.000rem;\n            }\n        <\/style>\n\n        <section id=\"\"\n            class=\"cgb-container-block cgb-acf-block block_c2beda08b22dea32cc0303f50d9d7ea0 \">\n\n            <div class=\"cgb-container-wrapper\">\n\n                <div class=\"cgb-container\">\n                                        \n\n<h1 class=\"wp-block-heading\">Evaluaciones de audiolog\u00eda pedi\u00e1trica<\/h1>\n\n\n\n<h2 class=\"wp-block-heading\" style=\"padding-top:0;padding-right:0;padding-bottom:0;padding-left:0\">Pautas diagn\u00f3sticas audiom\u00e9tricas pedi\u00e1tricas<\/h2>\n\n\n\n<div class=\"wp-block-group is-layout-constrained wp-block-group-is-layout-constrained\">\n<p>Todos los procedimientos se refieren a cada o\u00eddo individualmente; Los n\u00fameros a continuaci\u00f3n representan el orden en que se completan las evaluaciones durante las pruebas.<\/p>\n\n\n        <section id=\"\"\n            class=\"cgb-accordion-block cgb-acf-block block_219b4a634d9eda0db4dbeacaa4a456a5  cgb-icono-intercalaci\u00f3n\">\n            <div class=\"cgb-accordion\">\n                \n        <H2 class=\"cgb-heading\">\n            <button class=\"cgb-button\"\n                id=\"cgb-56bc0e450b4e67b575d7\"\n                aria-controls=\"cgb-30b4746793f9c782c50d\"\n                aria-expanded=\"false\">\n                <span class=\"cgb-label\">1. Historia cl\u00ednica pedi\u00e1trica<\/span>\n            <\/button>\n        <\/H2>\n        <div class=\"cgb-content \"\n            id=\"cgb-30b4746793f9c782c50d\"\n            aria-labelledby=\"cgb-56bc0e450b4e67b575d7\"\n            role=\"region\">\n            \n\n<p>Informaci\u00f3n sobre las pruebas de detecci\u00f3n, antecedentes m\u00e9dicos significativos, antecedentes familiares de p\u00e9rdida auditiva y cualquier inquietud de los padres.<\/p>\n\n\n        <\/div>\n\n\n        <H2 class=\"cgb-heading\">\n            <button class=\"cgb-button\"\n                id=\"cgb-fed7c4602594d258494b\"\n                aria-controls=\"cgb-46e8a00e81db473a2a82\"\n                aria-expanded=\"false\">\n                <span class=\"cgb-label\">2. Evaluaci\u00f3n otosc\u00f3pica<\/span>\n            <\/button>\n        <\/H2>\n        <div class=\"cgb-content \"\n            id=\"cgb-46e8a00e81db473a2a82\"\n            aria-labelledby=\"cgb-fed7c4602594d258494b\"\n            role=\"region\">\n            \n\n<p>Observaci\u00f3n del o\u00eddo externo y del conducto auditivo externo seg\u00fan sea posible.<\/p>\n\n\n        <\/div>\n\n\n        <H2 class=\"cgb-heading\">\n            <button class=\"cgb-button\"\n                id=\"cgb-f632c6ae9288f5b0f716\"\n                aria-controls=\"cgb-781d5558086c516b0b7b\"\n                aria-expanded=\"false\">\n                <span class=\"cgb-label\">3. Timpanometr\u00eda<\/span>\n            <\/button>\n        <\/H2>\n        <div class=\"cgb-content \"\n            id=\"cgb-781d5558086c516b0b7b\"\n            aria-labelledby=\"cgb-f632c6ae9288f5b0f716\"\n            role=\"region\">\n            \n\n<p>Informaci\u00f3n sobre el cribado, antecedentes m\u00e9dicos significativos, antecedentes familiares de audici\u00f3n o informaci\u00f3n sobre el estado del o\u00eddo medio; El tono de la sonda de alta frecuencia debe usarse en ni\u00f1os de 6 meses o menos. Incluye pruebas de reflejos ac\u00fasticos.<\/p>\n\n\n        <\/div>\n\n\n        <H2 class=\"cgb-heading\">\n            <button class=\"cgb-button\"\n                id=\"cgb-707b2a021b3b470ee3bf\"\n                aria-controls=\"cgb-4f5df50d1466ac05bbb0\"\n                aria-expanded=\"false\">\n                <span class=\"cgb-label\">4. Respuesta auditiva del tronco encef\u00e1lico  <\/span>\n            <\/button>\n        <\/H2>\n        <div class=\"cgb-content \"\n            id=\"cgb-4f5df50d1466ac05bbb0\"\n            aria-labelledby=\"cgb-707b2a021b3b470ee3bf\"\n            role=\"region\">\n            \n\n<p>(a) ABR evocado por clic a 80 dBnHL : Eval\u00faa la integridad y la funci\u00f3n neuronal; latencias absolutas, interpico (I-III-V) e interaurales junto con la morfolog\u00eda de la forma de onda para evaluar la integridad neuronal; Inversi\u00f3n de la polaridad de la se\u00f1al para ayudar a identificar el sitio de la patolog\u00eda.<\/p>\n\n\n\n<p>b) B\u00fasqueda del umbral ABR evocado por clic: Sensibilidad auditiva estimada a 2-4 kHz.<\/p>\n\n\n\n<p>c) ABRs de baja y alta frecuencia (r\u00e1faga de tonos): Sensibilidad auditiva estimada tanto a bajas como a altas frecuencias; La informaci\u00f3n puede ayudar a seleccionar y adaptar un aud\u00edfono cuando se justifique.<\/p>\n\n\n        <\/div>\n\n\n        <H2 class=\"cgb-heading\">\n            <button class=\"cgb-button\"\n                id=\"cgb-d7203ca02110124d8008\"\n                aria-controls=\"cgb-5e2363cdcdac5d91ab20\"\n                aria-expanded=\"false\">\n                <span class=\"cgb-label\">5. Respuesta auditiva de estado estacionario (ASSR)<\/span>\n            <\/button>\n        <\/H2>\n        <div class=\"cgb-content \"\n            id=\"cgb-5e2363cdcdac5d91ab20\"\n            aria-labelledby=\"cgb-d7203ca02110124d8008\"\n            role=\"region\">\n            \n\n<p>Proporciona m\u00e1s informaci\u00f3n espec\u00edfica de la frecuencia; se utiliza para verificar con los resultados de ABR evocados por clic y r\u00e1faga de tono.<\/p>\n\n\n        <\/div>\n\n\n            <\/div>\n        <\/section>\n    \n\n\n<div style=\"height:20px\" aria-hidden=\"true\" class=\"wp-block-spacer\"><\/div>\n<\/div>\n\n\n\n<div class=\"wp-block-group is-layout-constrained wp-block-group-is-layout-constrained\">\n<p>Si alguno de los procedimientos anteriores indica trastorno, los procedimientos adicionales que deben completarse son:<\/p>\n\n\n        <section id=\"\"\n            class=\"cgb-accordion-block cgb-acf-block block_219b4a634d9eda0db4dbeacaa4a456a5  cgb-icono-intercalaci\u00f3n\">\n            <div class=\"cgb-accordion\">\n                \n        <H2 class=\"cgb-heading\">\n            <button class=\"cgb-button\"\n                id=\"cgb-bee92f7d1db1c94bd5c8\"\n                aria-controls=\"cgb-08bdab27c3c8558e381c\"\n                aria-expanded=\"false\">\n                <span class=\"cgb-label\">Antecedentes de casos pedi\u00e1tricos<\/span>\n            <\/button>\n        <\/H2>\n        <div class=\"cgb-content \"\n            id=\"cgb-08bdab27c3c8558e381c\"\n            aria-labelledby=\"cgb-bee92f7d1db1c94bd5c8\"\n            role=\"region\">\n            \n\n<p>M\u00e1s completo de lo que se pudo haber hecho inicialmente.<\/p>\n\n\n        <\/div>\n\n\n        <H2 class=\"cgb-heading\">\n            <button class=\"cgb-button\"\n                id=\"cgb-7b9f5b5972c5c238d5d6\"\n                aria-controls=\"cgb-7db239bcd6a539c21b04\"\n                aria-expanded=\"false\">\n                <span class=\"cgb-label\">Conducci\u00f3n \u00f3sea ABR\/ASSR<\/span>\n            <\/button>\n        <\/H2>\n        <div class=\"cgb-content \"\n            id=\"cgb-7db239bcd6a539c21b04\"\n            aria-labelledby=\"cgb-7b9f5b5972c5c238d5d6\"\n            role=\"region\">\n            \n\n<p>Establece el tipo de p\u00e9rdida auditiva.<\/p>\n\n\n        <\/div>\n\n\n        <H2 class=\"cgb-heading\">\n            <button class=\"cgb-button\"\n                id=\"cgb-6021b2f07191acb5c906\"\n                aria-controls=\"cgb-b82a909649ec23c74490\"\n                aria-expanded=\"false\">\n                <span class=\"cgb-label\">Audiometr\u00eda de refuerzo visual (VRA): umbrales de conducci\u00f3n a\u00e9rea y \u00f3sea o umbrales de tono puro<\/span>\n            <\/button>\n        <\/H2>\n        <div class=\"cgb-content \"\n            id=\"cgb-b82a909649ec23c74490\"\n            aria-labelledby=\"cgb-6021b2f07191acb5c906\"\n            role=\"region\">\n            \n\n<p>Umbrales de audici\u00f3n para confirmar los hallazgos fisiol\u00f3gicos anteriores.<\/p>\n\n\n        <\/div>\n\n\n        <H2 class=\"cgb-heading\">\n            <button class=\"cgb-button\"\n                id=\"cgb-4160bd8f999999ee6ca1\"\n                aria-controls=\"cgb-4a43aa5fcb6a3991a741\"\n                aria-expanded=\"false\">\n                <span class=\"cgb-label\">Timpanometr\u00eda<\/span>\n            <\/button>\n        <\/H2>\n        <div class=\"cgb-content \"\n            id=\"cgb-4a43aa5fcb6a3991a741\"\n            aria-labelledby=\"cgb-4160bd8f999999ee6ca1\"\n            role=\"region\">\n            \n\n<p>Evaluar el estado del o\u00eddo medio; El tono de sonda de baja frecuencia se puede usar con ni\u00f1os mayores de 6 meses de edad.<\/p>\n\n\n        <\/div>\n\n\n        <H2 class=\"cgb-heading\">\n            <button class=\"cgb-button\"\n                id=\"cgb-5cb94a192bf1f9fc582c\"\n                aria-controls=\"cgb-40f0086b69c5d96451c2\"\n                aria-expanded=\"false\">\n                <span class=\"cgb-label\">Audiometr\u00eda de refuerzo visual (VRA): umbrales de conducci\u00f3n a\u00e9rea y \u00f3sea o umbrales de tono puro<\/span>\n            <\/button>\n        <\/H2>\n        <div class=\"cgb-content \"\n            id=\"cgb-40f0086b69c5d96451c2\"\n            aria-labelledby=\"cgb-5cb94a192bf1f9fc582c\"\n            role=\"region\">\n            \n\n<p>Umbrales de audici\u00f3n para confirmar los hallazgos fisiol\u00f3gicos anteriores.<\/p>\n\n\n        <\/div>\n\n\n            <\/div>\n        <\/section>\n    <\/div>\n\n\n\n<div style=\"height:17px\" aria-hidden=\"true\" class=\"wp-block-spacer\"><\/div>\n\n\n\n<div style=\"height:24px\" aria-hidden=\"true\" class=\"wp-block-spacer\"><\/div>\n\n\n\n<p>Cuando hay una indicaci\u00f3n de trastorno, los procedimientos de seguimiento a continuaci\u00f3n deben realizarse a intervalos recomendados por el audi\u00f3logo pedi\u00e1trico. Los procedimientos a continuaci\u00f3n son apropiados para ni\u00f1os de 6 a 8 meses de edad o m\u00e1s y no son exclusivos de procedimientos de seguimiento adicionales y\/o recomendaciones identificadas por el audi\u00f3logo pedi\u00e1trico.<\/p>\n\n\n\n<div class=\"wp-block-group is-layout-constrained wp-block-group-is-layout-constrained\">        <section id=\"\"\n            class=\"cgb-accordion-block cgb-acf-block block_219b4a634d9eda0db4dbeacaa4a456a5  cgb-icono-intercalaci\u00f3n\">\n            <div class=\"cgb-accordion\">\n                \n        <h3 class=\"cgb-heading\">\n            <button class=\"cgb-button\"\n                id=\"cgb-3887edb58fca8ae099fd\"\n                aria-controls=\"cgb-26f5022cb9e415784886\"\n                aria-expanded=\"false\">\n                <span class=\"cgb-label\">Audiometr\u00eda de refuerzo visual (VRA): umbrales de conducci\u00f3n a\u00e9rea y \u00f3sea o umbrales de tono puro<\/span>\n            <\/button>\n        <\/h3>\n        <div class=\"cgb-content \"\n            id=\"cgb-26f5022cb9e415784886\"\n            aria-labelledby=\"cgb-3887edb58fca8ae099fd\"\n            role=\"region\">\n            \n\n<p>Umbrales de audici\u00f3n para confirmar los hallazgos fisiol\u00f3gicos anteriores.<\/p>\n\n\n        <\/div>\n\n\n        <h3 class=\"cgb-heading\">\n            <button class=\"cgb-button\"\n                id=\"cgb-8b6ebb4c3f572b185b7c\"\n                aria-controls=\"cgb-3971694729fb477908f6\"\n                aria-expanded=\"false\">\n                <span class=\"cgb-label\">Timpanometr\u00eda<\/span>\n            <\/button>\n        <\/h3>\n        <div class=\"cgb-content \"\n            id=\"cgb-3971694729fb477908f6\"\n            aria-labelledby=\"cgb-8b6ebb4c3f572b185b7c\"\n            role=\"region\">\n            \n\n<p>Evaluar el estado del o\u00eddo medio; El tono de sonda de baja frecuencia se puede usar con ni\u00f1os mayores de 6 meses de edad.<\/p>\n\n\n        <\/div>\n\n\n            <\/div>\n        <\/section>\n    <\/div>\n\n\n\n<div style=\"height:20px\" aria-hidden=\"true\" class=\"wp-block-spacer\"><\/div>\n\n\n                <\/div>\n\n            <\/div>\n\n        <\/section>\n\n    ","protected":false},"excerpt":{"rendered":"<p>Evaluaciones de audiolog\u00eda pedi\u00e1trica Pautas diagn\u00f3sticas audiom\u00e9tricas pedi\u00e1tricas Todos los procedimientos se refieren a cada o\u00eddo individualmente; Los n\u00fameros a continuaci\u00f3n representan el orden en que se completan las evaluaciones durante las pruebas. Informaci\u00f3n sobre las pruebas de detecci\u00f3n, antecedentes m\u00e9dicos significativos, antecedentes familiares de p\u00e9rdida auditiva y cualquier inquietud de los padres. Observaci\u00f3n del&hellip;<\/p>\n","protected":false},"author":2,"featured_media":0,"parent":1774,"menu_order":0,"comment_status":"closed","ping_status":"closed","template":"","meta":{"_acf_changed":true,"_monsterinsights_skip_tracking":false,"_monsterinsights_sitenote_active":false,"_monsterinsights_sitenote_note":"","_monsterinsights_sitenote_category":0,"footnotes":""},"class_list":["post-1771","page","type-page","status-publish","hentry"],"acf":[],"yoast_head":"<!-- This site is optimized with the Yoast SEO plugin v27.3 - https:\/\/yoast.com\/product\/yoast-seo-wordpress\/ -->\n<title>Evaluaciones de audiolog\u00eda pedi\u00e1trica - Wyoming EHDI<\/title>\n<meta name=\"robots\" content=\"index, follow, max-snippet:-1, max-image-preview:large, max-video-preview:-1\" \/>\n<link rel=\"canonical\" href=\"https:\/\/www.wyomingehdi.org\/es\/descripcion-general-de-la-audiologia-pediatrica\/evaluaciones-de-audiologia-pediatrica\/\" \/>\n<meta property=\"og:locale\" content=\"es_ES\" \/>\n<meta property=\"og:type\" content=\"article\" \/>\n<meta property=\"og:title\" content=\"Evaluaciones de audiolog\u00eda pedi\u00e1trica - Wyoming EHDI\" \/>\n<meta property=\"og:description\" content=\"Evaluaciones de audiolog\u00eda pedi\u00e1trica Pautas diagn\u00f3sticas audiom\u00e9tricas pedi\u00e1tricas Todos los procedimientos se refieren a cada o\u00eddo individualmente; Los n\u00fameros a continuaci\u00f3n representan el orden en que se completan las evaluaciones durante las pruebas. Informaci\u00f3n sobre las pruebas de detecci\u00f3n, antecedentes m\u00e9dicos significativos, antecedentes familiares de p\u00e9rdida auditiva y cualquier inquietud de los padres. Observaci\u00f3n del&hellip;\" \/>\n<meta property=\"og:url\" content=\"https:\/\/www.wyomingehdi.org\/es\/descripcion-general-de-la-audiologia-pediatrica\/evaluaciones-de-audiologia-pediatrica\/\" \/>\n<meta property=\"og:site_name\" content=\"Wyoming EHDI\" \/>\n<meta property=\"article:modified_time\" content=\"2025-01-02T21:01:39+00:00\" \/>\n<meta name=\"twitter:card\" content=\"summary_large_image\" \/>\n<meta name=\"twitter:label1\" content=\"Tiempo de lectura\" \/>\n\t<meta name=\"twitter:data1\" content=\"2 minutos\" \/>\n<script type=\"application\/ld+json\" class=\"yoast-schema-graph\">{\"@context\":\"https:\\\/\\\/schema.org\",\"@graph\":[{\"@type\":\"WebPage\",\"@id\":\"https:\\\/\\\/www.wyomingehdi.org\\\/es\\\/descripcion-general-de-la-audiologia-pediatrica\\\/evaluaciones-de-audiologia-pediatrica\\\/\",\"url\":\"https:\\\/\\\/www.wyomingehdi.org\\\/es\\\/descripcion-general-de-la-audiologia-pediatrica\\\/evaluaciones-de-audiologia-pediatrica\\\/\",\"name\":\"Evaluaciones de audiolog\u00eda pedi\u00e1trica - Wyoming EHDI\",\"isPartOf\":{\"@id\":\"https:\\\/\\\/www.wyomingehdi.org\\\/es\\\/#website\"},\"datePublished\":\"2024-07-30T20:37:30+00:00\",\"dateModified\":\"2025-01-02T21:01:39+00:00\",\"breadcrumb\":{\"@id\":\"https:\\\/\\\/www.wyomingehdi.org\\\/es\\\/descripcion-general-de-la-audiologia-pediatrica\\\/evaluaciones-de-audiologia-pediatrica\\\/#breadcrumb\"},\"inLanguage\":\"es\",\"potentialAction\":[{\"@type\":\"ReadAction\",\"target\":[\"https:\\\/\\\/www.wyomingehdi.org\\\/es\\\/descripcion-general-de-la-audiologia-pediatrica\\\/evaluaciones-de-audiologia-pediatrica\\\/\"]}]},{\"@type\":\"BreadcrumbList\",\"@id\":\"https:\\\/\\\/www.wyomingehdi.org\\\/es\\\/descripcion-general-de-la-audiologia-pediatrica\\\/evaluaciones-de-audiologia-pediatrica\\\/#breadcrumb\",\"itemListElement\":[{\"@type\":\"ListItem\",\"position\":1,\"name\":\"Home\",\"item\":\"https:\\\/\\\/www.wyomingehdi.org\\\/es\\\/\"},{\"@type\":\"ListItem\",\"position\":2,\"name\":\"Descripci\u00f3n general de la audiolog\u00eda pedi\u00e1trica\",\"item\":\"https:\\\/\\\/www.wyomingehdi.org\\\/es\\\/descripcion-general-de-la-audiologia-pediatrica\\\/\"},{\"@type\":\"ListItem\",\"position\":3,\"name\":\"Evaluaciones de audiolog\u00eda pedi\u00e1trica\"}]},{\"@type\":\"WebSite\",\"@id\":\"https:\\\/\\\/www.wyomingehdi.org\\\/es\\\/#website\",\"url\":\"https:\\\/\\\/www.wyomingehdi.org\\\/es\\\/\",\"name\":\"Wyoming EHDI\",\"description\":\"Wyoming Early Hearing Detection &amp; Intervention\",\"publisher\":{\"@id\":\"https:\\\/\\\/www.wyomingehdi.org\\\/es\\\/#organization\"},\"potentialAction\":[{\"@type\":\"SearchAction\",\"target\":{\"@type\":\"EntryPoint\",\"urlTemplate\":\"https:\\\/\\\/www.wyomingehdi.org\\\/es\\\/search\\\/{search_term_string}\"},\"query-input\":{\"@type\":\"PropertyValueSpecification\",\"valueRequired\":true,\"valueName\":\"search_term_string\"}}],\"inLanguage\":\"es\"},{\"@type\":\"Organization\",\"@id\":\"https:\\\/\\\/www.wyomingehdi.org\\\/es\\\/#organization\",\"name\":\"Wyoming EHDI\",\"url\":\"https:\\\/\\\/www.wyomingehdi.org\\\/es\\\/\",\"logo\":{\"@type\":\"ImageObject\",\"inLanguage\":\"es\",\"@id\":\"https:\\\/\\\/www.wyomingehdi.org\\\/es\\\/#\\\/schema\\\/logo\\\/image\\\/\",\"url\":\"https:\\\/\\\/www.wyomingehdi.org\\\/wp-content\\\/uploads\\\/2024\\\/07\\\/ehdi-wyoming-logo.svg\",\"contentUrl\":\"https:\\\/\\\/www.wyomingehdi.org\\\/wp-content\\\/uploads\\\/2024\\\/07\\\/ehdi-wyoming-logo.svg\",\"width\":241,\"height\":28,\"caption\":\"Wyoming EHDI\"},\"image\":{\"@id\":\"https:\\\/\\\/www.wyomingehdi.org\\\/es\\\/#\\\/schema\\\/logo\\\/image\\\/\"}}]}<\/script>\n<!-- \/ Yoast SEO plugin. -->","yoast_head_json":{"title":"Evaluaciones de audiolog\u00eda pedi\u00e1trica - Wyoming EHDI","robots":{"index":"index","follow":"follow","max-snippet":"max-snippet:-1","max-image-preview":"max-image-preview:large","max-video-preview":"max-video-preview:-1"},"canonical":"https:\/\/www.wyomingehdi.org\/es\/descripcion-general-de-la-audiologia-pediatrica\/evaluaciones-de-audiologia-pediatrica\/","og_locale":"es_ES","og_type":"article","og_title":"Evaluaciones de audiolog\u00eda pedi\u00e1trica - Wyoming EHDI","og_description":"Evaluaciones de audiolog\u00eda pedi\u00e1trica Pautas diagn\u00f3sticas audiom\u00e9tricas pedi\u00e1tricas Todos los procedimientos se refieren a cada o\u00eddo individualmente; Los n\u00fameros a continuaci\u00f3n representan el orden en que se completan las evaluaciones durante las pruebas. Informaci\u00f3n sobre las pruebas de detecci\u00f3n, antecedentes m\u00e9dicos significativos, antecedentes familiares de p\u00e9rdida auditiva y cualquier inquietud de los padres. Observaci\u00f3n del&hellip;","og_url":"https:\/\/www.wyomingehdi.org\/es\/descripcion-general-de-la-audiologia-pediatrica\/evaluaciones-de-audiologia-pediatrica\/","og_site_name":"Wyoming EHDI","article_modified_time":"2025-01-02T21:01:39+00:00","twitter_card":"summary_large_image","twitter_misc":{"Tiempo de lectura":"2 minutos"},"schema":{"@context":"https:\/\/schema.org","@graph":[{"@type":"WebPage","@id":"https:\/\/www.wyomingehdi.org\/es\/descripcion-general-de-la-audiologia-pediatrica\/evaluaciones-de-audiologia-pediatrica\/","url":"https:\/\/www.wyomingehdi.org\/es\/descripcion-general-de-la-audiologia-pediatrica\/evaluaciones-de-audiologia-pediatrica\/","name":"Evaluaciones de audiolog\u00eda pedi\u00e1trica - Wyoming EHDI","isPartOf":{"@id":"https:\/\/www.wyomingehdi.org\/es\/#website"},"datePublished":"2024-07-30T20:37:30+00:00","dateModified":"2025-01-02T21:01:39+00:00","breadcrumb":{"@id":"https:\/\/www.wyomingehdi.org\/es\/descripcion-general-de-la-audiologia-pediatrica\/evaluaciones-de-audiologia-pediatrica\/#breadcrumb"},"inLanguage":"es","potentialAction":[{"@type":"ReadAction","target":["https:\/\/www.wyomingehdi.org\/es\/descripcion-general-de-la-audiologia-pediatrica\/evaluaciones-de-audiologia-pediatrica\/"]}]},{"@type":"BreadcrumbList","@id":"https:\/\/www.wyomingehdi.org\/es\/descripcion-general-de-la-audiologia-pediatrica\/evaluaciones-de-audiologia-pediatrica\/#breadcrumb","itemListElement":[{"@type":"ListItem","position":1,"name":"Home","item":"https:\/\/www.wyomingehdi.org\/es\/"},{"@type":"ListItem","position":2,"name":"Descripci\u00f3n general de la audiolog\u00eda pedi\u00e1trica","item":"https:\/\/www.wyomingehdi.org\/es\/descripcion-general-de-la-audiologia-pediatrica\/"},{"@type":"ListItem","position":3,"name":"Evaluaciones de audiolog\u00eda pedi\u00e1trica"}]},{"@type":"WebSite","@id":"https:\/\/www.wyomingehdi.org\/es\/#website","url":"https:\/\/www.wyomingehdi.org\/es\/","name":"Wyoming EHDI","description":"Wyoming Early Hearing Detection &amp; Intervention","publisher":{"@id":"https:\/\/www.wyomingehdi.org\/es\/#organization"},"potentialAction":[{"@type":"SearchAction","target":{"@type":"EntryPoint","urlTemplate":"https:\/\/www.wyomingehdi.org\/es\/search\/{search_term_string}"},"query-input":{"@type":"PropertyValueSpecification","valueRequired":true,"valueName":"search_term_string"}}],"inLanguage":"es"},{"@type":"Organization","@id":"https:\/\/www.wyomingehdi.org\/es\/#organization","name":"Wyoming EHDI","url":"https:\/\/www.wyomingehdi.org\/es\/","logo":{"@type":"ImageObject","inLanguage":"es","@id":"https:\/\/www.wyomingehdi.org\/es\/#\/schema\/logo\/image\/","url":"https:\/\/www.wyomingehdi.org\/wp-content\/uploads\/2024\/07\/ehdi-wyoming-logo.svg","contentUrl":"https:\/\/www.wyomingehdi.org\/wp-content\/uploads\/2024\/07\/ehdi-wyoming-logo.svg","width":241,"height":28,"caption":"Wyoming EHDI"},"image":{"@id":"https:\/\/www.wyomingehdi.org\/es\/#\/schema\/logo\/image\/"}}]}},"_links":{"self":[{"href":"https:\/\/www.wyomingehdi.org\/es\/wp-json\/wp\/v2\/pages\/1771","targetHints":{"allow":["GET"]}}],"collection":[{"href":"https:\/\/www.wyomingehdi.org\/es\/wp-json\/wp\/v2\/pages"}],"about":[{"href":"https:\/\/www.wyomingehdi.org\/es\/wp-json\/wp\/v2\/types\/page"}],"author":[{"embeddable":true,"href":"https:\/\/www.wyomingehdi.org\/es\/wp-json\/wp\/v2\/users\/2"}],"replies":[{"embeddable":true,"href":"https:\/\/www.wyomingehdi.org\/es\/wp-json\/wp\/v2\/comments?post=1771"}],"version-history":[{"count":0,"href":"https:\/\/www.wyomingehdi.org\/es\/wp-json\/wp\/v2\/pages\/1771\/revisions"}],"up":[{"embeddable":true,"href":"https:\/\/www.wyomingehdi.org\/es\/wp-json\/wp\/v2\/pages\/1774"}],"wp:attachment":[{"href":"https:\/\/www.wyomingehdi.org\/es\/wp-json\/wp\/v2\/media?parent=1771"}],"curies":[{"name":"wp","href":"https:\/\/api.w.org\/{rel}","templated":true}]}}