{"id":1774,"date":"2024-07-30T20:35:04","date_gmt":"2024-07-30T20:35:04","guid":{"rendered":"https:\/\/www.wyomingehdi.org\/descripcion-general-de-la-audiologia-pediatrica\/"},"modified":"2025-01-02T20:58:41","modified_gmt":"2025-01-02T20:58:41","slug":"descripcion-general-de-la-audiologia-pediatrica","status":"publish","type":"page","link":"https:\/\/www.wyomingehdi.org\/es\/descripcion-general-de-la-audiologia-pediatrica\/","title":{"rendered":"Descripci\u00f3n general de la audiolog\u00eda pedi\u00e1trica"},"content":{"rendered":"        <!-- Load general styles -->\n                <style>\n            \/*\n            * Classes used by blocks to hide content at device breakpoints.\n            *\/\n            .cgb-container-hide-phone {\n                display: none;\n            }\n\n            \/* Hide on tablet *\/\n            @media (min-width: 48.875rem) {\n                .cgb-container-hide-phone {\n                    display: flex;  \/* Restore from previous display: none; *\/\n                }\n                .cgb-container-hide-tablet {\n                    display: none;\n                }\n            }\n\n            \/* Hide on desktop *\/\n            @media (min-width: 64.000rem) {\n                .cgb-container-hide-phone {\n                    display: flex;  \/* Restore from previous display: none; *\/\n                }\n                .cgb-container-hide-tablet {\n                    display: flex;  \/* Restore from previous display: none; *\/\n                }\n                .cgb-container-hide-desktop {\n                    display: none;\n                }\n            }\n        <\/style>\n    \n        <!-- Load styles specific to this block instance on our page -->\n        <style>\n            \/*\n             * Set mobile and desktop styles.\n             *\/\n            .block_6c315f4befe2680227686dea0bb782fa > .cgb-container-wrapper {\n                                box-sizing: border-box;\n                padding: 0 0 0;\n                margin: 0 0 0;\n                min-height: auto;\n                justify-content: flex-start;\n            }\n\n            @media (min-width: 48.875rem) {\n                .block_6c315f4befe2680227686dea0bb782fa > .cgb-container-wrapper {\n                    padding: 5.000rem 2.500rem 2.500rem;\n                    margin: 0 0 0;\n                    min-height: auto;\n                }\n            }\n\n            \/*\n             * Background image override if needed.\n             * If the background image size is the actual image size ('auto') and the viewport becomes\n             * wider than the image then stretch the image to always fill the viewport. Otherwise, the\n             * image will not display full width in larger viewports. The section id ensures this is\n             * specific to THIS particular block instance.\n             *\/\n            \n            \/*\n             * Set values for direct descendant container. The container may contain\n             * other containers you know.\n             *\/\n            .block_6c315f4befe2680227686dea0bb782fa > .cgb-container-wrapper > .cgb-container {\n                max-width: 55.000rem;\n            }\n        <\/style>\n\n        <section id=\"\"\n            class=\"cgb-container-block cgb-acf-block block_6c315f4befe2680227686dea0bb782fa \">\n\n            <div class=\"cgb-container-wrapper\">\n\n                <div class=\"cgb-container\">\n                                        \n\n<h1 class=\"wp-block-heading\">Descripci\u00f3n general de la audiolog\u00eda pedi\u00e1trica<\/h1>\n\n\n\n<figure class=\"wp-block-image size-full size-thumbnail\"><img loading=\"lazy\" decoding=\"async\" width=\"800\" height=\"533\" src=\"https:\/\/www.wyomingehdi.org\/wp-content\/uploads\/2024\/12\/Little-Girl-getting-Hearing-Screened.jpg\" alt=\"Ni\u00f1a sentada en el regazo de mam\u00e1 mientras le hacen una prueba de audici\u00f3n.\" class=\"wp-image-1627\" style=\"aspect-ratio:3\/2;object-fit:cover\" srcset=\"https:\/\/www.wyomingehdi.org\/wp-content\/uploads\/2024\/12\/Little-Girl-getting-Hearing-Screened.jpg 800w, https:\/\/www.wyomingehdi.org\/wp-content\/uploads\/2024\/12\/Little-Girl-getting-Hearing-Screened-428x285.jpg 428w, https:\/\/www.wyomingehdi.org\/wp-content\/uploads\/2024\/12\/Little-Girl-getting-Hearing-Screened-720x480.jpg 720w, https:\/\/www.wyomingehdi.org\/wp-content\/uploads\/2024\/12\/Little-Girl-getting-Hearing-Screened-576x384.jpg 576w, https:\/\/www.wyomingehdi.org\/wp-content\/uploads\/2024\/12\/Little-Girl-getting-Hearing-Screened-768x512.jpg 768w\" sizes=\"auto, (max-width: 800px) 100vw, 800px\" \/><\/figure>\n\n\n\n<h2 class=\"wp-block-heading\">Pautas diagn\u00f3sticas audiom\u00e9tricas pedi\u00e1tricas<\/h2>\n\n\n\n<p>Todos los procedimientos se refieren a cada o\u00eddo individualmente; Los n\u00fameros a continuaci\u00f3n representan el orden en que se completan las evaluaciones durante las pruebas.<\/p>\n\n\n\n<ol class=\"wp-block-list\">\n<li><strong>Antecedentes de casos pedi\u00e1tricos:<\/strong> Informaci\u00f3n sobre las pruebas de detecci\u00f3n, antecedentes m\u00e9dicos significativos, antecedentes familiares de p\u00e9rdida auditiva y cualquier inquietud de los padres.<\/li>\n\n\n\n<li><strong>Evaluaci\u00f3n otosc\u00f3pica:<\/strong> Observaci\u00f3n del o\u00eddo externo y del conducto auditivo externo seg\u00fan sea posible.<\/li>\n\n\n\n<li><strong>Timpanometr\u00eda:<\/strong> Informaci\u00f3n sobre el estado del o\u00eddo medio; El tono de la sonda de alta frecuencia debe usarse en ni\u00f1os de 6 meses o menos. Incluye pruebas de reflejos ac\u00fasticos.  <\/li>\n\n\n\n<li><strong>Emisiones otoac\u00fasticas (OAE): <\/strong>Puede ayudar a diagnosticar la sensibilidad auditiva normal o anormal, el estado del o\u00eddo medio o la disfunci\u00f3n neuronal.<\/li>\n\n\n\n<li><strong>Respuesta auditiva del tronco encef\u00e1lico (ABR):<\/strong>\n<ul class=\"wp-block-list\">\n<li>ABR evocado por clic a 80 dBnHL Eval\u00faa la integridad y la funci\u00f3n neuronal; latencias absolutas, interpico (I-III-V) e interaurales junto con la morfolog\u00eda de la forma de onda para evaluar la integridad neuronal; Inversi\u00f3n de la polaridad de la se\u00f1al para ayudar a identificar el sitio de la patolog\u00eda.  <\/li>\n\n\n\n<li>B\u00fasqueda de umbral ABR evocada por clic: sensibilidad auditiva estimada a 2-4 kHz. c) ABRs de baja y alta frecuencia (r\u00e1faga de tonos) Sensibilidad auditiva estimada tanto a bajas como a altas frecuencias; La informaci\u00f3n puede ayudar a seleccionar y adaptar un aud\u00edfono cuando se justifique.<\/li>\n<\/ul>\n<\/li>\n\n\n\n<li><strong>Respuesta auditiva en estado estacionario (ASSR):<\/strong> Proporciona m\u00e1s informaci\u00f3n espec\u00edfica de la frecuencia; se utiliza para verificar con los resultados de ABR evocados por clic y r\u00e1faga de tono.<\/li>\n<\/ol>\n\n\n\n<h3 class=\"wp-block-heading\">Tr\u00e1mites adicionales<\/h3>\n\n\n\n<p>Si alguno de los procedimientos anteriores indica trastorno, los procedimientos adicionales que deben completarse son:<\/p>\n\n\n\n<ul class=\"wp-block-list\">\n<li><strong>Antecedentes de casos pedi\u00e1tricos: <\/strong>M\u00e1s completo de lo que se pudo haber hecho inicialmente.<\/li>\n\n\n\n<li><strong>Conducci\u00f3n \u00f3sea ABR\/ASSR:<\/strong> Establece el tipo de p\u00e9rdida auditiva.<\/li>\n<\/ul>\n\n\n\n<h3 class=\"wp-block-heading\">Procedimientos de seguimiento<\/h3>\n\n\n\n<p>Cuando hay una indicaci\u00f3n de trastorno, los procedimientos de seguimiento a continuaci\u00f3n deben realizarse a intervalos recomendados por el audi\u00f3logo pedi\u00e1trico. Los procedimientos a continuaci\u00f3n son apropiados para ni\u00f1os de 6 a 8 meses de edad o m\u00e1s y no son exclusivos de procedimientos de seguimiento adicionales y\/o recomendaciones identificadas por el audi\u00f3logo pedi\u00e1trico.<\/p>\n\n\n\n<ul class=\"wp-block-list\">\n<li><strong>Audiometr\u00eda de refuerzo visual (VRA): <\/strong>Umbrales de audici\u00f3n para confirmar los hallazgos fisiol\u00f3gicos de conducci\u00f3n a\u00e9rea y conducci\u00f3n \u00f3sea anteriores. Umbrales o umbrales de tono puro<\/li>\n\n\n\n<li><strong>Timpanometr\u00eda: <\/strong>Evaluar el estado del o\u00eddo medio; El tono de sonda de baja frecuencia se puede usar con ni\u00f1os mayores de 6 meses de edad.<\/li>\n<\/ul>\n\n\n\n<h2 class=\"wp-block-heading\">Datos de contacto<\/h2>\n\n\n\n<p>Para programar una cita en la Cl\u00ednica de Audiolog\u00eda de CDC+, llame al (307) 237-4477 o visite <a href=\"https:\/\/www.cdccasper.org\/audiology\">CDC+ Audiology<\/a> en l\u00ednea.<br><br>La cl\u00ednica est\u00e1 ubicada en Child Development Center, 2020 E 12th St, Casper, WY 82601 (<a href=\"https:\/\/www.cdccasper.org\/\">https:\/\/www.cdccasper.org<\/a>).<br><br>No dude en ponerse en contacto con el Programa EHDI de Wyoming si tiene preguntas o inquietudes sobre la salud auditiva de su hijo. Puede llamar a nuestra oficina (307-721-6212) o enviarnos un correo electr\u00f3nico a info@wyomingehdi.org.<br><br>La asociaci\u00f3n del Programa EHDI de Wyoming con los CDC es posible, en parte, gracias a una subvenci\u00f3n federal de la Administraci\u00f3n de Servicios de Recursos de Salud\/Oficina de Salud Materno-Infantil.<\/p>\n\n\n\n<h2 class=\"wp-block-heading\">Cl\u00ednica de afiliados<\/h2>\n\n\n\n<p>El Programa EHDI de Wyoming trabaja en estrecha colaboraci\u00f3n con la Cl\u00ednica del Habla y la Audici\u00f3n de la Universidad de Wyoming en Laramie, Wyoming. Los reci\u00e9n nacidos, beb\u00e9s, ni\u00f1os peque\u00f1os y ni\u00f1os en edad preescolar (as\u00ed como los ni\u00f1os mayores) recibir\u00e1n una evaluaci\u00f3n y un tratamiento auditivo apropiados para su edad a trav\u00e9s de esta cl\u00ednica. Haga clic en el enlace a continuaci\u00f3n para visitar el sitio web de la Cl\u00ednica del Habla y la Audici\u00f3n.<br><br><a href=\"http:\/\/www.uwyo.edu\/comdis\/uw-speech-and-hearing-clinic\/index.html\">Cl\u00ednica del Habla y la Audici\u00f3n de la Universidad de Wyoming<\/a><\/p>\n\n\n                <\/div>\n\n            <\/div>\n\n        <\/section>\n\n    ","protected":false},"excerpt":{"rendered":"<p>Descripci\u00f3n general de la audiolog\u00eda pedi\u00e1trica Pautas diagn\u00f3sticas audiom\u00e9tricas pedi\u00e1tricas Todos los procedimientos se refieren a cada o\u00eddo individualmente; Los n\u00fameros a continuaci\u00f3n representan el orden en que se completan las evaluaciones durante las pruebas. Tr\u00e1mites adicionales Si alguno de los procedimientos anteriores indica trastorno, los procedimientos adicionales que deben completarse son: Procedimientos de seguimiento&hellip;<\/p>\n","protected":false},"author":2,"featured_media":0,"parent":0,"menu_order":0,"comment_status":"closed","ping_status":"closed","template":"","meta":{"_acf_changed":false,"_monsterinsights_skip_tracking":false,"_monsterinsights_sitenote_active":false,"_monsterinsights_sitenote_note":"","_monsterinsights_sitenote_category":0,"footnotes":""},"class_list":["post-1774","page","type-page","status-publish","hentry"],"acf":[],"yoast_head":"<!-- This site is optimized with the Yoast SEO plugin v27.3 - https:\/\/yoast.com\/product\/yoast-seo-wordpress\/ -->\n<title>Descripci\u00f3n general de la audiolog\u00eda pedi\u00e1trica - Wyoming EHDI<\/title>\n<meta name=\"robots\" content=\"index, follow, max-snippet:-1, max-image-preview:large, max-video-preview:-1\" \/>\n<link rel=\"canonical\" href=\"https:\/\/www.wyomingehdi.org\/es\/descripcion-general-de-la-audiologia-pediatrica\/\" \/>\n<meta property=\"og:locale\" content=\"es_ES\" \/>\n<meta property=\"og:type\" content=\"article\" \/>\n<meta property=\"og:title\" content=\"Descripci\u00f3n general de la audiolog\u00eda pedi\u00e1trica - Wyoming EHDI\" \/>\n<meta property=\"og:description\" content=\"Descripci\u00f3n general de la audiolog\u00eda pedi\u00e1trica Pautas diagn\u00f3sticas audiom\u00e9tricas pedi\u00e1tricas Todos los procedimientos se refieren a cada o\u00eddo individualmente; Los n\u00fameros a continuaci\u00f3n representan el orden en que se completan las evaluaciones durante las pruebas. Tr\u00e1mites adicionales Si alguno de los procedimientos anteriores indica trastorno, los procedimientos adicionales que deben completarse son: Procedimientos de seguimiento&hellip;\" \/>\n<meta property=\"og:url\" content=\"https:\/\/www.wyomingehdi.org\/es\/descripcion-general-de-la-audiologia-pediatrica\/\" \/>\n<meta property=\"og:site_name\" content=\"Wyoming EHDI\" \/>\n<meta property=\"article:modified_time\" content=\"2025-01-02T20:58:41+00:00\" \/>\n<meta property=\"og:image\" content=\"https:\/\/www.wyomingehdi.org\/wp-content\/uploads\/2024\/12\/Little-Girl-getting-Hearing-Screened.jpg\" \/>\n\t<meta property=\"og:image:width\" content=\"800\" \/>\n\t<meta property=\"og:image:height\" content=\"533\" \/>\n\t<meta property=\"og:image:type\" content=\"image\/jpeg\" \/>\n<meta name=\"twitter:card\" content=\"summary_large_image\" \/>\n<meta name=\"twitter:label1\" content=\"Tiempo de lectura\" \/>\n\t<meta name=\"twitter:data1\" content=\"3 minutos\" \/>\n<script type=\"application\/ld+json\" class=\"yoast-schema-graph\">{\"@context\":\"https:\\\/\\\/schema.org\",\"@graph\":[{\"@type\":\"WebPage\",\"@id\":\"https:\\\/\\\/www.wyomingehdi.org\\\/es\\\/descripcion-general-de-la-audiologia-pediatrica\\\/\",\"url\":\"https:\\\/\\\/www.wyomingehdi.org\\\/es\\\/descripcion-general-de-la-audiologia-pediatrica\\\/\",\"name\":\"Descripci\u00f3n general de la audiolog\u00eda pedi\u00e1trica - Wyoming EHDI\",\"isPartOf\":{\"@id\":\"https:\\\/\\\/www.wyomingehdi.org\\\/es\\\/#website\"},\"primaryImageOfPage\":{\"@id\":\"https:\\\/\\\/www.wyomingehdi.org\\\/es\\\/descripcion-general-de-la-audiologia-pediatrica\\\/#primaryimage\"},\"image\":{\"@id\":\"https:\\\/\\\/www.wyomingehdi.org\\\/es\\\/descripcion-general-de-la-audiologia-pediatrica\\\/#primaryimage\"},\"thumbnailUrl\":\"https:\\\/\\\/www.wyomingehdi.org\\\/wp-content\\\/uploads\\\/2024\\\/12\\\/Little-Girl-getting-Hearing-Screened.jpg\",\"datePublished\":\"2024-07-30T20:35:04+00:00\",\"dateModified\":\"2025-01-02T20:58:41+00:00\",\"breadcrumb\":{\"@id\":\"https:\\\/\\\/www.wyomingehdi.org\\\/es\\\/descripcion-general-de-la-audiologia-pediatrica\\\/#breadcrumb\"},\"inLanguage\":\"es\",\"potentialAction\":[{\"@type\":\"ReadAction\",\"target\":[\"https:\\\/\\\/www.wyomingehdi.org\\\/es\\\/descripcion-general-de-la-audiologia-pediatrica\\\/\"]}]},{\"@type\":\"ImageObject\",\"inLanguage\":\"es\",\"@id\":\"https:\\\/\\\/www.wyomingehdi.org\\\/es\\\/descripcion-general-de-la-audiologia-pediatrica\\\/#primaryimage\",\"url\":\"https:\\\/\\\/www.wyomingehdi.org\\\/wp-content\\\/uploads\\\/2024\\\/12\\\/Little-Girl-getting-Hearing-Screened.jpg\",\"contentUrl\":\"https:\\\/\\\/www.wyomingehdi.org\\\/wp-content\\\/uploads\\\/2024\\\/12\\\/Little-Girl-getting-Hearing-Screened.jpg\"},{\"@type\":\"BreadcrumbList\",\"@id\":\"https:\\\/\\\/www.wyomingehdi.org\\\/es\\\/descripcion-general-de-la-audiologia-pediatrica\\\/#breadcrumb\",\"itemListElement\":[{\"@type\":\"ListItem\",\"position\":1,\"name\":\"Home\",\"item\":\"https:\\\/\\\/www.wyomingehdi.org\\\/es\\\/\"},{\"@type\":\"ListItem\",\"position\":2,\"name\":\"Descripci\u00f3n general de la audiolog\u00eda pedi\u00e1trica\"}]},{\"@type\":\"WebSite\",\"@id\":\"https:\\\/\\\/www.wyomingehdi.org\\\/es\\\/#website\",\"url\":\"https:\\\/\\\/www.wyomingehdi.org\\\/es\\\/\",\"name\":\"Wyoming EHDI\",\"description\":\"Wyoming Early Hearing Detection &amp; Intervention\",\"publisher\":{\"@id\":\"https:\\\/\\\/www.wyomingehdi.org\\\/es\\\/#organization\"},\"potentialAction\":[{\"@type\":\"SearchAction\",\"target\":{\"@type\":\"EntryPoint\",\"urlTemplate\":\"https:\\\/\\\/www.wyomingehdi.org\\\/es\\\/search\\\/{search_term_string}\"},\"query-input\":{\"@type\":\"PropertyValueSpecification\",\"valueRequired\":true,\"valueName\":\"search_term_string\"}}],\"inLanguage\":\"es\"},{\"@type\":\"Organization\",\"@id\":\"https:\\\/\\\/www.wyomingehdi.org\\\/es\\\/#organization\",\"name\":\"Wyoming EHDI\",\"url\":\"https:\\\/\\\/www.wyomingehdi.org\\\/es\\\/\",\"logo\":{\"@type\":\"ImageObject\",\"inLanguage\":\"es\",\"@id\":\"https:\\\/\\\/www.wyomingehdi.org\\\/es\\\/#\\\/schema\\\/logo\\\/image\\\/\",\"url\":\"https:\\\/\\\/www.wyomingehdi.org\\\/wp-content\\\/uploads\\\/2024\\\/07\\\/ehdi-wyoming-logo.svg\",\"contentUrl\":\"https:\\\/\\\/www.wyomingehdi.org\\\/wp-content\\\/uploads\\\/2024\\\/07\\\/ehdi-wyoming-logo.svg\",\"width\":241,\"height\":28,\"caption\":\"Wyoming EHDI\"},\"image\":{\"@id\":\"https:\\\/\\\/www.wyomingehdi.org\\\/es\\\/#\\\/schema\\\/logo\\\/image\\\/\"}}]}<\/script>\n<!-- \/ Yoast SEO plugin. -->","yoast_head_json":{"title":"Descripci\u00f3n general de la audiolog\u00eda pedi\u00e1trica - Wyoming EHDI","robots":{"index":"index","follow":"follow","max-snippet":"max-snippet:-1","max-image-preview":"max-image-preview:large","max-video-preview":"max-video-preview:-1"},"canonical":"https:\/\/www.wyomingehdi.org\/es\/descripcion-general-de-la-audiologia-pediatrica\/","og_locale":"es_ES","og_type":"article","og_title":"Descripci\u00f3n general de la audiolog\u00eda pedi\u00e1trica - Wyoming EHDI","og_description":"Descripci\u00f3n general de la audiolog\u00eda pedi\u00e1trica Pautas diagn\u00f3sticas audiom\u00e9tricas pedi\u00e1tricas Todos los procedimientos se refieren a cada o\u00eddo individualmente; Los n\u00fameros a continuaci\u00f3n representan el orden en que se completan las evaluaciones durante las pruebas. Tr\u00e1mites adicionales Si alguno de los procedimientos anteriores indica trastorno, los procedimientos adicionales que deben completarse son: Procedimientos de seguimiento&hellip;","og_url":"https:\/\/www.wyomingehdi.org\/es\/descripcion-general-de-la-audiologia-pediatrica\/","og_site_name":"Wyoming EHDI","article_modified_time":"2025-01-02T20:58:41+00:00","og_image":[{"width":800,"height":533,"url":"https:\/\/www.wyomingehdi.org\/wp-content\/uploads\/2024\/12\/Little-Girl-getting-Hearing-Screened.jpg","type":"image\/jpeg"}],"twitter_card":"summary_large_image","twitter_misc":{"Tiempo de lectura":"3 minutos"},"schema":{"@context":"https:\/\/schema.org","@graph":[{"@type":"WebPage","@id":"https:\/\/www.wyomingehdi.org\/es\/descripcion-general-de-la-audiologia-pediatrica\/","url":"https:\/\/www.wyomingehdi.org\/es\/descripcion-general-de-la-audiologia-pediatrica\/","name":"Descripci\u00f3n general de la audiolog\u00eda pedi\u00e1trica - Wyoming EHDI","isPartOf":{"@id":"https:\/\/www.wyomingehdi.org\/es\/#website"},"primaryImageOfPage":{"@id":"https:\/\/www.wyomingehdi.org\/es\/descripcion-general-de-la-audiologia-pediatrica\/#primaryimage"},"image":{"@id":"https:\/\/www.wyomingehdi.org\/es\/descripcion-general-de-la-audiologia-pediatrica\/#primaryimage"},"thumbnailUrl":"https:\/\/www.wyomingehdi.org\/wp-content\/uploads\/2024\/12\/Little-Girl-getting-Hearing-Screened.jpg","datePublished":"2024-07-30T20:35:04+00:00","dateModified":"2025-01-02T20:58:41+00:00","breadcrumb":{"@id":"https:\/\/www.wyomingehdi.org\/es\/descripcion-general-de-la-audiologia-pediatrica\/#breadcrumb"},"inLanguage":"es","potentialAction":[{"@type":"ReadAction","target":["https:\/\/www.wyomingehdi.org\/es\/descripcion-general-de-la-audiologia-pediatrica\/"]}]},{"@type":"ImageObject","inLanguage":"es","@id":"https:\/\/www.wyomingehdi.org\/es\/descripcion-general-de-la-audiologia-pediatrica\/#primaryimage","url":"https:\/\/www.wyomingehdi.org\/wp-content\/uploads\/2024\/12\/Little-Girl-getting-Hearing-Screened.jpg","contentUrl":"https:\/\/www.wyomingehdi.org\/wp-content\/uploads\/2024\/12\/Little-Girl-getting-Hearing-Screened.jpg"},{"@type":"BreadcrumbList","@id":"https:\/\/www.wyomingehdi.org\/es\/descripcion-general-de-la-audiologia-pediatrica\/#breadcrumb","itemListElement":[{"@type":"ListItem","position":1,"name":"Home","item":"https:\/\/www.wyomingehdi.org\/es\/"},{"@type":"ListItem","position":2,"name":"Descripci\u00f3n general de la audiolog\u00eda pedi\u00e1trica"}]},{"@type":"WebSite","@id":"https:\/\/www.wyomingehdi.org\/es\/#website","url":"https:\/\/www.wyomingehdi.org\/es\/","name":"Wyoming EHDI","description":"Wyoming Early Hearing Detection &amp; Intervention","publisher":{"@id":"https:\/\/www.wyomingehdi.org\/es\/#organization"},"potentialAction":[{"@type":"SearchAction","target":{"@type":"EntryPoint","urlTemplate":"https:\/\/www.wyomingehdi.org\/es\/search\/{search_term_string}"},"query-input":{"@type":"PropertyValueSpecification","valueRequired":true,"valueName":"search_term_string"}}],"inLanguage":"es"},{"@type":"Organization","@id":"https:\/\/www.wyomingehdi.org\/es\/#organization","name":"Wyoming EHDI","url":"https:\/\/www.wyomingehdi.org\/es\/","logo":{"@type":"ImageObject","inLanguage":"es","@id":"https:\/\/www.wyomingehdi.org\/es\/#\/schema\/logo\/image\/","url":"https:\/\/www.wyomingehdi.org\/wp-content\/uploads\/2024\/07\/ehdi-wyoming-logo.svg","contentUrl":"https:\/\/www.wyomingehdi.org\/wp-content\/uploads\/2024\/07\/ehdi-wyoming-logo.svg","width":241,"height":28,"caption":"Wyoming EHDI"},"image":{"@id":"https:\/\/www.wyomingehdi.org\/es\/#\/schema\/logo\/image\/"}}]}},"_links":{"self":[{"href":"https:\/\/www.wyomingehdi.org\/es\/wp-json\/wp\/v2\/pages\/1774","targetHints":{"allow":["GET"]}}],"collection":[{"href":"https:\/\/www.wyomingehdi.org\/es\/wp-json\/wp\/v2\/pages"}],"about":[{"href":"https:\/\/www.wyomingehdi.org\/es\/wp-json\/wp\/v2\/types\/page"}],"author":[{"embeddable":true,"href":"https:\/\/www.wyomingehdi.org\/es\/wp-json\/wp\/v2\/users\/2"}],"replies":[{"embeddable":true,"href":"https:\/\/www.wyomingehdi.org\/es\/wp-json\/wp\/v2\/comments?post=1774"}],"version-history":[{"count":0,"href":"https:\/\/www.wyomingehdi.org\/es\/wp-json\/wp\/v2\/pages\/1774\/revisions"}],"wp:attachment":[{"href":"https:\/\/www.wyomingehdi.org\/es\/wp-json\/wp\/v2\/media?parent=1774"}],"curies":[{"name":"wp","href":"https:\/\/api.w.org\/{rel}","templated":true}]}}