{"id":1776,"date":"2024-07-30T20:42:36","date_gmt":"2024-07-30T20:42:36","guid":{"rendered":"https:\/\/www.wyomingehdi.org\/que-es-la-intervencion-temprana\/"},"modified":"2025-01-14T19:02:25","modified_gmt":"2025-01-14T19:02:25","slug":"que-es-la-intervencion-temprana","status":"publish","type":"page","link":"https:\/\/www.wyomingehdi.org\/es\/que-es-la-intervencion-temprana\/","title":{"rendered":"\u00bfQu\u00e9 es la intervenci\u00f3n temprana?"},"content":{"rendered":"        <!-- Load general styles -->\n                <style>\n            \/*\n            * Classes used by blocks to hide content at device breakpoints.\n            *\/\n            .cgb-container-hide-phone {\n                display: none;\n            }\n\n            \/* Hide on tablet *\/\n            @media (min-width: 48.875rem) {\n                .cgb-container-hide-phone {\n                    display: flex;  \/* Restore from previous display: none; *\/\n                }\n                .cgb-container-hide-tablet {\n                    display: none;\n                }\n            }\n\n            \/* Hide on desktop *\/\n            @media (min-width: 64.000rem) {\n                .cgb-container-hide-phone {\n                    display: flex;  \/* Restore from previous display: none; *\/\n                }\n                .cgb-container-hide-tablet {\n                    display: flex;  \/* Restore from previous display: none; *\/\n                }\n                .cgb-container-hide-desktop {\n                    display: none;\n                }\n            }\n        <\/style>\n    \n        <!-- Load styles specific to this block instance on our page -->\n        <style>\n            \/*\n             * Set mobile and desktop styles.\n             *\/\n            .block_bb72f897899840e4b228be03b460bf3a > .cgb-container-wrapper {\n                                box-sizing: border-box;\n                padding: 0 0 0;\n                margin: 0 0 0;\n                min-height: auto;\n                justify-content: center;\n            }\n\n            @media (min-width: 48.875rem) {\n                .block_bb72f897899840e4b228be03b460bf3a > .cgb-container-wrapper {\n                    padding: 5.000rem 2.500rem 2.500rem;\n                    margin: 0 0 0;\n                    min-height: auto;\n                }\n            }\n\n            \/*\n             * Background image override if needed.\n             * If the background image size is the actual image size ('auto') and the viewport becomes\n             * wider than the image then stretch the image to always fill the viewport. Otherwise, the\n             * image will not display full width in larger viewports. The section id ensures this is\n             * specific to THIS particular block instance.\n             *\/\n            \n            \/*\n             * Set values for direct descendant container. The container may contain\n             * other containers you know.\n             *\/\n            .block_bb72f897899840e4b228be03b460bf3a > .cgb-container-wrapper > .cgb-container {\n                max-width: 55.000rem;\n            }\n        <\/style>\n\n        <section id=\"\"\n            class=\"cgb-container-block cgb-acf-block block_bb72f897899840e4b228be03b460bf3a \">\n\n            <div class=\"cgb-container-wrapper\">\n\n                <div class=\"cgb-container\">\n                                        \n\n<h1 class=\"wp-block-heading\">\u00bfQu\u00e9 es la intervenci\u00f3n temprana?<\/h1>\n\n\n\n<figure class=\"wp-block-image size-full size-thumbnail\"><img loading=\"lazy\" decoding=\"async\" width=\"800\" height=\"533\" src=\"https:\/\/www.wyomingehdi.org\/wp-content\/uploads\/2025\/01\/Mom-and-Baby-in-Class.jpg\" alt=\"A small group of parents and their babies, participate in a sign language class together.  They are each dressed comfortably as they interact with their babies and learn new signs.\" class=\"wp-image-1830\" style=\"aspect-ratio:3\/2;object-fit:cover\" srcset=\"https:\/\/www.wyomingehdi.org\/wp-content\/uploads\/2025\/01\/Mom-and-Baby-in-Class.jpg 800w, https:\/\/www.wyomingehdi.org\/wp-content\/uploads\/2025\/01\/Mom-and-Baby-in-Class-428x285.jpg 428w, https:\/\/www.wyomingehdi.org\/wp-content\/uploads\/2025\/01\/Mom-and-Baby-in-Class-720x480.jpg 720w, https:\/\/www.wyomingehdi.org\/wp-content\/uploads\/2025\/01\/Mom-and-Baby-in-Class-576x384.jpg 576w, https:\/\/www.wyomingehdi.org\/wp-content\/uploads\/2025\/01\/Mom-and-Baby-in-Class-768x512.jpg 768w\" sizes=\"auto, (max-width: 800px) 100vw, 800px\" \/><\/figure>\n\n\n\n<h2 class=\"wp-block-heading\" style=\"padding-top:0;padding-right:0;padding-bottom:0;padding-left:0\">Gu\u00eda de Intervenci\u00f3n Temprana<\/h2>\n\n\n        <section id=\"\"\n            class=\"cgb-accordion-block cgb-acf-block block_73c4baf898bf260efca61eb648a27935  cgb-icono-intercalaci\u00f3n\">\n            <div class=\"cgb-accordion\">\n                \n        <h3 class=\"cgb-heading\">\n            <button class=\"cgb-button\"\n                id=\"cgb-1114a1cfa308ce2fab44\"\n                aria-controls=\"cgb-a26655a480f5ebfe8216\"\n                aria-expanded=\"false\">\n                <span class=\"cgb-label\">Causas cong\u00e9nitas de la p\u00e9rdida auditiva<\/span>\n            <\/button>\n        <\/h3>\n        <div class=\"cgb-content \"\n            id=\"cgb-a26655a480f5ebfe8216\"\n            aria-labelledby=\"cgb-1114a1cfa308ce2fab44\"\n            role=\"region\">\n            \n\n<p>Hay muchas causas posibles de la p\u00e9rdida de audici\u00f3n en los ni\u00f1os. Algunas causas son cong\u00e9nitas (presentes al nacer), mientras que otras son adquiridas (la causa de la p\u00e9rdida auditiva ocurre alg\u00fan tiempo despu\u00e9s del nacimiento). La p\u00e9rdida auditiva adquirida tambi\u00e9n se conoce como p\u00e9rdida auditiva de inicio tard\u00edo (LOHL).  <\/p>\n\n\n\n<ul class=\"wp-block-list\">\n<li>Prematuridad<\/li>\n\n\n\n<li>Gen\u00e9tica\/Hereditaria<\/li>\n\n\n\n<li>Malformaci\u00f3n del o\u00eddo externo, del canal auditivo o del o\u00eddo medio<\/li>\n\n\n\n<li>Infecciones prenatales, enfermedades<\/li>\n\n\n\n<li>Toxemia durante el embarazo<\/li>\n\n\n\n<li>Diabetes materna<\/li>\n<\/ul>\n\n\n        <\/div>\n\n\n        <h3 class=\"cgb-heading\">\n            <button class=\"cgb-button\"\n                id=\"cgb-ae02d2bfddf8e1772b15\"\n                aria-controls=\"cgb-9f75eba2ad1df36a5b3a\"\n                aria-expanded=\"false\">\n                <span class=\"cgb-label\">Etapas de desarrollo de la audici\u00f3n<\/span>\n            <\/button>\n        <\/h3>\n        <div class=\"cgb-content \"\n            id=\"cgb-9f75eba2ad1df36a5b3a\"\n            aria-labelledby=\"cgb-ae02d2bfddf8e1772b15\"\n            role=\"region\">\n            \n\n<p>La siguiente es una lista de algunas cosas que un beb\u00e9 con audici\u00f3n normal deber\u00eda ser capaz de hacer:<\/p>\n\n\n\n<figure class=\"wp-block-table is-style-regular\"><table class=\"has-headings-color has-light-body-background-color has-text-color has-background has-link-color has-fixed-layout\"><thead><tr><th class=\"has-text-align-center\" data-align=\"center\"><strong>Desde el nacimiento hasta los 3 meses de edad:<\/strong><\/th><th class=\"has-text-align-center\" data-align=\"center\"><strong>De 3 a 6 meses de edad:<\/strong><\/th><th class=\"has-text-align-center\" data-align=\"center\"><strong>De 6 a 9 meses de edad:<\/strong><\/th><th class=\"has-text-align-center\" data-align=\"center\"><strong>De 9 a 12 meses de edad:<\/strong><\/th><\/tr><\/thead><tbody><tr><td class=\"has-text-align-center\" data-align=\"center\">Parpadea o salta cuando hay un ruido fuerte y repentino<\/td><td class=\"has-text-align-center\" data-align=\"center\">Busca sonidos con los ojos<\/td><td class=\"has-text-align-center\" data-align=\"center\">Gira la cabeza hacia los sonidos fuertes<\/td><td class=\"has-text-align-center\" data-align=\"center\">Repite palabras simples y sonidos que haces<\/td><\/tr><tr><td class=\"has-text-align-center\" data-align=\"center\">Se calla o sonr\u00ede cuando se le habla.<\/td><td class=\"has-text-align-center\" data-align=\"center\">Empieza a balbucear<\/td><td class=\"has-text-align-center\" data-align=\"center\">Entiende \u00abno-no\u00bb o \u00abadi\u00f3s\u00bb<\/td><td class=\"has-text-align-center\" data-align=\"center\">Utiliza correctamente \u00abma-ma\u00bb o \u00abda-da\u00bb<\/td><\/tr><tr><td class=\"has-text-align-center\" data-align=\"center\">Hace sonidos como \u00aboh\u00bb y \u00abahh\u00bb<\/td><td class=\"has-text-align-center\" data-align=\"center\">Usa muchos sonidos, chillidos y risas.<\/td><td class=\"has-text-align-center\" data-align=\"center\">Balbuceos, por ejemplo \u00abba-ba\u00bb, \u00abma-ma\u00bb y \u00abga-ga\u00bb<\/td><td class=\"has-text-align-center\" data-align=\"center\">Responde al canto o a la m\u00fasica<\/td><\/tr><tr><td class=\"has-text-align-center\" data-align=\"center\"><\/td><td class=\"has-text-align-center\" data-align=\"center\"><\/td><td class=\"has-text-align-center\" data-align=\"center\"><\/td><td class=\"has-text-align-center\" data-align=\"center\">Se\u00f1ala sus juguetes y objetos favoritos cuando se le pregunta.<\/td><\/tr><\/tbody><\/table><\/figure>\n\n\n        <\/div>\n\n\n        <h3 class=\"cgb-heading\">\n            <button class=\"cgb-button\"\n                id=\"cgb-8af7a95bfb50268f85dd\"\n                aria-controls=\"cgb-8fbbe9771bb5f80cd9fc\"\n                aria-expanded=\"false\">\n                <span class=\"cgb-label\">Riesgos del ruido en la infancia<\/span>\n            <\/button>\n        <\/h3>\n        <div class=\"cgb-content \"\n            id=\"cgb-8fbbe9771bb5f80cd9fc\"\n            aria-labelledby=\"cgb-8af7a95bfb50268f85dd\"\n            role=\"region\">\n            \n\n<p>Como padre\/cuidador, es importante hacer todo lo posible para mantener sanos los o\u00eddos de su hijo. Una forma de hacerlo es controlar los niveles de ruido a los que est\u00e1 expuesto su hijo. Incluso una breve exposici\u00f3n a sonidos fuertes puede provocar una p\u00e9rdida auditiva permanente.  <\/p>\n\n\n\n<p>Si su hijo est\u00e1 expuesto a ruidos fuertes como estos, se deben usar dispositivos de protecci\u00f3n auditiva como tapones para los o\u00eddos.  <\/p>\n\n\n\n<div class=\"wp-block-group is-layout-grid wp-container-core-group-is-layout-478b6e6b wp-block-group-is-layout-grid\">\n<ul class=\"wp-block-list\">\n<li>Juguetes ruidosos<\/li>\n\n\n\n<li>Conciertos\/Eventos musicales<\/li>\n\n\n\n<li>Petardos<\/li>\n<\/ul>\n\n\n\n<ul class=\"wp-block-list wp-container-content-69bc4bdf\">\n<li>Est\u00e9reos personales<\/li>\n\n\n\n<li>Eventos Deportivos<\/li>\n\n\n\n<li>Clase de banda<\/li>\n<\/ul>\n\n\n\n<ul class=\"wp-block-list wp-container-content-69bc4bdf\">\n<li>Clase de tienda<\/li>\n\n\n\n<li>Motos<\/li>\n\n\n\n<li>Arcadas<\/li>\n<\/ul>\n\n\n\n<ul class=\"wp-block-list wp-container-content-69bc4bdf\">\n<li>Maquinaria agr\u00edcola<\/li>\n\n\n\n<li>Armas<\/li>\n\n\n\n<li style=\"margin-right:0;margin-left:0\">Fuegos artificiales<\/li>\n<\/ul>\n<\/div>\n\n\n        <\/div>\n\n\n        <h3 class=\"cgb-heading\">\n            <button class=\"cgb-button\"\n                id=\"cgb-217f4299289d9db4497e\"\n                aria-controls=\"cgb-fe7f2d0d4320b9998593\"\n                aria-expanded=\"false\">\n                <span class=\"cgb-label\">Tipos b\u00e1sicos de p\u00e9rdida auditiva<\/span>\n            <\/button>\n        <\/h3>\n        <div class=\"cgb-content \"\n            id=\"cgb-fe7f2d0d4320b9998593\"\n            aria-labelledby=\"cgb-217f4299289d9db4497e\"\n            role=\"region\">\n            \n\n<p><strong>P\u00e9rdida auditiva conductiva:<\/strong> causada por problemas en el o\u00eddo externo y\/o medio. Este tipo de p\u00e9rdida auditiva puede ser permanente o temporal. A menudo se puede corregir m\u00e9dica o quir\u00fargicamente.  <\/p>\n\n\n\n<p><strong>P\u00e9rdida auditiva neurosensorial:<\/strong> causada por problemas en la c\u00f3clea y\/o el o\u00eddo interno. Esta es una p\u00e9rdida auditiva de tipo permanente que, por lo general, no se puede corregir m\u00e9dica o quir\u00fargicamente. <\/p>\n\n\n\n<p><strong>P\u00e9rdida auditiva mixta:<\/strong> una combinaci\u00f3n de p\u00e9rdida auditiva conductiva y neurosensorial.<\/p>\n\n\n\n<p><strong>Trastorno del procesamiento auditivo central:<\/strong> una afecci\u00f3n en la que las se\u00f1ales auditivas no son procesadas por el cerebro. El ni\u00f1o puede \u00abo\u00edr\u00bb el sonido, pero no puede entender lo que se est\u00e1 escuchando. Los mecanismos perif\u00e9ricos del ni\u00f1o est\u00e1n funcionando, pero la informaci\u00f3n no llega al cerebro de una manera t\u00edpica o eficiente.  <\/p>\n\n\n        <\/div>\n\n\n        <h3 class=\"cgb-heading\">\n            <button class=\"cgb-button\"\n                id=\"cgb-a6e97ece4253bca360f5\"\n                aria-controls=\"cgb-86dd58c583c93df48a98\"\n                aria-expanded=\"false\">\n                <span class=\"cgb-label\">Causas adquiridas de la p\u00e9rdida auditiva<\/span>\n            <\/button>\n        <\/h3>\n        <div class=\"cgb-content \"\n            id=\"cgb-86dd58c583c93df48a98\"\n            aria-labelledby=\"cgb-a6e97ece4253bca360f5\"\n            role=\"region\">\n            \n\n<p class=\"is-style-default\">Hay muchas causas posibles de la p\u00e9rdida de audici\u00f3n en los ni\u00f1os. Algunas causas son cong\u00e9nitas (presentes al nacer), mientras que otras son adquiridas (la causa de la p\u00e9rdida auditiva ocurre alg\u00fan tiempo despu\u00e9s del nacimiento). La p\u00e9rdida auditiva adquirida tambi\u00e9n se conoce como p\u00e9rdida auditiva de inicio tard\u00edo (LOHL).  <\/p>\n\n\n\n<ul class=\"wp-block-list\">\n<li>Otitis media (infecciones de o\u00eddo)<\/li>\n\n\n\n<li>Acumulaci\u00f3n de l\u00edquido en el o\u00eddo medio<\/li>\n\n\n\n<li>T\u00edmpano perforado (puede ser causado por infecciones de o\u00eddo no tratadas, lesiones en la cabeza, golpes en el o\u00eddo o por pinchar algo en el o\u00eddo)<\/li>\n\n\n\n<li>Obstrucci\u00f3n en el o\u00eddo medio (generalmente causada por una acumulaci\u00f3n de cera)<\/li>\n\n\n\n<li>Enfermedades, virus, infecciones (incluyendo meningitis, sarampi\u00f3n, paperas, varicela, gripe, etc.)<\/li>\n\n\n\n<li>Ciertos f\u00e1rmacos y medicamentos<\/li>\n\n\n\n<li>Exposici\u00f3n prolongada a ruidos fuertes<\/li>\n\n\n\n<li>Traumatismo craneoencef\u00e1<\/li>\n<\/ul>\n\n\n        <\/div>\n\n\n            <\/div>\n        <\/section>\n    \n\n                <\/div>\n\n            <\/div>\n\n        <\/section>\n\n    ","protected":false},"excerpt":{"rendered":"<p>\u00bfQu\u00e9 es la intervenci\u00f3n temprana? Gu\u00eda de Intervenci\u00f3n Temprana Hay muchas causas posibles de la p\u00e9rdida de audici\u00f3n en los ni\u00f1os. Algunas causas son cong\u00e9nitas (presentes al nacer), mientras que otras son adquiridas (la causa de la p\u00e9rdida auditiva ocurre alg\u00fan tiempo despu\u00e9s del nacimiento). La p\u00e9rdida auditiva adquirida tambi\u00e9n se conoce como p\u00e9rdida auditiva&hellip;<\/p>\n","protected":false},"author":2,"featured_media":0,"parent":0,"menu_order":0,"comment_status":"closed","ping_status":"closed","template":"","meta":{"_acf_changed":false,"_monsterinsights_skip_tracking":false,"_monsterinsights_sitenote_active":false,"_monsterinsights_sitenote_note":"","_monsterinsights_sitenote_category":0,"footnotes":""},"class_list":["post-1776","page","type-page","status-publish","hentry"],"acf":[],"yoast_head":"<!-- This site is optimized with the Yoast SEO plugin v27.4 - https:\/\/yoast.com\/product\/yoast-seo-wordpress\/ -->\n<title>\u00bfQu\u00e9 es la intervenci\u00f3n temprana? - Wyoming EHDI<\/title>\n<meta name=\"robots\" content=\"index, follow, max-snippet:-1, max-image-preview:large, max-video-preview:-1\" \/>\n<link rel=\"canonical\" href=\"https:\/\/www.wyomingehdi.org\/es\/que-es-la-intervencion-temprana\/\" \/>\n<meta property=\"og:locale\" content=\"es_ES\" \/>\n<meta property=\"og:type\" content=\"article\" \/>\n<meta property=\"og:title\" content=\"\u00bfQu\u00e9 es la intervenci\u00f3n temprana? - Wyoming EHDI\" \/>\n<meta property=\"og:description\" content=\"\u00bfQu\u00e9 es la intervenci\u00f3n temprana? Gu\u00eda de Intervenci\u00f3n Temprana Hay muchas causas posibles de la p\u00e9rdida de audici\u00f3n en los ni\u00f1os. Algunas causas son cong\u00e9nitas (presentes al nacer), mientras que otras son adquiridas (la causa de la p\u00e9rdida auditiva ocurre alg\u00fan tiempo despu\u00e9s del nacimiento). La p\u00e9rdida auditiva adquirida tambi\u00e9n se conoce como p\u00e9rdida auditiva&hellip;\" \/>\n<meta property=\"og:url\" content=\"https:\/\/www.wyomingehdi.org\/es\/que-es-la-intervencion-temprana\/\" \/>\n<meta property=\"og:site_name\" content=\"Wyoming EHDI\" \/>\n<meta property=\"article:modified_time\" content=\"2025-01-14T19:02:25+00:00\" \/>\n<meta property=\"og:image\" content=\"https:\/\/www.wyomingehdi.org\/wp-content\/uploads\/2025\/01\/Mom-and-Baby-in-Class.jpg\" \/>\n\t<meta property=\"og:image:width\" content=\"800\" \/>\n\t<meta property=\"og:image:height\" content=\"533\" \/>\n\t<meta property=\"og:image:type\" content=\"image\/jpeg\" \/>\n<meta name=\"twitter:card\" content=\"summary_large_image\" \/>\n<meta name=\"twitter:label1\" content=\"Tiempo de lectura\" \/>\n\t<meta name=\"twitter:data1\" content=\"3 minutos\" \/>\n<script type=\"application\/ld+json\" class=\"yoast-schema-graph\">{\"@context\":\"https:\\\/\\\/schema.org\",\"@graph\":[{\"@type\":\"WebPage\",\"@id\":\"https:\\\/\\\/www.wyomingehdi.org\\\/es\\\/que-es-la-intervencion-temprana\\\/\",\"url\":\"https:\\\/\\\/www.wyomingehdi.org\\\/es\\\/que-es-la-intervencion-temprana\\\/\",\"name\":\"\u00bfQu\u00e9 es la intervenci\u00f3n temprana? - Wyoming EHDI\",\"isPartOf\":{\"@id\":\"https:\\\/\\\/www.wyomingehdi.org\\\/es\\\/#website\"},\"primaryImageOfPage\":{\"@id\":\"https:\\\/\\\/www.wyomingehdi.org\\\/es\\\/que-es-la-intervencion-temprana\\\/#primaryimage\"},\"image\":{\"@id\":\"https:\\\/\\\/www.wyomingehdi.org\\\/es\\\/que-es-la-intervencion-temprana\\\/#primaryimage\"},\"thumbnailUrl\":\"https:\\\/\\\/www.wyomingehdi.org\\\/wp-content\\\/uploads\\\/2025\\\/01\\\/Mom-and-Baby-in-Class.jpg\",\"datePublished\":\"2024-07-30T20:42:36+00:00\",\"dateModified\":\"2025-01-14T19:02:25+00:00\",\"breadcrumb\":{\"@id\":\"https:\\\/\\\/www.wyomingehdi.org\\\/es\\\/que-es-la-intervencion-temprana\\\/#breadcrumb\"},\"inLanguage\":\"es\",\"potentialAction\":[{\"@type\":\"ReadAction\",\"target\":[\"https:\\\/\\\/www.wyomingehdi.org\\\/es\\\/que-es-la-intervencion-temprana\\\/\"]}]},{\"@type\":\"ImageObject\",\"inLanguage\":\"es\",\"@id\":\"https:\\\/\\\/www.wyomingehdi.org\\\/es\\\/que-es-la-intervencion-temprana\\\/#primaryimage\",\"url\":\"https:\\\/\\\/www.wyomingehdi.org\\\/wp-content\\\/uploads\\\/2025\\\/01\\\/Mom-and-Baby-in-Class.jpg\",\"contentUrl\":\"https:\\\/\\\/www.wyomingehdi.org\\\/wp-content\\\/uploads\\\/2025\\\/01\\\/Mom-and-Baby-in-Class.jpg\"},{\"@type\":\"BreadcrumbList\",\"@id\":\"https:\\\/\\\/www.wyomingehdi.org\\\/es\\\/que-es-la-intervencion-temprana\\\/#breadcrumb\",\"itemListElement\":[{\"@type\":\"ListItem\",\"position\":1,\"name\":\"Home\",\"item\":\"https:\\\/\\\/www.wyomingehdi.org\\\/es\\\/\"},{\"@type\":\"ListItem\",\"position\":2,\"name\":\"\u00bfQu\u00e9 es la intervenci\u00f3n temprana?\"}]},{\"@type\":\"WebSite\",\"@id\":\"https:\\\/\\\/www.wyomingehdi.org\\\/es\\\/#website\",\"url\":\"https:\\\/\\\/www.wyomingehdi.org\\\/es\\\/\",\"name\":\"Wyoming EHDI\",\"description\":\"Wyoming Early Hearing Detection &amp; Intervention\",\"publisher\":{\"@id\":\"https:\\\/\\\/www.wyomingehdi.org\\\/es\\\/#organization\"},\"potentialAction\":[{\"@type\":\"SearchAction\",\"target\":{\"@type\":\"EntryPoint\",\"urlTemplate\":\"https:\\\/\\\/www.wyomingehdi.org\\\/es\\\/search\\\/{search_term_string}\"},\"query-input\":{\"@type\":\"PropertyValueSpecification\",\"valueRequired\":true,\"valueName\":\"search_term_string\"}}],\"inLanguage\":\"es\"},{\"@type\":\"Organization\",\"@id\":\"https:\\\/\\\/www.wyomingehdi.org\\\/es\\\/#organization\",\"name\":\"Wyoming EHDI\",\"url\":\"https:\\\/\\\/www.wyomingehdi.org\\\/es\\\/\",\"logo\":{\"@type\":\"ImageObject\",\"inLanguage\":\"es\",\"@id\":\"https:\\\/\\\/www.wyomingehdi.org\\\/es\\\/#\\\/schema\\\/logo\\\/image\\\/\",\"url\":\"https:\\\/\\\/www.wyomingehdi.org\\\/wp-content\\\/uploads\\\/2024\\\/07\\\/ehdi-wyoming-logo.svg\",\"contentUrl\":\"https:\\\/\\\/www.wyomingehdi.org\\\/wp-content\\\/uploads\\\/2024\\\/07\\\/ehdi-wyoming-logo.svg\",\"width\":241,\"height\":28,\"caption\":\"Wyoming EHDI\"},\"image\":{\"@id\":\"https:\\\/\\\/www.wyomingehdi.org\\\/es\\\/#\\\/schema\\\/logo\\\/image\\\/\"}}]}<\/script>\n<!-- \/ Yoast SEO plugin. -->","yoast_head_json":{"title":"\u00bfQu\u00e9 es la intervenci\u00f3n temprana? - Wyoming EHDI","robots":{"index":"index","follow":"follow","max-snippet":"max-snippet:-1","max-image-preview":"max-image-preview:large","max-video-preview":"max-video-preview:-1"},"canonical":"https:\/\/www.wyomingehdi.org\/es\/que-es-la-intervencion-temprana\/","og_locale":"es_ES","og_type":"article","og_title":"\u00bfQu\u00e9 es la intervenci\u00f3n temprana? - Wyoming EHDI","og_description":"\u00bfQu\u00e9 es la intervenci\u00f3n temprana? Gu\u00eda de Intervenci\u00f3n Temprana Hay muchas causas posibles de la p\u00e9rdida de audici\u00f3n en los ni\u00f1os. Algunas causas son cong\u00e9nitas (presentes al nacer), mientras que otras son adquiridas (la causa de la p\u00e9rdida auditiva ocurre alg\u00fan tiempo despu\u00e9s del nacimiento). La p\u00e9rdida auditiva adquirida tambi\u00e9n se conoce como p\u00e9rdida auditiva&hellip;","og_url":"https:\/\/www.wyomingehdi.org\/es\/que-es-la-intervencion-temprana\/","og_site_name":"Wyoming EHDI","article_modified_time":"2025-01-14T19:02:25+00:00","og_image":[{"width":800,"height":533,"url":"https:\/\/www.wyomingehdi.org\/wp-content\/uploads\/2025\/01\/Mom-and-Baby-in-Class.jpg","type":"image\/jpeg"}],"twitter_card":"summary_large_image","twitter_misc":{"Tiempo de lectura":"3 minutos"},"schema":{"@context":"https:\/\/schema.org","@graph":[{"@type":"WebPage","@id":"https:\/\/www.wyomingehdi.org\/es\/que-es-la-intervencion-temprana\/","url":"https:\/\/www.wyomingehdi.org\/es\/que-es-la-intervencion-temprana\/","name":"\u00bfQu\u00e9 es la intervenci\u00f3n temprana? - Wyoming EHDI","isPartOf":{"@id":"https:\/\/www.wyomingehdi.org\/es\/#website"},"primaryImageOfPage":{"@id":"https:\/\/www.wyomingehdi.org\/es\/que-es-la-intervencion-temprana\/#primaryimage"},"image":{"@id":"https:\/\/www.wyomingehdi.org\/es\/que-es-la-intervencion-temprana\/#primaryimage"},"thumbnailUrl":"https:\/\/www.wyomingehdi.org\/wp-content\/uploads\/2025\/01\/Mom-and-Baby-in-Class.jpg","datePublished":"2024-07-30T20:42:36+00:00","dateModified":"2025-01-14T19:02:25+00:00","breadcrumb":{"@id":"https:\/\/www.wyomingehdi.org\/es\/que-es-la-intervencion-temprana\/#breadcrumb"},"inLanguage":"es","potentialAction":[{"@type":"ReadAction","target":["https:\/\/www.wyomingehdi.org\/es\/que-es-la-intervencion-temprana\/"]}]},{"@type":"ImageObject","inLanguage":"es","@id":"https:\/\/www.wyomingehdi.org\/es\/que-es-la-intervencion-temprana\/#primaryimage","url":"https:\/\/www.wyomingehdi.org\/wp-content\/uploads\/2025\/01\/Mom-and-Baby-in-Class.jpg","contentUrl":"https:\/\/www.wyomingehdi.org\/wp-content\/uploads\/2025\/01\/Mom-and-Baby-in-Class.jpg"},{"@type":"BreadcrumbList","@id":"https:\/\/www.wyomingehdi.org\/es\/que-es-la-intervencion-temprana\/#breadcrumb","itemListElement":[{"@type":"ListItem","position":1,"name":"Home","item":"https:\/\/www.wyomingehdi.org\/es\/"},{"@type":"ListItem","position":2,"name":"\u00bfQu\u00e9 es la intervenci\u00f3n temprana?"}]},{"@type":"WebSite","@id":"https:\/\/www.wyomingehdi.org\/es\/#website","url":"https:\/\/www.wyomingehdi.org\/es\/","name":"Wyoming EHDI","description":"Wyoming Early Hearing Detection &amp; Intervention","publisher":{"@id":"https:\/\/www.wyomingehdi.org\/es\/#organization"},"potentialAction":[{"@type":"SearchAction","target":{"@type":"EntryPoint","urlTemplate":"https:\/\/www.wyomingehdi.org\/es\/search\/{search_term_string}"},"query-input":{"@type":"PropertyValueSpecification","valueRequired":true,"valueName":"search_term_string"}}],"inLanguage":"es"},{"@type":"Organization","@id":"https:\/\/www.wyomingehdi.org\/es\/#organization","name":"Wyoming EHDI","url":"https:\/\/www.wyomingehdi.org\/es\/","logo":{"@type":"ImageObject","inLanguage":"es","@id":"https:\/\/www.wyomingehdi.org\/es\/#\/schema\/logo\/image\/","url":"https:\/\/www.wyomingehdi.org\/wp-content\/uploads\/2024\/07\/ehdi-wyoming-logo.svg","contentUrl":"https:\/\/www.wyomingehdi.org\/wp-content\/uploads\/2024\/07\/ehdi-wyoming-logo.svg","width":241,"height":28,"caption":"Wyoming EHDI"},"image":{"@id":"https:\/\/www.wyomingehdi.org\/es\/#\/schema\/logo\/image\/"}}]}},"_links":{"self":[{"href":"https:\/\/www.wyomingehdi.org\/es\/wp-json\/wp\/v2\/pages\/1776","targetHints":{"allow":["GET"]}}],"collection":[{"href":"https:\/\/www.wyomingehdi.org\/es\/wp-json\/wp\/v2\/pages"}],"about":[{"href":"https:\/\/www.wyomingehdi.org\/es\/wp-json\/wp\/v2\/types\/page"}],"author":[{"embeddable":true,"href":"https:\/\/www.wyomingehdi.org\/es\/wp-json\/wp\/v2\/users\/2"}],"replies":[{"embeddable":true,"href":"https:\/\/www.wyomingehdi.org\/es\/wp-json\/wp\/v2\/comments?post=1776"}],"version-history":[{"count":0,"href":"https:\/\/www.wyomingehdi.org\/es\/wp-json\/wp\/v2\/pages\/1776\/revisions"}],"wp:attachment":[{"href":"https:\/\/www.wyomingehdi.org\/es\/wp-json\/wp\/v2\/media?parent=1776"}],"curies":[{"name":"wp","href":"https:\/\/api.w.org\/{rel}","templated":true}]}}