{"id":1778,"date":"2024-07-30T20:39:45","date_gmt":"2024-07-30T20:39:45","guid":{"rendered":"https:\/\/www.wyomingehdi.org\/recursos-para-audiologos\/"},"modified":"2025-01-02T21:03:15","modified_gmt":"2025-01-02T21:03:15","slug":"recursos-para-audiologos","status":"publish","type":"page","link":"https:\/\/www.wyomingehdi.org\/es\/recursos-para-audiologos\/","title":{"rendered":"Recursos para audi\u00f3logos"},"content":{"rendered":"        <!-- Load general styles -->\n                <style>\n            \/*\n            * Classes used by blocks to hide content at device breakpoints.\n            *\/\n            .cgb-container-hide-phone {\n                display: none;\n            }\n\n            \/* Hide on tablet *\/\n            @media (min-width: 48.875rem) {\n                .cgb-container-hide-phone {\n                    display: flex;  \/* Restore from previous display: none; *\/\n                }\n                .cgb-container-hide-tablet {\n                    display: none;\n                }\n            }\n\n            \/* Hide on desktop *\/\n            @media (min-width: 64.000rem) {\n                .cgb-container-hide-phone {\n                    display: flex;  \/* Restore from previous display: none; *\/\n                }\n                .cgb-container-hide-tablet {\n                    display: flex;  \/* Restore from previous display: none; *\/\n                }\n                .cgb-container-hide-desktop {\n                    display: none;\n                }\n            }\n        <\/style>\n    \n        <!-- Load styles specific to this block instance on our page -->\n        <style>\n            \/*\n             * Set mobile and desktop styles.\n             *\/\n            .block_f37b7c1adc17491677daaebf48f89b35 > .cgb-container-wrapper {\n                                box-sizing: border-box;\n                padding: 0 0 0;\n                margin: 0 0 0;\n                min-height: auto;\n                justify-content: flex-start;\n            }\n\n            @media (min-width: 48.875rem) {\n                .block_f37b7c1adc17491677daaebf48f89b35 > .cgb-container-wrapper {\n                    padding: 5.000rem 2.500rem 2.500rem;\n                    margin: 0 0 0;\n                    min-height: auto;\n                }\n            }\n\n            \/*\n             * Background image override if needed.\n             * If the background image size is the actual image size ('auto') and the viewport becomes\n             * wider than the image then stretch the image to always fill the viewport. Otherwise, the\n             * image will not display full width in larger viewports. The section id ensures this is\n             * specific to THIS particular block instance.\n             *\/\n            \n            \/*\n             * Set values for direct descendant container. The container may contain\n             * other containers you know.\n             *\/\n            .block_f37b7c1adc17491677daaebf48f89b35 > .cgb-container-wrapper > .cgb-container {\n                max-width: 55.000rem;\n            }\n        <\/style>\n\n        <section id=\"\"\n            class=\"cgb-container-block cgb-acf-block block_f37b7c1adc17491677daaebf48f89b35 \">\n\n            <div class=\"cgb-container-wrapper\">\n\n                <div class=\"cgb-container\">\n                                        \n\n<h1 class=\"wp-block-heading\">Recursos para audi\u00f3logos<\/h1>\n\n\n\n<figure class=\"wp-block-image size-full size-thumbnail\"><img loading=\"lazy\" decoding=\"async\" width=\"800\" height=\"533\" src=\"https:\/\/www.wyomingehdi.org\/wp-content\/uploads\/2024\/12\/Pizza-Building-Exercise.jpg\" alt=\"Ni\u00f1a sentada con un adulto y construyendo juntos una pizza falsa.\" class=\"wp-image-1629\" style=\"aspect-ratio:3\/2;object-fit:cover\" srcset=\"https:\/\/www.wyomingehdi.org\/wp-content\/uploads\/2024\/12\/Pizza-Building-Exercise.jpg 800w, https:\/\/www.wyomingehdi.org\/wp-content\/uploads\/2024\/12\/Pizza-Building-Exercise-428x285.jpg 428w, https:\/\/www.wyomingehdi.org\/wp-content\/uploads\/2024\/12\/Pizza-Building-Exercise-720x480.jpg 720w, https:\/\/www.wyomingehdi.org\/wp-content\/uploads\/2024\/12\/Pizza-Building-Exercise-576x384.jpg 576w, https:\/\/www.wyomingehdi.org\/wp-content\/uploads\/2024\/12\/Pizza-Building-Exercise-768x512.jpg 768w\" sizes=\"auto, (max-width: 800px) 100vw, 800px\" \/><\/figure>\n\n\n\n<h2 class=\"wp-block-heading\" style=\"padding-top:0;padding-right:0;padding-bottom:0;padding-left:0\">Recursos para audi\u00f3logos<\/h2>\n\n\n\n<ul class=\"wp-block-list\">\n<li><a href=\"https:\/\/www.cdc.gov\/ncbddd\/actearly\/milestones\/index.html\">Hitos del desarrollo<\/a><\/li>\n<\/ul>\n\n\n\n<ul class=\"wp-block-list\">\n<li><a href=\"https:\/\/www.wyomingehdi.org\/wp-content\/uploads\/2024\/10\/An-Example-of-the-Ability-of-the-Brain-.pdf\">Un ejemplo de la capacidad del cerebro para escuchar el habla con una p\u00e9rdida auditiva<\/a><\/li>\n<\/ul>\n\n\n\n<ul class=\"wp-block-list\">\n<li><a href=\"https:\/\/www.wyomingehdi.org\/wp-content\/uploads\/2024\/10\/Effects-of-Hearing-Loss-on-Development.pdf\">Efectos de la p\u00e9rdida auditiva en el desarrollo<\/a><\/li>\n<\/ul>\n\n\n\n<ul class=\"wp-block-list\">\n<li>Cuaderno familiar (v2017)<\/li>\n<\/ul>\n\n\n\n<ul class=\"wp-block-list\">\n<li><a href=\"https:\/\/www.wyomingehdi.org\/wp-content\/uploads\/2024\/10\/Hearing-Health-Information-1.pdf\">Folleto informativo sobre la salud auditiva<\/a><\/li>\n<\/ul>\n\n\n\n<ul class=\"wp-block-list\">\n<li><a href=\"https:\/\/www.wyomingehdi.org\/wp-content\/uploads\/2024\/10\/Pediatric-Audiometric-Diagnostic-Guidelines-2012-1.pdf\">Pautas diagn\u00f3sticas audiom\u00e9tricas pedi\u00e1tricas<\/a><\/li>\n<\/ul>\n\n\n\n<ul class=\"wp-block-list\">\n<li><a href=\"https:\/\/www.wyomingehdi.org\/wp-content\/uploads\/2024\/10\/Pervasive-Effects-of-Childhood-Hearing-Loss-1.pdf\">Efectos generalizados de la p\u00e9rdida auditiva infantil<\/a><\/li>\n<\/ul>\n\n\n\n<ul class=\"wp-block-list\">\n<li><a href=\"https:\/\/www.wyomingehdi.org\/wp-content\/uploads\/2024\/10\/Relationship-of-Hearing-Loss-to-Listening-and-Learning-Needs-2017-6.pdf\">Relaci\u00f3n de la p\u00e9rdida auditiva con las necesidades auditivas y de aprendizaje (v2017)<\/a><\/li>\n<\/ul>\n\n\n\n<ul class=\"wp-block-list\">\n<li><a href=\"https:\/\/www.wyomingehdi.org\/wp-content\/uploads\/2024\/10\/SUGGESTIONS-FOR-SPEECH-AND-LANGUAGE-DEVELOPMENT.pdf\">Sugerencias para el desarrollo del habla y el lenguaje<\/a><\/li>\n<\/ul>\n\n\n                <\/div>\n\n            <\/div>\n\n        <\/section>\n\n    ","protected":false},"excerpt":{"rendered":"<p>Recursos para audi\u00f3logos Recursos para audi\u00f3logos<\/p>\n","protected":false},"author":2,"featured_media":0,"parent":0,"menu_order":0,"comment_status":"closed","ping_status":"closed","template":"","meta":{"_acf_changed":false,"_monsterinsights_skip_tracking":false,"_monsterinsights_sitenote_active":false,"_monsterinsights_sitenote_note":"","_monsterinsights_sitenote_category":0,"footnotes":""},"class_list":["post-1778","page","type-page","status-publish","hentry"],"acf":[],"yoast_head":"<!-- This site is optimized with the Yoast SEO plugin v27.4 - https:\/\/yoast.com\/product\/yoast-seo-wordpress\/ -->\n<title>Recursos para audi\u00f3logos - Wyoming EHDI<\/title>\n<meta name=\"robots\" content=\"index, follow, max-snippet:-1, max-image-preview:large, max-video-preview:-1\" \/>\n<link rel=\"canonical\" href=\"https:\/\/www.wyomingehdi.org\/es\/recursos-para-audiologos\/\" \/>\n<meta property=\"og:locale\" content=\"es_ES\" \/>\n<meta property=\"og:type\" content=\"article\" \/>\n<meta property=\"og:title\" content=\"Recursos para audi\u00f3logos - Wyoming EHDI\" \/>\n<meta property=\"og:description\" content=\"Recursos para audi\u00f3logos Recursos para audi\u00f3logos\" \/>\n<meta property=\"og:url\" content=\"https:\/\/www.wyomingehdi.org\/es\/recursos-para-audiologos\/\" \/>\n<meta property=\"og:site_name\" content=\"Wyoming EHDI\" \/>\n<meta property=\"article:modified_time\" content=\"2025-01-02T21:03:15+00:00\" \/>\n<meta property=\"og:image\" content=\"https:\/\/www.wyomingehdi.org\/wp-content\/uploads\/2024\/12\/Pizza-Building-Exercise.jpg\" \/>\n\t<meta property=\"og:image:width\" content=\"800\" \/>\n\t<meta property=\"og:image:height\" content=\"533\" \/>\n\t<meta property=\"og:image:type\" content=\"image\/jpeg\" \/>\n<meta name=\"twitter:card\" content=\"summary_large_image\" \/>\n<meta name=\"twitter:label1\" content=\"Tiempo de lectura\" \/>\n\t<meta name=\"twitter:data1\" content=\"1 minuto\" \/>\n<script type=\"application\/ld+json\" class=\"yoast-schema-graph\">{\"@context\":\"https:\\\/\\\/schema.org\",\"@graph\":[{\"@type\":\"WebPage\",\"@id\":\"https:\\\/\\\/www.wyomingehdi.org\\\/es\\\/recursos-para-audiologos\\\/\",\"url\":\"https:\\\/\\\/www.wyomingehdi.org\\\/es\\\/recursos-para-audiologos\\\/\",\"name\":\"Recursos para audi\u00f3logos - Wyoming EHDI\",\"isPartOf\":{\"@id\":\"https:\\\/\\\/www.wyomingehdi.org\\\/es\\\/#website\"},\"primaryImageOfPage\":{\"@id\":\"https:\\\/\\\/www.wyomingehdi.org\\\/es\\\/recursos-para-audiologos\\\/#primaryimage\"},\"image\":{\"@id\":\"https:\\\/\\\/www.wyomingehdi.org\\\/es\\\/recursos-para-audiologos\\\/#primaryimage\"},\"thumbnailUrl\":\"https:\\\/\\\/www.wyomingehdi.org\\\/wp-content\\\/uploads\\\/2024\\\/12\\\/Pizza-Building-Exercise.jpg\",\"datePublished\":\"2024-07-30T20:39:45+00:00\",\"dateModified\":\"2025-01-02T21:03:15+00:00\",\"breadcrumb\":{\"@id\":\"https:\\\/\\\/www.wyomingehdi.org\\\/es\\\/recursos-para-audiologos\\\/#breadcrumb\"},\"inLanguage\":\"es\",\"potentialAction\":[{\"@type\":\"ReadAction\",\"target\":[\"https:\\\/\\\/www.wyomingehdi.org\\\/es\\\/recursos-para-audiologos\\\/\"]}]},{\"@type\":\"ImageObject\",\"inLanguage\":\"es\",\"@id\":\"https:\\\/\\\/www.wyomingehdi.org\\\/es\\\/recursos-para-audiologos\\\/#primaryimage\",\"url\":\"https:\\\/\\\/www.wyomingehdi.org\\\/wp-content\\\/uploads\\\/2024\\\/12\\\/Pizza-Building-Exercise.jpg\",\"contentUrl\":\"https:\\\/\\\/www.wyomingehdi.org\\\/wp-content\\\/uploads\\\/2024\\\/12\\\/Pizza-Building-Exercise.jpg\"},{\"@type\":\"BreadcrumbList\",\"@id\":\"https:\\\/\\\/www.wyomingehdi.org\\\/es\\\/recursos-para-audiologos\\\/#breadcrumb\",\"itemListElement\":[{\"@type\":\"ListItem\",\"position\":1,\"name\":\"Home\",\"item\":\"https:\\\/\\\/www.wyomingehdi.org\\\/es\\\/\"},{\"@type\":\"ListItem\",\"position\":2,\"name\":\"Recursos para audi\u00f3logos\"}]},{\"@type\":\"WebSite\",\"@id\":\"https:\\\/\\\/www.wyomingehdi.org\\\/es\\\/#website\",\"url\":\"https:\\\/\\\/www.wyomingehdi.org\\\/es\\\/\",\"name\":\"Wyoming EHDI\",\"description\":\"Wyoming Early Hearing Detection &amp; Intervention\",\"publisher\":{\"@id\":\"https:\\\/\\\/www.wyomingehdi.org\\\/es\\\/#organization\"},\"potentialAction\":[{\"@type\":\"SearchAction\",\"target\":{\"@type\":\"EntryPoint\",\"urlTemplate\":\"https:\\\/\\\/www.wyomingehdi.org\\\/es\\\/search\\\/{search_term_string}\"},\"query-input\":{\"@type\":\"PropertyValueSpecification\",\"valueRequired\":true,\"valueName\":\"search_term_string\"}}],\"inLanguage\":\"es\"},{\"@type\":\"Organization\",\"@id\":\"https:\\\/\\\/www.wyomingehdi.org\\\/es\\\/#organization\",\"name\":\"Wyoming EHDI\",\"url\":\"https:\\\/\\\/www.wyomingehdi.org\\\/es\\\/\",\"logo\":{\"@type\":\"ImageObject\",\"inLanguage\":\"es\",\"@id\":\"https:\\\/\\\/www.wyomingehdi.org\\\/es\\\/#\\\/schema\\\/logo\\\/image\\\/\",\"url\":\"https:\\\/\\\/www.wyomingehdi.org\\\/wp-content\\\/uploads\\\/2024\\\/07\\\/ehdi-wyoming-logo.svg\",\"contentUrl\":\"https:\\\/\\\/www.wyomingehdi.org\\\/wp-content\\\/uploads\\\/2024\\\/07\\\/ehdi-wyoming-logo.svg\",\"width\":241,\"height\":28,\"caption\":\"Wyoming EHDI\"},\"image\":{\"@id\":\"https:\\\/\\\/www.wyomingehdi.org\\\/es\\\/#\\\/schema\\\/logo\\\/image\\\/\"}}]}<\/script>\n<!-- \/ Yoast SEO plugin. -->","yoast_head_json":{"title":"Recursos para audi\u00f3logos - Wyoming EHDI","robots":{"index":"index","follow":"follow","max-snippet":"max-snippet:-1","max-image-preview":"max-image-preview:large","max-video-preview":"max-video-preview:-1"},"canonical":"https:\/\/www.wyomingehdi.org\/es\/recursos-para-audiologos\/","og_locale":"es_ES","og_type":"article","og_title":"Recursos para audi\u00f3logos - Wyoming EHDI","og_description":"Recursos para audi\u00f3logos Recursos para audi\u00f3logos","og_url":"https:\/\/www.wyomingehdi.org\/es\/recursos-para-audiologos\/","og_site_name":"Wyoming EHDI","article_modified_time":"2025-01-02T21:03:15+00:00","og_image":[{"width":800,"height":533,"url":"https:\/\/www.wyomingehdi.org\/wp-content\/uploads\/2024\/12\/Pizza-Building-Exercise.jpg","type":"image\/jpeg"}],"twitter_card":"summary_large_image","twitter_misc":{"Tiempo de lectura":"1 minuto"},"schema":{"@context":"https:\/\/schema.org","@graph":[{"@type":"WebPage","@id":"https:\/\/www.wyomingehdi.org\/es\/recursos-para-audiologos\/","url":"https:\/\/www.wyomingehdi.org\/es\/recursos-para-audiologos\/","name":"Recursos para audi\u00f3logos - Wyoming EHDI","isPartOf":{"@id":"https:\/\/www.wyomingehdi.org\/es\/#website"},"primaryImageOfPage":{"@id":"https:\/\/www.wyomingehdi.org\/es\/recursos-para-audiologos\/#primaryimage"},"image":{"@id":"https:\/\/www.wyomingehdi.org\/es\/recursos-para-audiologos\/#primaryimage"},"thumbnailUrl":"https:\/\/www.wyomingehdi.org\/wp-content\/uploads\/2024\/12\/Pizza-Building-Exercise.jpg","datePublished":"2024-07-30T20:39:45+00:00","dateModified":"2025-01-02T21:03:15+00:00","breadcrumb":{"@id":"https:\/\/www.wyomingehdi.org\/es\/recursos-para-audiologos\/#breadcrumb"},"inLanguage":"es","potentialAction":[{"@type":"ReadAction","target":["https:\/\/www.wyomingehdi.org\/es\/recursos-para-audiologos\/"]}]},{"@type":"ImageObject","inLanguage":"es","@id":"https:\/\/www.wyomingehdi.org\/es\/recursos-para-audiologos\/#primaryimage","url":"https:\/\/www.wyomingehdi.org\/wp-content\/uploads\/2024\/12\/Pizza-Building-Exercise.jpg","contentUrl":"https:\/\/www.wyomingehdi.org\/wp-content\/uploads\/2024\/12\/Pizza-Building-Exercise.jpg"},{"@type":"BreadcrumbList","@id":"https:\/\/www.wyomingehdi.org\/es\/recursos-para-audiologos\/#breadcrumb","itemListElement":[{"@type":"ListItem","position":1,"name":"Home","item":"https:\/\/www.wyomingehdi.org\/es\/"},{"@type":"ListItem","position":2,"name":"Recursos para audi\u00f3logos"}]},{"@type":"WebSite","@id":"https:\/\/www.wyomingehdi.org\/es\/#website","url":"https:\/\/www.wyomingehdi.org\/es\/","name":"Wyoming EHDI","description":"Wyoming Early Hearing Detection &amp; Intervention","publisher":{"@id":"https:\/\/www.wyomingehdi.org\/es\/#organization"},"potentialAction":[{"@type":"SearchAction","target":{"@type":"EntryPoint","urlTemplate":"https:\/\/www.wyomingehdi.org\/es\/search\/{search_term_string}"},"query-input":{"@type":"PropertyValueSpecification","valueRequired":true,"valueName":"search_term_string"}}],"inLanguage":"es"},{"@type":"Organization","@id":"https:\/\/www.wyomingehdi.org\/es\/#organization","name":"Wyoming EHDI","url":"https:\/\/www.wyomingehdi.org\/es\/","logo":{"@type":"ImageObject","inLanguage":"es","@id":"https:\/\/www.wyomingehdi.org\/es\/#\/schema\/logo\/image\/","url":"https:\/\/www.wyomingehdi.org\/wp-content\/uploads\/2024\/07\/ehdi-wyoming-logo.svg","contentUrl":"https:\/\/www.wyomingehdi.org\/wp-content\/uploads\/2024\/07\/ehdi-wyoming-logo.svg","width":241,"height":28,"caption":"Wyoming EHDI"},"image":{"@id":"https:\/\/www.wyomingehdi.org\/es\/#\/schema\/logo\/image\/"}}]}},"_links":{"self":[{"href":"https:\/\/www.wyomingehdi.org\/es\/wp-json\/wp\/v2\/pages\/1778","targetHints":{"allow":["GET"]}}],"collection":[{"href":"https:\/\/www.wyomingehdi.org\/es\/wp-json\/wp\/v2\/pages"}],"about":[{"href":"https:\/\/www.wyomingehdi.org\/es\/wp-json\/wp\/v2\/types\/page"}],"author":[{"embeddable":true,"href":"https:\/\/www.wyomingehdi.org\/es\/wp-json\/wp\/v2\/users\/2"}],"replies":[{"embeddable":true,"href":"https:\/\/www.wyomingehdi.org\/es\/wp-json\/wp\/v2\/comments?post=1778"}],"version-history":[{"count":0,"href":"https:\/\/www.wyomingehdi.org\/es\/wp-json\/wp\/v2\/pages\/1778\/revisions"}],"wp:attachment":[{"href":"https:\/\/www.wyomingehdi.org\/es\/wp-json\/wp\/v2\/media?parent=1778"}],"curies":[{"name":"wp","href":"https:\/\/api.w.org\/{rel}","templated":true}]}}