{"id":1779,"date":"2024-07-30T20:38:23","date_gmt":"2024-07-30T20:38:23","guid":{"rendered":"https:\/\/www.wyomingehdi.org\/descripcion-general-de-la-audiologia-pediatrica\/clinica-de-audiologia-cdc\/"},"modified":"2025-01-02T21:02:35","modified_gmt":"2025-01-02T21:02:35","slug":"clinica-de-audiologia-cdc","status":"publish","type":"page","link":"https:\/\/www.wyomingehdi.org\/es\/descripcion-general-de-la-audiologia-pediatrica\/clinica-de-audiologia-cdc\/","title":{"rendered":"Cl\u00ednica de audiolog\u00eda CDC+"},"content":{"rendered":"        <!-- Load general styles -->\n                <style>\n            \/*\n            * Classes used by blocks to hide content at device breakpoints.\n            *\/\n            .cgb-container-hide-phone {\n                display: none;\n            }\n\n            \/* Hide on tablet *\/\n            @media (min-width: 48.875rem) {\n                .cgb-container-hide-phone {\n                    display: flex;  \/* Restore from previous display: none; *\/\n                }\n                .cgb-container-hide-tablet {\n                    display: none;\n                }\n            }\n\n            \/* Hide on desktop *\/\n            @media (min-width: 64.000rem) {\n                .cgb-container-hide-phone {\n                    display: flex;  \/* Restore from previous display: none; *\/\n                }\n                .cgb-container-hide-tablet {\n                    display: flex;  \/* Restore from previous display: none; *\/\n                }\n                .cgb-container-hide-desktop {\n                    display: none;\n                }\n            }\n        <\/style>\n    \n        <!-- Load styles specific to this block instance on our page -->\n        <style>\n            \/*\n             * Set mobile and desktop styles.\n             *\/\n            .block_02e3a1b694ae76a5b4794b6ed03ffe61 > .cgb-container-wrapper {\n                                box-sizing: border-box;\n                padding: 0 0 0;\n                margin: 0 0 0;\n                min-height: auto;\n                justify-content: flex-start;\n            }\n\n            @media (min-width: 48.875rem) {\n                .block_02e3a1b694ae76a5b4794b6ed03ffe61 > .cgb-container-wrapper {\n                    padding: 5.000rem 2.500rem 2.500rem;\n                    margin: 0 0 0;\n                    min-height: auto;\n                }\n            }\n\n            \/*\n             * Background image override if needed.\n             * If the background image size is the actual image size ('auto') and the viewport becomes\n             * wider than the image then stretch the image to always fill the viewport. Otherwise, the\n             * image will not display full width in larger viewports. The section id ensures this is\n             * specific to THIS particular block instance.\n             *\/\n            \n            \/*\n             * Set values for direct descendant container. The container may contain\n             * other containers you know.\n             *\/\n            .block_02e3a1b694ae76a5b4794b6ed03ffe61 > .cgb-container-wrapper > .cgb-container {\n                max-width: 55.000rem;\n            }\n        <\/style>\n\n        <section id=\"\"\n            class=\"cgb-container-block cgb-acf-block block_02e3a1b694ae76a5b4794b6ed03ffe61 \">\n\n            <div class=\"cgb-container-wrapper\">\n\n                <div class=\"cgb-container\">\n                                        \n\n<h1 class=\"wp-block-heading\">Cl\u00ednica de audiolog\u00eda CDC+<\/h1>\n\n\n\n<figure class=\"wp-block-image size-full size-thumbnail\"><img loading=\"lazy\" decoding=\"async\" width=\"800\" height=\"533\" src=\"https:\/\/www.wyomingehdi.org\/wp-content\/uploads\/2024\/10\/Little-girl-having-her-hearing-screened.jpg\" alt=\"Ni\u00f1a sentada en el regazo de su madre mientras le hac\u00edan una prueba de audici\u00f3n.\" class=\"wp-image-1318\" style=\"aspect-ratio:3\/2;object-fit:cover\" srcset=\"https:\/\/www.wyomingehdi.org\/wp-content\/uploads\/2024\/10\/Little-girl-having-her-hearing-screened.jpg 800w, https:\/\/www.wyomingehdi.org\/wp-content\/uploads\/2024\/10\/Little-girl-having-her-hearing-screened-428x285.jpg 428w, https:\/\/www.wyomingehdi.org\/wp-content\/uploads\/2024\/10\/Little-girl-having-her-hearing-screened-720x480.jpg 720w, https:\/\/www.wyomingehdi.org\/wp-content\/uploads\/2024\/10\/Little-girl-having-her-hearing-screened-576x384.jpg 576w, https:\/\/www.wyomingehdi.org\/wp-content\/uploads\/2024\/10\/Little-girl-having-her-hearing-screened-768x512.jpg 768w\" sizes=\"auto, (max-width: 800px) 100vw, 800px\" \/><\/figure>\n\n\n\n<h2 class=\"wp-block-heading\" style=\"padding-top:0;padding-right:0;padding-bottom:0;padding-left:0\">Asociaci\u00f3n EHDI de Wyoming<\/h2>\n\n\n\n<p>El Programa EHDI de Wyoming se ha asociado con el Centro de Desarrollo Infantil (CDC) en Casper, Wyoming, para ampliar la disponibilidad de evaluaciones y manejo de la audici\u00f3n apropiados para la edad en Wyoming para reci\u00e9n nacidos, beb\u00e9s, ni\u00f1os peque\u00f1os y preescolares, as\u00ed como para ni\u00f1os en edad escolar de hasta 21 a\u00f1os.<\/p>\n\n\n\n<p>No dude en ponerse en contacto con el Programa EHDI de Wyoming si tiene preguntas o inquietudes sobre la salud auditiva de su hijo. Puede llamar a nuestra oficina (307-721-6212) o enviarnos un correo electr\u00f3nico a <a href=\"mailto:info@wyomingehdi.org\">info@wyomingehdi.org<\/a>.<\/p>\n\n\n\n<h2 class=\"wp-block-heading\">Servicios disponibles a trav\u00e9s de la Cl\u00ednica de Audiolog\u00eda CDC+<\/h2>\n\n\n\n<p>Los siguientes servicios est\u00e1n disponibles del Dr. Kalley Ellis, AuD, CCC-A en la Cl\u00ednica de Audiolog\u00eda CDC+:<\/p>\n\n\n\n<p>\u2013 Completar evaluaciones auditivas apropiadas para la edad, que incluyen:<\/p>\n\n\n\n<ul class=\"wp-block-list\">\n<li>Respuesta auditiva del tronco encef\u00e1lico (ABR; clic, tono, aire y hueso)<\/li>\n\n\n\n<li>Respuesta auditiva de estado estacionario (ASSR)<\/li>\n\n\n\n<li>Emisiones otoac\u00fasticas (OAE)<\/li>\n\n\n\n<li>Timpanometr\u00eda (incluyendo tonos de sonda de alta frecuencia y reflejos ac\u00fasticos)<\/li>\n\n\n\n<li>Audiometr\u00eda de refuerzo visual (VRA)<\/li>\n<\/ul>\n\n\n\n<p>\u2013 Programaci\u00f3n flexible con una duraci\u00f3n adecuada de las citas para completar las pruebas necesarias<\/p>\n\n\n\n<p>\u2013 Adaptaci\u00f3n y manejo de aud\u00edfonos (incluidos los moldes)<\/p>\n\n\n\n<p>\u2013 Apoyo imparcial de familia a familia antes, durante y despu\u00e9s de las citas (<a href=\"https:\/\/www.wyhandsandvoices.org\/\">Wyoming Families for Hands &amp; Voices<\/a>)<\/p>\n\n\n\n<p>\u2013 Derivaci\u00f3n a proveedores apropiados para la edad (p. ej., intervenci\u00f3n temprana, otorrinolaring\u00f3logo), recursos educativos para las familias y asistencia para navegar por el sistema de atenci\u00f3n de Wyoming<\/p>\n\n\n\n<p>\u2013 Financiaci\u00f3n de dispositivos de asistencia auditiva a trav\u00e9s del Fondo de Aud\u00edfonos para Ni\u00f1os de Wyoming (<a href=\"https:\/\/www.wyhandsandvoices.org\/wychap-program\">WYCHAP)<\/a><\/p>\n\n\n\n<p>\u2013 Sistemas FM personales y de aula<\/p>\n\n\n\n<h2 class=\"wp-block-heading\">Programe una cita en la cl\u00ednica de audiolog\u00eda CDC+<\/h2>\n\n\n\n<p>Para programar una cita en la Cl\u00ednica de Audiolog\u00eda de CDC+, llame al (307) 237-4477 o visite <a href=\"https:\/\/www.cdccasper.org\/audiology\">CDC+ Audiology<\/a> en l\u00ednea.<\/p>\n\n\n\n<p>La cl\u00ednica est\u00e1 ubicada en Child Development Center, 2020 E 12th St, Casper, WY 82601 (<a href=\"https:\/\/www.cdccasper.org\/\">https:\/\/www.cdccasper.org<\/a>).<\/p>\n\n\n\n<h2 class=\"wp-block-heading\">Asociaciones<\/h2>\n\n\n\n<p>La asociaci\u00f3n del Programa EHDI de Wyoming con los CDC es posible, en parte, gracias a una subvenci\u00f3n federal de la Administraci\u00f3n de Recursos y Servicios de Salud\/Oficina de Salud Materno-Infantil.<\/p>\n\n\n\n<figure class=\"wp-block-image size-full is-resized\"><img loading=\"lazy\" decoding=\"async\" width=\"290\" height=\"86\" src=\"https:\/\/www.wyomingehdi.org\/wp-content\/uploads\/2024\/12\/HRSA-Logo.webp\" alt=\"Logotipo de salud materno-infantil de la HRSA\" class=\"wp-image-1664\" style=\"width:155px;height:auto\"\/><\/figure>\n\n\n\n<h3 class=\"wp-block-heading\">Cl\u00ednica de afiliados<\/h3>\n\n\n\n<p>El Programa EHDI de Wyoming trabaja en estrecha colaboraci\u00f3n con la Cl\u00ednica del Habla y la Audici\u00f3n de la Universidad de Wyoming en Laramie, Wyoming. Los reci\u00e9n nacidos, beb\u00e9s, ni\u00f1os peque\u00f1os y ni\u00f1os en edad preescolar (as\u00ed como los ni\u00f1os mayores) recibir\u00e1n una evaluaci\u00f3n y un tratamiento auditivo apropiados para su edad a trav\u00e9s de esta cl\u00ednica. Haga clic en el enlace a continuaci\u00f3n para visitar el sitio web de la Cl\u00ednica del Habla y la Audici\u00f3n.<\/p>\n\n\n\n<p><a href=\"http:\/\/www.uwyo.edu\/comdis\/uw-speech-and-hearing-clinic\/index.html\">Cl\u00ednica del Habla y la Audici\u00f3n de la Universidad de Wyoming<\/a><\/p>\n\n\n                <\/div>\n\n            <\/div>\n\n        <\/section>\n\n    ","protected":false},"excerpt":{"rendered":"<p>Cl\u00ednica de audiolog\u00eda CDC+ Asociaci\u00f3n EHDI de Wyoming El Programa EHDI de Wyoming se ha asociado con el Centro de Desarrollo Infantil (CDC) en Casper, Wyoming, para ampliar la disponibilidad de evaluaciones y manejo de la audici\u00f3n apropiados para la edad en Wyoming para reci\u00e9n nacidos, beb\u00e9s, ni\u00f1os peque\u00f1os y preescolares, as\u00ed como para ni\u00f1os&hellip;<\/p>\n","protected":false},"author":2,"featured_media":0,"parent":1774,"menu_order":0,"comment_status":"closed","ping_status":"closed","template":"","meta":{"_acf_changed":false,"_monsterinsights_skip_tracking":false,"_monsterinsights_sitenote_active":false,"_monsterinsights_sitenote_note":"","_monsterinsights_sitenote_category":0,"footnotes":""},"class_list":["post-1779","page","type-page","status-publish","hentry"],"acf":[],"yoast_head":"<!-- This site is optimized with the Yoast SEO plugin v27.4 - https:\/\/yoast.com\/product\/yoast-seo-wordpress\/ -->\n<title>Cl\u00ednica de audiolog\u00eda CDC+ - Wyoming EHDI<\/title>\n<meta name=\"robots\" content=\"index, follow, max-snippet:-1, max-image-preview:large, max-video-preview:-1\" \/>\n<link rel=\"canonical\" href=\"https:\/\/www.wyomingehdi.org\/es\/descripcion-general-de-la-audiologia-pediatrica\/clinica-de-audiologia-cdc\/\" \/>\n<meta property=\"og:locale\" content=\"es_ES\" \/>\n<meta property=\"og:type\" content=\"article\" \/>\n<meta property=\"og:title\" content=\"Cl\u00ednica de audiolog\u00eda CDC+ - Wyoming EHDI\" \/>\n<meta property=\"og:description\" content=\"Cl\u00ednica de audiolog\u00eda CDC+ Asociaci\u00f3n EHDI de Wyoming El Programa EHDI de Wyoming se ha asociado con el Centro de Desarrollo Infantil (CDC) en Casper, Wyoming, para ampliar la disponibilidad de evaluaciones y manejo de la audici\u00f3n apropiados para la edad en Wyoming para reci\u00e9n nacidos, beb\u00e9s, ni\u00f1os peque\u00f1os y preescolares, as\u00ed como para ni\u00f1os&hellip;\" \/>\n<meta property=\"og:url\" content=\"https:\/\/www.wyomingehdi.org\/es\/descripcion-general-de-la-audiologia-pediatrica\/clinica-de-audiologia-cdc\/\" \/>\n<meta property=\"og:site_name\" content=\"Wyoming EHDI\" \/>\n<meta property=\"article:modified_time\" content=\"2025-01-02T21:02:35+00:00\" \/>\n<meta property=\"og:image\" content=\"https:\/\/www.wyomingehdi.org\/wp-content\/uploads\/2024\/10\/Little-girl-having-her-hearing-screened.jpg\" \/>\n\t<meta property=\"og:image:width\" content=\"800\" \/>\n\t<meta property=\"og:image:height\" content=\"533\" \/>\n\t<meta property=\"og:image:type\" content=\"image\/jpeg\" \/>\n<meta name=\"twitter:card\" content=\"summary_large_image\" \/>\n<meta name=\"twitter:label1\" content=\"Tiempo de lectura\" \/>\n\t<meta name=\"twitter:data1\" content=\"3 minutos\" \/>\n<script type=\"application\/ld+json\" class=\"yoast-schema-graph\">{\"@context\":\"https:\\\/\\\/schema.org\",\"@graph\":[{\"@type\":\"WebPage\",\"@id\":\"https:\\\/\\\/www.wyomingehdi.org\\\/es\\\/descripcion-general-de-la-audiologia-pediatrica\\\/clinica-de-audiologia-cdc\\\/\",\"url\":\"https:\\\/\\\/www.wyomingehdi.org\\\/es\\\/descripcion-general-de-la-audiologia-pediatrica\\\/clinica-de-audiologia-cdc\\\/\",\"name\":\"Cl\u00ednica de audiolog\u00eda CDC+ - Wyoming EHDI\",\"isPartOf\":{\"@id\":\"https:\\\/\\\/www.wyomingehdi.org\\\/es\\\/#website\"},\"primaryImageOfPage\":{\"@id\":\"https:\\\/\\\/www.wyomingehdi.org\\\/es\\\/descripcion-general-de-la-audiologia-pediatrica\\\/clinica-de-audiologia-cdc\\\/#primaryimage\"},\"image\":{\"@id\":\"https:\\\/\\\/www.wyomingehdi.org\\\/es\\\/descripcion-general-de-la-audiologia-pediatrica\\\/clinica-de-audiologia-cdc\\\/#primaryimage\"},\"thumbnailUrl\":\"https:\\\/\\\/www.wyomingehdi.org\\\/wp-content\\\/uploads\\\/2024\\\/10\\\/Little-girl-having-her-hearing-screened.jpg\",\"datePublished\":\"2024-07-30T20:38:23+00:00\",\"dateModified\":\"2025-01-02T21:02:35+00:00\",\"breadcrumb\":{\"@id\":\"https:\\\/\\\/www.wyomingehdi.org\\\/es\\\/descripcion-general-de-la-audiologia-pediatrica\\\/clinica-de-audiologia-cdc\\\/#breadcrumb\"},\"inLanguage\":\"es\",\"potentialAction\":[{\"@type\":\"ReadAction\",\"target\":[\"https:\\\/\\\/www.wyomingehdi.org\\\/es\\\/descripcion-general-de-la-audiologia-pediatrica\\\/clinica-de-audiologia-cdc\\\/\"]}]},{\"@type\":\"ImageObject\",\"inLanguage\":\"es\",\"@id\":\"https:\\\/\\\/www.wyomingehdi.org\\\/es\\\/descripcion-general-de-la-audiologia-pediatrica\\\/clinica-de-audiologia-cdc\\\/#primaryimage\",\"url\":\"https:\\\/\\\/www.wyomingehdi.org\\\/wp-content\\\/uploads\\\/2024\\\/10\\\/Little-girl-having-her-hearing-screened.jpg\",\"contentUrl\":\"https:\\\/\\\/www.wyomingehdi.org\\\/wp-content\\\/uploads\\\/2024\\\/10\\\/Little-girl-having-her-hearing-screened.jpg\"},{\"@type\":\"BreadcrumbList\",\"@id\":\"https:\\\/\\\/www.wyomingehdi.org\\\/es\\\/descripcion-general-de-la-audiologia-pediatrica\\\/clinica-de-audiologia-cdc\\\/#breadcrumb\",\"itemListElement\":[{\"@type\":\"ListItem\",\"position\":1,\"name\":\"Home\",\"item\":\"https:\\\/\\\/www.wyomingehdi.org\\\/es\\\/\"},{\"@type\":\"ListItem\",\"position\":2,\"name\":\"Descripci\u00f3n general de la audiolog\u00eda pedi\u00e1trica\",\"item\":\"https:\\\/\\\/www.wyomingehdi.org\\\/es\\\/descripcion-general-de-la-audiologia-pediatrica\\\/\"},{\"@type\":\"ListItem\",\"position\":3,\"name\":\"Cl\u00ednica de audiolog\u00eda CDC+\"}]},{\"@type\":\"WebSite\",\"@id\":\"https:\\\/\\\/www.wyomingehdi.org\\\/es\\\/#website\",\"url\":\"https:\\\/\\\/www.wyomingehdi.org\\\/es\\\/\",\"name\":\"Wyoming EHDI\",\"description\":\"Wyoming Early Hearing Detection &amp; Intervention\",\"publisher\":{\"@id\":\"https:\\\/\\\/www.wyomingehdi.org\\\/es\\\/#organization\"},\"potentialAction\":[{\"@type\":\"SearchAction\",\"target\":{\"@type\":\"EntryPoint\",\"urlTemplate\":\"https:\\\/\\\/www.wyomingehdi.org\\\/es\\\/search\\\/{search_term_string}\"},\"query-input\":{\"@type\":\"PropertyValueSpecification\",\"valueRequired\":true,\"valueName\":\"search_term_string\"}}],\"inLanguage\":\"es\"},{\"@type\":\"Organization\",\"@id\":\"https:\\\/\\\/www.wyomingehdi.org\\\/es\\\/#organization\",\"name\":\"Wyoming EHDI\",\"url\":\"https:\\\/\\\/www.wyomingehdi.org\\\/es\\\/\",\"logo\":{\"@type\":\"ImageObject\",\"inLanguage\":\"es\",\"@id\":\"https:\\\/\\\/www.wyomingehdi.org\\\/es\\\/#\\\/schema\\\/logo\\\/image\\\/\",\"url\":\"https:\\\/\\\/www.wyomingehdi.org\\\/wp-content\\\/uploads\\\/2024\\\/07\\\/ehdi-wyoming-logo.svg\",\"contentUrl\":\"https:\\\/\\\/www.wyomingehdi.org\\\/wp-content\\\/uploads\\\/2024\\\/07\\\/ehdi-wyoming-logo.svg\",\"width\":241,\"height\":28,\"caption\":\"Wyoming EHDI\"},\"image\":{\"@id\":\"https:\\\/\\\/www.wyomingehdi.org\\\/es\\\/#\\\/schema\\\/logo\\\/image\\\/\"}}]}<\/script>\n<!-- \/ Yoast SEO plugin. -->","yoast_head_json":{"title":"Cl\u00ednica de audiolog\u00eda CDC+ - Wyoming EHDI","robots":{"index":"index","follow":"follow","max-snippet":"max-snippet:-1","max-image-preview":"max-image-preview:large","max-video-preview":"max-video-preview:-1"},"canonical":"https:\/\/www.wyomingehdi.org\/es\/descripcion-general-de-la-audiologia-pediatrica\/clinica-de-audiologia-cdc\/","og_locale":"es_ES","og_type":"article","og_title":"Cl\u00ednica de audiolog\u00eda CDC+ - Wyoming EHDI","og_description":"Cl\u00ednica de audiolog\u00eda CDC+ Asociaci\u00f3n EHDI de Wyoming El Programa EHDI de Wyoming se ha asociado con el Centro de Desarrollo Infantil (CDC) en Casper, Wyoming, para ampliar la disponibilidad de evaluaciones y manejo de la audici\u00f3n apropiados para la edad en Wyoming para reci\u00e9n nacidos, beb\u00e9s, ni\u00f1os peque\u00f1os y preescolares, as\u00ed como para ni\u00f1os&hellip;","og_url":"https:\/\/www.wyomingehdi.org\/es\/descripcion-general-de-la-audiologia-pediatrica\/clinica-de-audiologia-cdc\/","og_site_name":"Wyoming EHDI","article_modified_time":"2025-01-02T21:02:35+00:00","og_image":[{"width":800,"height":533,"url":"https:\/\/www.wyomingehdi.org\/wp-content\/uploads\/2024\/10\/Little-girl-having-her-hearing-screened.jpg","type":"image\/jpeg"}],"twitter_card":"summary_large_image","twitter_misc":{"Tiempo de lectura":"3 minutos"},"schema":{"@context":"https:\/\/schema.org","@graph":[{"@type":"WebPage","@id":"https:\/\/www.wyomingehdi.org\/es\/descripcion-general-de-la-audiologia-pediatrica\/clinica-de-audiologia-cdc\/","url":"https:\/\/www.wyomingehdi.org\/es\/descripcion-general-de-la-audiologia-pediatrica\/clinica-de-audiologia-cdc\/","name":"Cl\u00ednica de audiolog\u00eda CDC+ - Wyoming EHDI","isPartOf":{"@id":"https:\/\/www.wyomingehdi.org\/es\/#website"},"primaryImageOfPage":{"@id":"https:\/\/www.wyomingehdi.org\/es\/descripcion-general-de-la-audiologia-pediatrica\/clinica-de-audiologia-cdc\/#primaryimage"},"image":{"@id":"https:\/\/www.wyomingehdi.org\/es\/descripcion-general-de-la-audiologia-pediatrica\/clinica-de-audiologia-cdc\/#primaryimage"},"thumbnailUrl":"https:\/\/www.wyomingehdi.org\/wp-content\/uploads\/2024\/10\/Little-girl-having-her-hearing-screened.jpg","datePublished":"2024-07-30T20:38:23+00:00","dateModified":"2025-01-02T21:02:35+00:00","breadcrumb":{"@id":"https:\/\/www.wyomingehdi.org\/es\/descripcion-general-de-la-audiologia-pediatrica\/clinica-de-audiologia-cdc\/#breadcrumb"},"inLanguage":"es","potentialAction":[{"@type":"ReadAction","target":["https:\/\/www.wyomingehdi.org\/es\/descripcion-general-de-la-audiologia-pediatrica\/clinica-de-audiologia-cdc\/"]}]},{"@type":"ImageObject","inLanguage":"es","@id":"https:\/\/www.wyomingehdi.org\/es\/descripcion-general-de-la-audiologia-pediatrica\/clinica-de-audiologia-cdc\/#primaryimage","url":"https:\/\/www.wyomingehdi.org\/wp-content\/uploads\/2024\/10\/Little-girl-having-her-hearing-screened.jpg","contentUrl":"https:\/\/www.wyomingehdi.org\/wp-content\/uploads\/2024\/10\/Little-girl-having-her-hearing-screened.jpg"},{"@type":"BreadcrumbList","@id":"https:\/\/www.wyomingehdi.org\/es\/descripcion-general-de-la-audiologia-pediatrica\/clinica-de-audiologia-cdc\/#breadcrumb","itemListElement":[{"@type":"ListItem","position":1,"name":"Home","item":"https:\/\/www.wyomingehdi.org\/es\/"},{"@type":"ListItem","position":2,"name":"Descripci\u00f3n general de la audiolog\u00eda pedi\u00e1trica","item":"https:\/\/www.wyomingehdi.org\/es\/descripcion-general-de-la-audiologia-pediatrica\/"},{"@type":"ListItem","position":3,"name":"Cl\u00ednica de audiolog\u00eda CDC+"}]},{"@type":"WebSite","@id":"https:\/\/www.wyomingehdi.org\/es\/#website","url":"https:\/\/www.wyomingehdi.org\/es\/","name":"Wyoming EHDI","description":"Wyoming Early Hearing Detection &amp; Intervention","publisher":{"@id":"https:\/\/www.wyomingehdi.org\/es\/#organization"},"potentialAction":[{"@type":"SearchAction","target":{"@type":"EntryPoint","urlTemplate":"https:\/\/www.wyomingehdi.org\/es\/search\/{search_term_string}"},"query-input":{"@type":"PropertyValueSpecification","valueRequired":true,"valueName":"search_term_string"}}],"inLanguage":"es"},{"@type":"Organization","@id":"https:\/\/www.wyomingehdi.org\/es\/#organization","name":"Wyoming EHDI","url":"https:\/\/www.wyomingehdi.org\/es\/","logo":{"@type":"ImageObject","inLanguage":"es","@id":"https:\/\/www.wyomingehdi.org\/es\/#\/schema\/logo\/image\/","url":"https:\/\/www.wyomingehdi.org\/wp-content\/uploads\/2024\/07\/ehdi-wyoming-logo.svg","contentUrl":"https:\/\/www.wyomingehdi.org\/wp-content\/uploads\/2024\/07\/ehdi-wyoming-logo.svg","width":241,"height":28,"caption":"Wyoming EHDI"},"image":{"@id":"https:\/\/www.wyomingehdi.org\/es\/#\/schema\/logo\/image\/"}}]}},"_links":{"self":[{"href":"https:\/\/www.wyomingehdi.org\/es\/wp-json\/wp\/v2\/pages\/1779","targetHints":{"allow":["GET"]}}],"collection":[{"href":"https:\/\/www.wyomingehdi.org\/es\/wp-json\/wp\/v2\/pages"}],"about":[{"href":"https:\/\/www.wyomingehdi.org\/es\/wp-json\/wp\/v2\/types\/page"}],"author":[{"embeddable":true,"href":"https:\/\/www.wyomingehdi.org\/es\/wp-json\/wp\/v2\/users\/2"}],"replies":[{"embeddable":true,"href":"https:\/\/www.wyomingehdi.org\/es\/wp-json\/wp\/v2\/comments?post=1779"}],"version-history":[{"count":0,"href":"https:\/\/www.wyomingehdi.org\/es\/wp-json\/wp\/v2\/pages\/1779\/revisions"}],"up":[{"embeddable":true,"href":"https:\/\/www.wyomingehdi.org\/es\/wp-json\/wp\/v2\/pages\/1774"}],"wp:attachment":[{"href":"https:\/\/www.wyomingehdi.org\/es\/wp-json\/wp\/v2\/media?parent=1779"}],"curies":[{"name":"wp","href":"https:\/\/api.w.org\/{rel}","templated":true}]}}