{"id":1780,"date":"2024-07-30T16:24:45","date_gmt":"2024-07-30T16:24:45","guid":{"rendered":"https:\/\/www.wyomingehdi.org\/iniciativa-de-intervencion-temprana-de-wyoming-weii\/"},"modified":"2025-01-14T19:01:19","modified_gmt":"2025-01-14T19:01:19","slug":"iniciativa-de-intervencion-temprana-de-wyoming-weii","status":"publish","type":"page","link":"https:\/\/www.wyomingehdi.org\/es\/iniciativa-de-intervencion-temprana-de-wyoming-weii\/","title":{"rendered":"Iniciativa de Intervenci\u00f3n Temprana de Wyoming (WEII)"},"content":{"rendered":"        <!-- Load general styles -->\n                <style>\n            \/*\n            * Classes used by blocks to hide content at device breakpoints.\n            *\/\n            .cgb-container-hide-phone {\n                display: none;\n            }\n\n            \/* Hide on tablet *\/\n            @media (min-width: 48.875rem) {\n                .cgb-container-hide-phone {\n                    display: flex;  \/* Restore from previous display: none; *\/\n                }\n                .cgb-container-hide-tablet {\n                    display: none;\n                }\n            }\n\n            \/* Hide on desktop *\/\n            @media (min-width: 64.000rem) {\n                .cgb-container-hide-phone {\n                    display: flex;  \/* Restore from previous display: none; *\/\n                }\n                .cgb-container-hide-tablet {\n                    display: flex;  \/* Restore from previous display: none; *\/\n                }\n                .cgb-container-hide-desktop {\n                    display: none;\n                }\n            }\n        <\/style>\n    \n        <!-- Load styles specific to this block instance on our page -->\n        <style>\n            \/*\n             * Set mobile and desktop styles.\n             *\/\n            .block_945e10746a7d81a7467ad4924290ebbd > .cgb-container-wrapper {\n                                box-sizing: border-box;\n                padding: 0 0 0;\n                margin: 0 0 0;\n                min-height: auto;\n                justify-content: flex-start;\n            }\n\n            @media (min-width: 48.875rem) {\n                .block_945e10746a7d81a7467ad4924290ebbd > .cgb-container-wrapper {\n                    padding: 5.000rem 2.500rem 2.500rem;\n                    margin: 0 0 0;\n                    min-height: auto;\n                }\n            }\n\n            \/*\n             * Background image override if needed.\n             * If the background image size is the actual image size ('auto') and the viewport becomes\n             * wider than the image then stretch the image to always fill the viewport. Otherwise, the\n             * image will not display full width in larger viewports. The section id ensures this is\n             * specific to THIS particular block instance.\n             *\/\n            \n            \/*\n             * Set values for direct descendant container. The container may contain\n             * other containers you know.\n             *\/\n            .block_945e10746a7d81a7467ad4924290ebbd > .cgb-container-wrapper > .cgb-container {\n                max-width: 55.000rem;\n            }\n        <\/style>\n\n        <section id=\"\"\n            class=\"cgb-container-block cgb-acf-block block_945e10746a7d81a7467ad4924290ebbd \">\n\n            <div class=\"cgb-container-wrapper\">\n\n                <div class=\"cgb-container\">\n                                        \n\n<h1 class=\"wp-block-heading\">Iniciativa de Intervenci\u00f3n Temprana de Wyoming (WEII)  <\/h1>\n\n\n\n<figure class=\"wp-block-image aligncenter size-full is-resized size-thumbnail\"><img loading=\"lazy\" decoding=\"async\" width=\"500\" height=\"500\" src=\"https:\/\/www.wyomingehdi.org\/wp-content\/uploads\/2024\/10\/WEII-Logo-v2022-1.jpg\" alt=\"Un boceto a l\u00e1piz de una monta\u00f1a con el texto &quot;Together WEII Can Do It&quot; arqueado sobre la parte superior. A continuaci\u00f3n se muestra el texto &quot;Iniciativa de Intervenci\u00f3n Temprana de Wyoming - Para Familias con Ni\u00f1os Sordos o con Dificultades Auditivas (D\/HH)&quot;\" class=\"wp-image-1506\" style=\"aspect-ratio:1.5;object-fit:cover;width:734px;height:auto\" srcset=\"https:\/\/www.wyomingehdi.org\/wp-content\/uploads\/2024\/10\/WEII-Logo-v2022-1.jpg 500w, https:\/\/www.wyomingehdi.org\/wp-content\/uploads\/2024\/10\/WEII-Logo-v2022-1-428x428.jpg 428w\" sizes=\"auto, (max-width: 500px) 100vw, 500px\" \/><\/figure>\n\n\n\n<h2 class=\"wp-block-heading\" style=\"padding-top:0;padding-right:0;padding-bottom:0;padding-left:0\">Iniciativa de Intervenci\u00f3n Temprana de Wyoming (WEII) para Familias con Ni\u00f1os Sordos o con Dificultades Auditivas (D\/HH)<\/h2>\n\n\n\n<p><a href=\"https:\/\/www.wyhandsandvoices.org\/weiiplusprogram\">Programa WEII Plus<\/a> &#8211; WEII Plus es un programa de intervenci\u00f3n temprana en todo el estado para familias de Wyoming que tienen un hijo sordo\/con problemas de audici\u00f3n, desde el nacimiento hasta los 2 a\u00f1os de edad.<\/p>\n\n\n\n<p>El WEII comenz\u00f3 en 2020 como un esfuerzo de colaboraci\u00f3n entre las partes interesadas en Wyoming para aumentar la capacidad del estado para brindar servicios de intervenci\u00f3n temprana de calidad para las familias y sus hijos que son D\/HH desde el nacimiento hasta el jard\u00edn de infantes.<\/p>\n\n\n\n<p>A continuaci\u00f3n se presentan algunos de los recursos desarrollados por la Iniciativa de Intervenci\u00f3n Temprana de Wyoming (WEII) para familias con ni\u00f1os sordos o con dificultades auditivas (D\/HH).<\/p>\n\n\n        <section id=\"\"\n            class=\"cgb-accordion-block cgb-acf-block block_e9699e11cc3dafd49442b438bed4a3cc  cgb-icono-intercalaci\u00f3n\">\n            <div class=\"cgb-accordion\">\n                \n        <h3 class=\"cgb-heading\">\n            <button class=\"cgb-button\"\n                id=\"cgb-7b6b0cc5f3d792bd1d6a\"\n                aria-controls=\"cgb-9b0d930538085858cb66\"\n                aria-expanded=\"false\">\n                <span class=\"cgb-label\">Recursos Familiares WEII+<\/span>\n            <\/button>\n        <\/h3>\n        <div class=\"cgb-content \"\n            id=\"cgb-9b0d930538085858cb66\"\n            aria-labelledby=\"cgb-7b6b0cc5f3d792bd1d6a\"\n            role=\"region\">\n            \n\n<p><a href=\"https:\/\/www.wyomingehdi.org\/wp-content\/uploads\/2025\/01\/What-is-Early-Intervention.pdf\">\u00bfQu\u00e9 es la intervenci\u00f3n temprana?<\/a><\/p>\n\n\n\n<p><a href=\"https:\/\/www.wyomingehdi.org\/wp-content\/uploads\/2024\/10\/Quick-Start-Guide-Practical-Strategies-for-Families-of-Infants-who-are-Deaf_Hard-of-Hearing.pdf\">Gu\u00eda de inicio r\u00e1pido &#8211; Estrategias pr\u00e1cticas para familias de beb\u00e9s sordos\/con dificultades auditivas (D\/HH)  <\/a><\/p>\n\n\n\n<p><a href=\"https:\/\/www.wyomingehdi.org\/wp-content\/uploads\/2024\/10\/A-Life-Saver-From-One-Parent-to-Another.pdf\">Lo que desear\u00eda haber sabido cuando a mi hijo le diagnosticaron p\u00e9rdida auditiva: un salvavidas de un padre a otro<\/a><\/p>\n\n\n\n<p><a href=\"https:\/\/www.wyomingehdi.org\/wp-content\/uploads\/2024\/10\/Tips-for-Preparing-for-Your-InfantsToddlers-Individualized-Family-Service-Plan-IFSP-Meeting.pdf\">Consejos para prepararse para la reuni\u00f3n del Plan de Servicio Familiar Individualizado (IFSP, por sus siglas en ingl\u00e9s) para beb\u00e9s y ni\u00f1os peque\u00f1os<\/a><\/p>\n\n\n\n<p><a href=\"https:\/\/www.wyomingehdi.org\/wp-content\/uploads\/2024\/10\/Individual-Family-Service-Plan-IFSP-Tips-Brochure.pdf\">Folleto de Consejos del Plan de Servicio Familiar Individual (IFSP)<\/a><\/p>\n\n\n\n<p><a href=\"https:\/\/www.wyomingehdi.org\/wp-content\/uploads\/2025\/01\/WEII-Plus-Family-Resource-Manual_CompiledVersion6.7.22.pdf\">Manual de Recursos Familiares de WEII Plus<\/a><\/p>\n\n\n\n<div style=\"height:29px\" aria-hidden=\"true\" class=\"wp-block-spacer\"><\/div>\n\n\n        <\/div>\n\n\n        <h3 class=\"cgb-heading\">\n            <button class=\"cgb-button\"\n                id=\"cgb-c501a90ad50e6b195368\"\n                aria-controls=\"cgb-bb7311cf9f4f2fb27cc5\"\n                aria-expanded=\"false\">\n                <span class=\"cgb-label\">Videos Informativos de Earmold<\/span>\n            <\/button>\n        <\/h3>\n        <div class=\"cgb-content \"\n            id=\"cgb-bb7311cf9f4f2fb27cc5\"\n            aria-labelledby=\"cgb-c501a90ad50e6b195368\"\n            role=\"region\">\n            \n\n<p><a href=\"https:\/\/vimeo.com\/994182095\">C\u00f3mo saber cu\u00e1ndo su hijo necesita un nuevo moldeo<\/a><\/p>\n\n\n\n<p><a href=\"https:\/\/vimeo.com\/994182973\">Retroalimentaci\u00f3n de la tecnolog\u00eda auditiva<\/a><\/p>\n\n\n\n<p><a href=\"https:\/\/www.youtube.com\/watch?v=IA8t2ICr_YE&amp;t=3s\">C\u00f3mo insertar y quitar un moldeador<\/a><\/p>\n\n\n\n<p><a href=\"https:\/\/www.youtube.com\/watch?v=PztRryjFQDY\">Recorte de moldes<\/a><\/p>\n\n\n\n<p><a href=\"https:\/\/www.youtube.com\/watch?v=sqDF7knx89Y\">Impresi\u00f3n de Earmold<\/a><\/p>\n\n\n        <\/div>\n\n\n            <\/div>\n        <\/section>\n    \n\n                <\/div>\n\n            <\/div>\n\n        <\/section>\n\n    ","protected":false},"excerpt":{"rendered":"<p>Iniciativa de Intervenci\u00f3n Temprana de Wyoming (WEII) Iniciativa de Intervenci\u00f3n Temprana de Wyoming (WEII) para Familias con Ni\u00f1os Sordos o con Dificultades Auditivas (D\/HH) Programa WEII Plus &#8211; WEII Plus es un programa de intervenci\u00f3n temprana en todo el estado para familias de Wyoming que tienen un hijo sordo\/con problemas de audici\u00f3n, desde el nacimiento&hellip;<\/p>\n","protected":false},"author":2,"featured_media":0,"parent":0,"menu_order":0,"comment_status":"closed","ping_status":"closed","template":"","meta":{"_acf_changed":false,"_monsterinsights_skip_tracking":false,"_monsterinsights_sitenote_active":false,"_monsterinsights_sitenote_note":"","_monsterinsights_sitenote_category":0,"footnotes":""},"class_list":["post-1780","page","type-page","status-publish","hentry"],"acf":[],"yoast_head":"<!-- This site is optimized with the Yoast SEO plugin v27.4 - https:\/\/yoast.com\/product\/yoast-seo-wordpress\/ -->\n<title>Iniciativa de Intervenci\u00f3n Temprana de Wyoming (WEII) - Wyoming EHDI<\/title>\n<meta name=\"robots\" content=\"index, follow, max-snippet:-1, max-image-preview:large, max-video-preview:-1\" \/>\n<link rel=\"canonical\" href=\"https:\/\/www.wyomingehdi.org\/es\/iniciativa-de-intervencion-temprana-de-wyoming-weii\/\" \/>\n<meta property=\"og:locale\" content=\"es_ES\" \/>\n<meta property=\"og:type\" content=\"article\" \/>\n<meta property=\"og:title\" content=\"Iniciativa de Intervenci\u00f3n Temprana de Wyoming (WEII) - Wyoming EHDI\" \/>\n<meta property=\"og:description\" content=\"Iniciativa de Intervenci\u00f3n Temprana de Wyoming (WEII) Iniciativa de Intervenci\u00f3n Temprana de Wyoming (WEII) para Familias con Ni\u00f1os Sordos o con Dificultades Auditivas (D\/HH) Programa WEII Plus &#8211; WEII Plus es un programa de intervenci\u00f3n temprana en todo el estado para familias de Wyoming que tienen un hijo sordo\/con problemas de audici\u00f3n, desde el nacimiento&hellip;\" \/>\n<meta property=\"og:url\" content=\"https:\/\/www.wyomingehdi.org\/es\/iniciativa-de-intervencion-temprana-de-wyoming-weii\/\" \/>\n<meta property=\"og:site_name\" content=\"Wyoming EHDI\" \/>\n<meta property=\"article:modified_time\" content=\"2025-01-14T19:01:19+00:00\" \/>\n<meta property=\"og:image\" content=\"https:\/\/www.wyomingehdi.org\/wp-content\/uploads\/2024\/10\/WEII-Logo-v2022-1.jpg\" \/>\n\t<meta property=\"og:image:width\" content=\"500\" \/>\n\t<meta property=\"og:image:height\" content=\"500\" \/>\n\t<meta property=\"og:image:type\" content=\"image\/jpeg\" \/>\n<meta name=\"twitter:card\" content=\"summary_large_image\" \/>\n<meta name=\"twitter:label1\" content=\"Tiempo de lectura\" \/>\n\t<meta name=\"twitter:data1\" content=\"2 minutos\" \/>\n<script type=\"application\/ld+json\" class=\"yoast-schema-graph\">{\"@context\":\"https:\\\/\\\/schema.org\",\"@graph\":[{\"@type\":\"WebPage\",\"@id\":\"https:\\\/\\\/www.wyomingehdi.org\\\/es\\\/iniciativa-de-intervencion-temprana-de-wyoming-weii\\\/\",\"url\":\"https:\\\/\\\/www.wyomingehdi.org\\\/es\\\/iniciativa-de-intervencion-temprana-de-wyoming-weii\\\/\",\"name\":\"Iniciativa de Intervenci\u00f3n Temprana de Wyoming (WEII) - Wyoming EHDI\",\"isPartOf\":{\"@id\":\"https:\\\/\\\/www.wyomingehdi.org\\\/es\\\/#website\"},\"primaryImageOfPage\":{\"@id\":\"https:\\\/\\\/www.wyomingehdi.org\\\/es\\\/iniciativa-de-intervencion-temprana-de-wyoming-weii\\\/#primaryimage\"},\"image\":{\"@id\":\"https:\\\/\\\/www.wyomingehdi.org\\\/es\\\/iniciativa-de-intervencion-temprana-de-wyoming-weii\\\/#primaryimage\"},\"thumbnailUrl\":\"https:\\\/\\\/www.wyomingehdi.org\\\/wp-content\\\/uploads\\\/2024\\\/10\\\/WEII-Logo-v2022-1.jpg\",\"datePublished\":\"2024-07-30T16:24:45+00:00\",\"dateModified\":\"2025-01-14T19:01:19+00:00\",\"breadcrumb\":{\"@id\":\"https:\\\/\\\/www.wyomingehdi.org\\\/es\\\/iniciativa-de-intervencion-temprana-de-wyoming-weii\\\/#breadcrumb\"},\"inLanguage\":\"es\",\"potentialAction\":[{\"@type\":\"ReadAction\",\"target\":[\"https:\\\/\\\/www.wyomingehdi.org\\\/es\\\/iniciativa-de-intervencion-temprana-de-wyoming-weii\\\/\"]}]},{\"@type\":\"ImageObject\",\"inLanguage\":\"es\",\"@id\":\"https:\\\/\\\/www.wyomingehdi.org\\\/es\\\/iniciativa-de-intervencion-temprana-de-wyoming-weii\\\/#primaryimage\",\"url\":\"https:\\\/\\\/www.wyomingehdi.org\\\/wp-content\\\/uploads\\\/2024\\\/10\\\/WEII-Logo-v2022-1.jpg\",\"contentUrl\":\"https:\\\/\\\/www.wyomingehdi.org\\\/wp-content\\\/uploads\\\/2024\\\/10\\\/WEII-Logo-v2022-1.jpg\"},{\"@type\":\"BreadcrumbList\",\"@id\":\"https:\\\/\\\/www.wyomingehdi.org\\\/es\\\/iniciativa-de-intervencion-temprana-de-wyoming-weii\\\/#breadcrumb\",\"itemListElement\":[{\"@type\":\"ListItem\",\"position\":1,\"name\":\"Home\",\"item\":\"https:\\\/\\\/www.wyomingehdi.org\\\/es\\\/\"},{\"@type\":\"ListItem\",\"position\":2,\"name\":\"Iniciativa de Intervenci\u00f3n Temprana de Wyoming (WEII)\"}]},{\"@type\":\"WebSite\",\"@id\":\"https:\\\/\\\/www.wyomingehdi.org\\\/es\\\/#website\",\"url\":\"https:\\\/\\\/www.wyomingehdi.org\\\/es\\\/\",\"name\":\"Wyoming EHDI\",\"description\":\"Wyoming Early Hearing Detection &amp; Intervention\",\"publisher\":{\"@id\":\"https:\\\/\\\/www.wyomingehdi.org\\\/es\\\/#organization\"},\"potentialAction\":[{\"@type\":\"SearchAction\",\"target\":{\"@type\":\"EntryPoint\",\"urlTemplate\":\"https:\\\/\\\/www.wyomingehdi.org\\\/es\\\/search\\\/{search_term_string}\"},\"query-input\":{\"@type\":\"PropertyValueSpecification\",\"valueRequired\":true,\"valueName\":\"search_term_string\"}}],\"inLanguage\":\"es\"},{\"@type\":\"Organization\",\"@id\":\"https:\\\/\\\/www.wyomingehdi.org\\\/es\\\/#organization\",\"name\":\"Wyoming EHDI\",\"url\":\"https:\\\/\\\/www.wyomingehdi.org\\\/es\\\/\",\"logo\":{\"@type\":\"ImageObject\",\"inLanguage\":\"es\",\"@id\":\"https:\\\/\\\/www.wyomingehdi.org\\\/es\\\/#\\\/schema\\\/logo\\\/image\\\/\",\"url\":\"https:\\\/\\\/www.wyomingehdi.org\\\/wp-content\\\/uploads\\\/2024\\\/07\\\/ehdi-wyoming-logo.svg\",\"contentUrl\":\"https:\\\/\\\/www.wyomingehdi.org\\\/wp-content\\\/uploads\\\/2024\\\/07\\\/ehdi-wyoming-logo.svg\",\"width\":241,\"height\":28,\"caption\":\"Wyoming EHDI\"},\"image\":{\"@id\":\"https:\\\/\\\/www.wyomingehdi.org\\\/es\\\/#\\\/schema\\\/logo\\\/image\\\/\"}}]}<\/script>\n<!-- \/ Yoast SEO plugin. -->","yoast_head_json":{"title":"Iniciativa de Intervenci\u00f3n Temprana de Wyoming (WEII) - Wyoming EHDI","robots":{"index":"index","follow":"follow","max-snippet":"max-snippet:-1","max-image-preview":"max-image-preview:large","max-video-preview":"max-video-preview:-1"},"canonical":"https:\/\/www.wyomingehdi.org\/es\/iniciativa-de-intervencion-temprana-de-wyoming-weii\/","og_locale":"es_ES","og_type":"article","og_title":"Iniciativa de Intervenci\u00f3n Temprana de Wyoming (WEII) - Wyoming EHDI","og_description":"Iniciativa de Intervenci\u00f3n Temprana de Wyoming (WEII) Iniciativa de Intervenci\u00f3n Temprana de Wyoming (WEII) para Familias con Ni\u00f1os Sordos o con Dificultades Auditivas (D\/HH) Programa WEII Plus &#8211; WEII Plus es un programa de intervenci\u00f3n temprana en todo el estado para familias de Wyoming que tienen un hijo sordo\/con problemas de audici\u00f3n, desde el nacimiento&hellip;","og_url":"https:\/\/www.wyomingehdi.org\/es\/iniciativa-de-intervencion-temprana-de-wyoming-weii\/","og_site_name":"Wyoming EHDI","article_modified_time":"2025-01-14T19:01:19+00:00","og_image":[{"width":500,"height":500,"url":"https:\/\/www.wyomingehdi.org\/wp-content\/uploads\/2024\/10\/WEII-Logo-v2022-1.jpg","type":"image\/jpeg"}],"twitter_card":"summary_large_image","twitter_misc":{"Tiempo de lectura":"2 minutos"},"schema":{"@context":"https:\/\/schema.org","@graph":[{"@type":"WebPage","@id":"https:\/\/www.wyomingehdi.org\/es\/iniciativa-de-intervencion-temprana-de-wyoming-weii\/","url":"https:\/\/www.wyomingehdi.org\/es\/iniciativa-de-intervencion-temprana-de-wyoming-weii\/","name":"Iniciativa de Intervenci\u00f3n Temprana de Wyoming (WEII) - Wyoming EHDI","isPartOf":{"@id":"https:\/\/www.wyomingehdi.org\/es\/#website"},"primaryImageOfPage":{"@id":"https:\/\/www.wyomingehdi.org\/es\/iniciativa-de-intervencion-temprana-de-wyoming-weii\/#primaryimage"},"image":{"@id":"https:\/\/www.wyomingehdi.org\/es\/iniciativa-de-intervencion-temprana-de-wyoming-weii\/#primaryimage"},"thumbnailUrl":"https:\/\/www.wyomingehdi.org\/wp-content\/uploads\/2024\/10\/WEII-Logo-v2022-1.jpg","datePublished":"2024-07-30T16:24:45+00:00","dateModified":"2025-01-14T19:01:19+00:00","breadcrumb":{"@id":"https:\/\/www.wyomingehdi.org\/es\/iniciativa-de-intervencion-temprana-de-wyoming-weii\/#breadcrumb"},"inLanguage":"es","potentialAction":[{"@type":"ReadAction","target":["https:\/\/www.wyomingehdi.org\/es\/iniciativa-de-intervencion-temprana-de-wyoming-weii\/"]}]},{"@type":"ImageObject","inLanguage":"es","@id":"https:\/\/www.wyomingehdi.org\/es\/iniciativa-de-intervencion-temprana-de-wyoming-weii\/#primaryimage","url":"https:\/\/www.wyomingehdi.org\/wp-content\/uploads\/2024\/10\/WEII-Logo-v2022-1.jpg","contentUrl":"https:\/\/www.wyomingehdi.org\/wp-content\/uploads\/2024\/10\/WEII-Logo-v2022-1.jpg"},{"@type":"BreadcrumbList","@id":"https:\/\/www.wyomingehdi.org\/es\/iniciativa-de-intervencion-temprana-de-wyoming-weii\/#breadcrumb","itemListElement":[{"@type":"ListItem","position":1,"name":"Home","item":"https:\/\/www.wyomingehdi.org\/es\/"},{"@type":"ListItem","position":2,"name":"Iniciativa de Intervenci\u00f3n Temprana de Wyoming (WEII)"}]},{"@type":"WebSite","@id":"https:\/\/www.wyomingehdi.org\/es\/#website","url":"https:\/\/www.wyomingehdi.org\/es\/","name":"Wyoming EHDI","description":"Wyoming Early Hearing Detection &amp; Intervention","publisher":{"@id":"https:\/\/www.wyomingehdi.org\/es\/#organization"},"potentialAction":[{"@type":"SearchAction","target":{"@type":"EntryPoint","urlTemplate":"https:\/\/www.wyomingehdi.org\/es\/search\/{search_term_string}"},"query-input":{"@type":"PropertyValueSpecification","valueRequired":true,"valueName":"search_term_string"}}],"inLanguage":"es"},{"@type":"Organization","@id":"https:\/\/www.wyomingehdi.org\/es\/#organization","name":"Wyoming EHDI","url":"https:\/\/www.wyomingehdi.org\/es\/","logo":{"@type":"ImageObject","inLanguage":"es","@id":"https:\/\/www.wyomingehdi.org\/es\/#\/schema\/logo\/image\/","url":"https:\/\/www.wyomingehdi.org\/wp-content\/uploads\/2024\/07\/ehdi-wyoming-logo.svg","contentUrl":"https:\/\/www.wyomingehdi.org\/wp-content\/uploads\/2024\/07\/ehdi-wyoming-logo.svg","width":241,"height":28,"caption":"Wyoming EHDI"},"image":{"@id":"https:\/\/www.wyomingehdi.org\/es\/#\/schema\/logo\/image\/"}}]}},"_links":{"self":[{"href":"https:\/\/www.wyomingehdi.org\/es\/wp-json\/wp\/v2\/pages\/1780","targetHints":{"allow":["GET"]}}],"collection":[{"href":"https:\/\/www.wyomingehdi.org\/es\/wp-json\/wp\/v2\/pages"}],"about":[{"href":"https:\/\/www.wyomingehdi.org\/es\/wp-json\/wp\/v2\/types\/page"}],"author":[{"embeddable":true,"href":"https:\/\/www.wyomingehdi.org\/es\/wp-json\/wp\/v2\/users\/2"}],"replies":[{"embeddable":true,"href":"https:\/\/www.wyomingehdi.org\/es\/wp-json\/wp\/v2\/comments?post=1780"}],"version-history":[{"count":0,"href":"https:\/\/www.wyomingehdi.org\/es\/wp-json\/wp\/v2\/pages\/1780\/revisions"}],"wp:attachment":[{"href":"https:\/\/www.wyomingehdi.org\/es\/wp-json\/wp\/v2\/media?parent=1780"}],"curies":[{"name":"wp","href":"https:\/\/api.w.org\/{rel}","templated":true}]}}