{"id":1783,"date":"2024-06-08T04:42:08","date_gmt":"2024-06-08T04:42:08","guid":{"rendered":"https:\/\/www.wyomingehdi.org\/accesibilidad\/"},"modified":"2025-01-10T16:18:40","modified_gmt":"2025-01-10T16:18:40","slug":"accesibilidad","status":"publish","type":"page","link":"https:\/\/www.wyomingehdi.org\/es\/accesibilidad\/","title":{"rendered":"Accesibilidad"},"content":{"rendered":"        <!-- Load general styles -->\n                <style>\n            \/*\n            * Classes used by blocks to hide content at device breakpoints.\n            *\/\n            .cgb-container-hide-phone {\n                display: none;\n            }\n\n            \/* Hide on tablet *\/\n            @media (min-width: 48.875rem) {\n                .cgb-container-hide-phone {\n                    display: flex;  \/* Restore from previous display: none; *\/\n                }\n                .cgb-container-hide-tablet {\n                    display: none;\n                }\n            }\n\n            \/* Hide on desktop *\/\n            @media (min-width: 64.000rem) {\n                .cgb-container-hide-phone {\n                    display: flex;  \/* Restore from previous display: none; *\/\n                }\n                .cgb-container-hide-tablet {\n                    display: flex;  \/* Restore from previous display: none; *\/\n                }\n                .cgb-container-hide-desktop {\n                    display: none;\n                }\n            }\n        <\/style>\n    \n        <!-- Load styles specific to this block instance on our page -->\n        <style>\n            \/*\n             * Set mobile and desktop styles.\n             *\/\n            .block_78acfcd0383a49be024f3887a498152d > .cgb-container-wrapper {\n                                box-sizing: border-box;\n                padding: 0 0 0;\n                margin: 0 0 0;\n                min-height: auto;\n                justify-content: flex-start;\n            }\n\n            @media (min-width: 48.875rem) {\n                .block_78acfcd0383a49be024f3887a498152d > .cgb-container-wrapper {\n                    padding: 5.000rem 3.750rem 5.000rem;\n                    margin: 0 0 0;\n                    min-height: auto;\n                }\n            }\n\n            \/*\n             * Background image override if needed.\n             * If the background image size is the actual image size ('auto') and the viewport becomes\n             * wider than the image then stretch the image to always fill the viewport. Otherwise, the\n             * image will not display full width in larger viewports. The section id ensures this is\n             * specific to THIS particular block instance.\n             *\/\n            \n            \/*\n             * Set values for direct descendant container. The container may contain\n             * other containers you know.\n             *\/\n            .block_78acfcd0383a49be024f3887a498152d > .cgb-container-wrapper > .cgb-container {\n                max-width: 55.000rem;\n            }\n        <\/style>\n\n        <section id=\"\"\n            class=\"cgb-container-block cgb-acf-block block_78acfcd0383a49be024f3887a498152d \">\n\n            <div class=\"cgb-container-wrapper\">\n\n                <div class=\"cgb-container\">\n                                        \n\n<h2 class=\"wp-block-heading\">Accesibilidad<\/h2>\n\n\n\n<p>Actualizado: Enero de 2025<\/p>\n\n\n\n<p>El Programa de Detecci\u00f3n e Intervenci\u00f3n Temprana de la Audici\u00f3n (EHDI, por sus siglas en ingl\u00e9s) de Wyoming est\u00e1 comprometido con la accesibilidad. Es nuestra pol\u00edtica garantizar que todas las personas, incluidas las personas con discapacidades, tengan acceso completo e igualitario a este sitio web y a los recursos\/informaci\u00f3n publicados en \u00e9l. <\/p>\n\n\n\n<p>El Programa EHDI de Wyoming se esfuerza por cumplir con el Nivel AA de las Pautas de Accesibilidad al Contenido Web (WCAG) 2.2 y PDF\/Accesibilidad Universal (PDF\/UA) para garantizar que nuestras ofertas digitales cumplan con la Ley de Estadounidenses con Discapacidades (ADA) y las Secciones 504 y 508 de la Ley de Rehabilitaci\u00f3n.<\/p>\n\n\n\n<p>Estas son algunas de las medidas que el Programa EHDI de Wyoming ha tomado para cumplir con estas pautas:<\/p>\n\n\n\n<ul class=\"wp-block-list\">\n<li>Se asigna texto alternativo descriptivo a cada imagen significativa en nuestro sitio web;<\/li>\n\n\n\n<li>Nuestro sitio web es navegable sin rat\u00f3n, solo con el teclado, y utilizamos un indicador de enfoque para resaltar los elementos interactivos de nuestro sitio web;<\/li>\n\n\n\n<li>Proporcionamos subt\u00edtulos en todos los videos;<\/li>\n\n\n\n<li>Nos aseguramos de que todo el contraste de color del texto al fondo cumpla con una relaci\u00f3n de 4,5:1;<\/li>\n\n\n\n<li>Estamos trabajando para que los PDF alojados en nuestro sitio cumplan con los est\u00e1ndares m\u00ednimos de PDF\/UA;<\/li>\n\n\n\n<li>Incluimos un enlace de omisi\u00f3n de navegaci\u00f3n en todas las p\u00e1ginas de nuestro sitio web y mantenemos un dise\u00f1o coherente y predecible en todo nuestro sitio web; y<\/li>\n\n\n\n<li>M\u00e1s all\u00e1 de nuestras medidas correctivas existentes, revisamos continuamente nuestro sitio web para asegurarnos de que nos adherimos a las mejores pr\u00e1cticas en accesibilidad web.<\/li>\n<\/ul>\n\n\n\n<p>El Programa EHDI de Wyoming est\u00e1 comprometido con la accesibilidad. Si tiene alguna idea de c\u00f3mo podemos mejorarlo en este sitio web, env\u00edenos un correo electr\u00f3nico a info@wyomingehdi.org. <\/p>\n\n\n                <\/div>\n\n            <\/div>\n\n        <\/section>\n\n    ","protected":false},"excerpt":{"rendered":"<p>Accesibilidad Actualizado: Enero de 2025 El Programa de Detecci\u00f3n e Intervenci\u00f3n Temprana de la Audici\u00f3n (EHDI, por sus siglas en ingl\u00e9s) de Wyoming est\u00e1 comprometido con la accesibilidad. Es nuestra pol\u00edtica garantizar que todas las personas, incluidas las personas con discapacidades, tengan acceso completo e igualitario a este sitio web y a los recursos\/informaci\u00f3n publicados&hellip;<\/p>\n","protected":false},"author":2,"featured_media":0,"parent":0,"menu_order":0,"comment_status":"open","ping_status":"open","template":"","meta":{"_acf_changed":false,"_monsterinsights_skip_tracking":false,"_monsterinsights_sitenote_active":false,"_monsterinsights_sitenote_note":"","_monsterinsights_sitenote_category":0,"footnotes":""},"class_list":["post-1783","page","type-page","status-publish","hentry"],"acf":[],"yoast_head":"<!-- This site is optimized with the Yoast SEO plugin v27.4 - https:\/\/yoast.com\/product\/yoast-seo-wordpress\/ -->\n<title>Accesibilidad - Wyoming EHDI<\/title>\n<meta name=\"robots\" content=\"index, follow, max-snippet:-1, max-image-preview:large, max-video-preview:-1\" \/>\n<link rel=\"canonical\" href=\"https:\/\/www.wyomingehdi.org\/es\/accesibilidad\/\" \/>\n<meta property=\"og:locale\" content=\"es_ES\" \/>\n<meta property=\"og:type\" content=\"article\" \/>\n<meta property=\"og:title\" content=\"Accesibilidad - Wyoming EHDI\" \/>\n<meta property=\"og:description\" content=\"Accesibilidad Actualizado: Enero de 2025 El Programa de Detecci\u00f3n e Intervenci\u00f3n Temprana de la Audici\u00f3n (EHDI, por sus siglas en ingl\u00e9s) de Wyoming est\u00e1 comprometido con la accesibilidad. Es nuestra pol\u00edtica garantizar que todas las personas, incluidas las personas con discapacidades, tengan acceso completo e igualitario a este sitio web y a los recursos\/informaci\u00f3n publicados&hellip;\" \/>\n<meta property=\"og:url\" content=\"https:\/\/www.wyomingehdi.org\/es\/accesibilidad\/\" \/>\n<meta property=\"og:site_name\" content=\"Wyoming EHDI\" \/>\n<meta property=\"article:modified_time\" content=\"2025-01-10T16:18:40+00:00\" \/>\n<meta name=\"twitter:card\" content=\"summary_large_image\" \/>\n<meta name=\"twitter:label1\" content=\"Tiempo de lectura\" \/>\n\t<meta name=\"twitter:data1\" content=\"2 minutos\" \/>\n<script type=\"application\/ld+json\" class=\"yoast-schema-graph\">{\"@context\":\"https:\\\/\\\/schema.org\",\"@graph\":[{\"@type\":\"WebPage\",\"@id\":\"https:\\\/\\\/www.wyomingehdi.org\\\/es\\\/accesibilidad\\\/\",\"url\":\"https:\\\/\\\/www.wyomingehdi.org\\\/es\\\/accesibilidad\\\/\",\"name\":\"Accesibilidad - Wyoming EHDI\",\"isPartOf\":{\"@id\":\"https:\\\/\\\/www.wyomingehdi.org\\\/es\\\/#website\"},\"datePublished\":\"2024-06-08T04:42:08+00:00\",\"dateModified\":\"2025-01-10T16:18:40+00:00\",\"breadcrumb\":{\"@id\":\"https:\\\/\\\/www.wyomingehdi.org\\\/es\\\/accesibilidad\\\/#breadcrumb\"},\"inLanguage\":\"es\",\"potentialAction\":[{\"@type\":\"ReadAction\",\"target\":[\"https:\\\/\\\/www.wyomingehdi.org\\\/es\\\/accesibilidad\\\/\"]}]},{\"@type\":\"BreadcrumbList\",\"@id\":\"https:\\\/\\\/www.wyomingehdi.org\\\/es\\\/accesibilidad\\\/#breadcrumb\",\"itemListElement\":[{\"@type\":\"ListItem\",\"position\":1,\"name\":\"Home\",\"item\":\"https:\\\/\\\/www.wyomingehdi.org\\\/es\\\/\"},{\"@type\":\"ListItem\",\"position\":2,\"name\":\"Accesibilidad\"}]},{\"@type\":\"WebSite\",\"@id\":\"https:\\\/\\\/www.wyomingehdi.org\\\/es\\\/#website\",\"url\":\"https:\\\/\\\/www.wyomingehdi.org\\\/es\\\/\",\"name\":\"Wyoming EHDI\",\"description\":\"Wyoming Early Hearing Detection &amp; Intervention\",\"publisher\":{\"@id\":\"https:\\\/\\\/www.wyomingehdi.org\\\/es\\\/#organization\"},\"potentialAction\":[{\"@type\":\"SearchAction\",\"target\":{\"@type\":\"EntryPoint\",\"urlTemplate\":\"https:\\\/\\\/www.wyomingehdi.org\\\/es\\\/search\\\/{search_term_string}\"},\"query-input\":{\"@type\":\"PropertyValueSpecification\",\"valueRequired\":true,\"valueName\":\"search_term_string\"}}],\"inLanguage\":\"es\"},{\"@type\":\"Organization\",\"@id\":\"https:\\\/\\\/www.wyomingehdi.org\\\/es\\\/#organization\",\"name\":\"Wyoming EHDI\",\"url\":\"https:\\\/\\\/www.wyomingehdi.org\\\/es\\\/\",\"logo\":{\"@type\":\"ImageObject\",\"inLanguage\":\"es\",\"@id\":\"https:\\\/\\\/www.wyomingehdi.org\\\/es\\\/#\\\/schema\\\/logo\\\/image\\\/\",\"url\":\"https:\\\/\\\/www.wyomingehdi.org\\\/wp-content\\\/uploads\\\/2024\\\/07\\\/ehdi-wyoming-logo.svg\",\"contentUrl\":\"https:\\\/\\\/www.wyomingehdi.org\\\/wp-content\\\/uploads\\\/2024\\\/07\\\/ehdi-wyoming-logo.svg\",\"width\":241,\"height\":28,\"caption\":\"Wyoming EHDI\"},\"image\":{\"@id\":\"https:\\\/\\\/www.wyomingehdi.org\\\/es\\\/#\\\/schema\\\/logo\\\/image\\\/\"}}]}<\/script>\n<!-- \/ Yoast SEO plugin. -->","yoast_head_json":{"title":"Accesibilidad - Wyoming EHDI","robots":{"index":"index","follow":"follow","max-snippet":"max-snippet:-1","max-image-preview":"max-image-preview:large","max-video-preview":"max-video-preview:-1"},"canonical":"https:\/\/www.wyomingehdi.org\/es\/accesibilidad\/","og_locale":"es_ES","og_type":"article","og_title":"Accesibilidad - Wyoming EHDI","og_description":"Accesibilidad Actualizado: Enero de 2025 El Programa de Detecci\u00f3n e Intervenci\u00f3n Temprana de la Audici\u00f3n (EHDI, por sus siglas en ingl\u00e9s) de Wyoming est\u00e1 comprometido con la accesibilidad. Es nuestra pol\u00edtica garantizar que todas las personas, incluidas las personas con discapacidades, tengan acceso completo e igualitario a este sitio web y a los recursos\/informaci\u00f3n publicados&hellip;","og_url":"https:\/\/www.wyomingehdi.org\/es\/accesibilidad\/","og_site_name":"Wyoming EHDI","article_modified_time":"2025-01-10T16:18:40+00:00","twitter_card":"summary_large_image","twitter_misc":{"Tiempo de lectura":"2 minutos"},"schema":{"@context":"https:\/\/schema.org","@graph":[{"@type":"WebPage","@id":"https:\/\/www.wyomingehdi.org\/es\/accesibilidad\/","url":"https:\/\/www.wyomingehdi.org\/es\/accesibilidad\/","name":"Accesibilidad - Wyoming EHDI","isPartOf":{"@id":"https:\/\/www.wyomingehdi.org\/es\/#website"},"datePublished":"2024-06-08T04:42:08+00:00","dateModified":"2025-01-10T16:18:40+00:00","breadcrumb":{"@id":"https:\/\/www.wyomingehdi.org\/es\/accesibilidad\/#breadcrumb"},"inLanguage":"es","potentialAction":[{"@type":"ReadAction","target":["https:\/\/www.wyomingehdi.org\/es\/accesibilidad\/"]}]},{"@type":"BreadcrumbList","@id":"https:\/\/www.wyomingehdi.org\/es\/accesibilidad\/#breadcrumb","itemListElement":[{"@type":"ListItem","position":1,"name":"Home","item":"https:\/\/www.wyomingehdi.org\/es\/"},{"@type":"ListItem","position":2,"name":"Accesibilidad"}]},{"@type":"WebSite","@id":"https:\/\/www.wyomingehdi.org\/es\/#website","url":"https:\/\/www.wyomingehdi.org\/es\/","name":"Wyoming EHDI","description":"Wyoming Early Hearing Detection &amp; Intervention","publisher":{"@id":"https:\/\/www.wyomingehdi.org\/es\/#organization"},"potentialAction":[{"@type":"SearchAction","target":{"@type":"EntryPoint","urlTemplate":"https:\/\/www.wyomingehdi.org\/es\/search\/{search_term_string}"},"query-input":{"@type":"PropertyValueSpecification","valueRequired":true,"valueName":"search_term_string"}}],"inLanguage":"es"},{"@type":"Organization","@id":"https:\/\/www.wyomingehdi.org\/es\/#organization","name":"Wyoming EHDI","url":"https:\/\/www.wyomingehdi.org\/es\/","logo":{"@type":"ImageObject","inLanguage":"es","@id":"https:\/\/www.wyomingehdi.org\/es\/#\/schema\/logo\/image\/","url":"https:\/\/www.wyomingehdi.org\/wp-content\/uploads\/2024\/07\/ehdi-wyoming-logo.svg","contentUrl":"https:\/\/www.wyomingehdi.org\/wp-content\/uploads\/2024\/07\/ehdi-wyoming-logo.svg","width":241,"height":28,"caption":"Wyoming EHDI"},"image":{"@id":"https:\/\/www.wyomingehdi.org\/es\/#\/schema\/logo\/image\/"}}]}},"_links":{"self":[{"href":"https:\/\/www.wyomingehdi.org\/es\/wp-json\/wp\/v2\/pages\/1783","targetHints":{"allow":["GET"]}}],"collection":[{"href":"https:\/\/www.wyomingehdi.org\/es\/wp-json\/wp\/v2\/pages"}],"about":[{"href":"https:\/\/www.wyomingehdi.org\/es\/wp-json\/wp\/v2\/types\/page"}],"author":[{"embeddable":true,"href":"https:\/\/www.wyomingehdi.org\/es\/wp-json\/wp\/v2\/users\/2"}],"replies":[{"embeddable":true,"href":"https:\/\/www.wyomingehdi.org\/es\/wp-json\/wp\/v2\/comments?post=1783"}],"version-history":[{"count":0,"href":"https:\/\/www.wyomingehdi.org\/es\/wp-json\/wp\/v2\/pages\/1783\/revisions"}],"wp:attachment":[{"href":"https:\/\/www.wyomingehdi.org\/es\/wp-json\/wp\/v2\/media?parent=1783"}],"curies":[{"name":"wp","href":"https:\/\/api.w.org\/{rel}","templated":true}]}}